{"id":25979,"date":"2023-06-19T20:05:13","date_gmt":"2023-06-19T20:05:13","guid":{"rendered":"https:\/\/jamesbaroud.com\/waste-bag\/"},"modified":"2025-08-06T14:43:44","modified_gmt":"2025-08-06T14:43:44","slug":"waste-bag","status":"publish","type":"product","link":"https:\/\/jamesbaroud.com\/de\/zubehoer\/waste-bag\/","title":{"rendered":"Waste Bag"},"content":{"rendered":"\n<div class=\"wp-block-stackable-columns alignfull stk-block-columns stk-block stk-8286a79\" data-block-id=\"8286a79\"><style>.stk-8286a79 .stk--block-align-8286a79{align-items:center !important}.stk-8286a79{margin-top:0px !important;margin-right:60px !important;margin-bottom:0px !important;margin-left:60px !important}.stk-8286a79-column{justify-content:center !important}@media screen and (max-width:1023px){.stk-8286a79{margin-right:20px !important;margin-left:20px !important}}<\/style><div class=\"stk-row stk-inner-blocks stk--block-align-8286a79 stk-block-content stk-content-align stk-8286a79-column stk--flex alignfull\">\n<div class=\"wp-block-stackable-column stk-block-column stk-column stk-block stk-619aea9\" data-v=\"4\" data-block-id=\"619aea9\"><div class=\"stk-column-wrapper stk-block-column__content stk-container stk-619aea9-container stk--no-background stk--no-padding\"><div class=\"stk-block-content stk-inner-blocks stk-619aea9-inner-blocks\">\n\t<div class=\"container-product\">\n\t\t\n\t\t<section id=\"block_1990d846be1def8e6144dab9599c8688\" class=\"block-product-buy padding-top-0 padding-bottom-0 relative w-full mx-auto overflow-hidden\">\n\t\t\t<div class=\"grid grid-cols-12 gap-20 items-center\">\n\t\t\t\t<div class=\"col-span-12 md:col-span-8\">\n\t\t\t\t\t\t\t\t\t<\/div>\n\n\t\t\t\t<div class=\"col-span-12 md:col-span-4 pl-0 md:pl-15\">\n\t\t\t\t\t<div class=\"wp-block-stackable-subtitle stk-block-subtitle stk-block mb-2\">\n\t\t\t\t\t\t<p class=\"stk-block-subtitle__text stk-subtitle\">James Baroud<\/p>\n\t\t\t\t\t<\/div>\n\n\t\t\t\t\t<div class=\"wp-block-stackable-heading stk-block-heading stk-block-heading--v2 stk-block\">\n\t\t\t\t\t\t<h1 class=\"stk-block-heading__text\">Waste Bag<\/h1>\n\t\t\t\t\t<\/div>\n\n\t\t\t\t\t<div class=\"flex flex-col gap-20\">\n\t\t\t\t\t\t<p>Der James Baroud Waste Bag ist eine innovative L\u00f6sung f\u00fcr ein uraltes Problem: Wie kann man beim Camping seinen M\u00fcll entsorgen, ohne dass Ger\u00fcche oder Fl\u00fcssigkeiten im Fahrzeug versch\u00fcttet werden?  <\/p>\n<p>Im Gegensatz zu herk\u00f6mmlichen M\u00fcllbeuteln ist dieser abwaschbare Beutel aus hochwertigem PVC-Material gefertigt, das auch den h\u00e4rtesten Campingbedingungen standh\u00e4lt. Er hat eine \u00d6ffnung an der Oberseite und einen Kordelzugverschluss, damit Ihr M\u00fcll auch auf rauen \u00dcberlandstra\u00dfen sicher im Inneren bleibt. <\/p>\n\t\t\t\t\t<\/div>\n\n\t\t\t\t\t\t\t\t\t\t\t<div class=\"mt-10 \">\n\t\t\t\t\t\t\t\n\t\n\t<form class=\"cart\" action=\"https:\/\/jamesbaroud.com\/de\/zubehoer\/waste-bag\/\" method=\"post\" enctype='multipart\/form-data'>\n    <div class=\"single_variation\">\n      <div class=\"woocommerce-variation single_variation\">\n        <div class=\"woocommerce-variation-price\">\n          <span class=\"price\">\n            <span class=\"woocommerce-Price-amount amount\"><bdi><span class=\"woocommerce-Price-currencySymbol\">$<\/span>205.00<\/bdi><\/span>          <\/span><!-- \/.price -->\n        <\/div><!-- \/.woocommerce-variation-price -->\n      <\/div><!-- \/ -->\n      \n      \n      <div class=\"add-to-cart-action-bar\">\n        \n        <div class=\"quantity\">\n\t\t<label class=\"screen-reader-text\" for=\"quantity_69f4b40ea5ee2\">Waste Bag Menge<\/label>\n\t<input\n\t\ttype=\"number\"\n\t\t\t\tid=\"quantity_69f4b40ea5ee2\"\n\t\tclass=\"input-text qty text\"\n\t\tname=\"quantity\"\n\t\tvalue=\"1\"\n\t\taria-label=\"Produktmenge\"\n\t\t\t\tmin=\"1\"\n\t\t\t\t\t\t\tstep=\"1\"\n\t\t\tplaceholder=\"\"\n\t\t\tinputmode=\"numeric\"\n\t\t\tautocomplete=\"off\"\n\t\t\t\/>\n\t<\/div>\n        <button type=\"submit\" name=\"add-to-cart\" value=\"25979\"  class=\"single_add_to_cart_button btn btn-xl btn--primary\" >In den Warenkorb<\/button>\n\n\n        <input type=\"hidden\" name=\"gtm4wp_product_data\" value=\"{&quot;internal_id&quot;:25979,&quot;item_id&quot;:25979,&quot;item_name&quot;:&quot;Waste Bag&quot;,&quot;sku&quot;:&quot;41874300000&quot;,&quot;price&quot;:205,&quot;stocklevel&quot;:null,&quot;stockstatus&quot;:&quot;instock&quot;,&quot;google_business_vertical&quot;:&quot;retail&quot;,&quot;item_category&quot;:&quot;Zubeh\\u00f6r&quot;,&quot;id&quot;:25979}\" \/>\n<button id=\"more-info-button\" type=\"button\" class=\"more-info-button btn btn-xl btn--gray \"><span>Fragen?<\/span> <i class=\"fal fa-comments-alt\"><\/i><\/button>        <input type=\"hidden\" name=\"add-to-cart\" value=\"25979\" \/>\n        <input type=\"hidden\" name=\"product_id\" value=\"25979\" \/>\n\n      <\/div><!-- \/.add-to-cart-action-bar -->\n    <\/div><!-- \/.single_variation -->\n\n\n\t<\/form>\n\n\t\n\t\t\t\t\t\t<\/div>\n\t\t\t\t\t\t\t\t\t<\/div>\n\t\t\t<\/div>\n\t\t<\/section>\n\t<\/div>\n\t<\/div><\/div><\/div>\n<\/div><\/div>\n\n<div class=\"wp-block-stackable-spacer stk-block-spacer stk--no-padding stk-block stk-0a1dcbb\" data-block-id=\"0a1dcbb\" data-block-type=\"core\" data-block-type=\"core\"><style>.stk-0a1dcbb{height:150px !important}<\/style><\/div>\n","protected":false},"excerpt":{"rendered":"<p>Der James Baroud Waste Bag ist eine innovative L\u00f6sung f\u00fcr ein uraltes Problem: Wie kann man beim Camping seinen M\u00fcll entsorgen, ohne dass Ger\u00fcche oder Fl\u00fcssigkeiten im Fahrzeug versch\u00fcttet werden?<\/p>\n<p>Im Gegensatz zu herk\u00f6mmlichen M\u00fcllbeuteln ist dieser abwaschbare Beutel aus hochwertigem PVC-Material gefertigt, das auch den h\u00e4rtesten Campingbedingungen standh\u00e4lt. Er hat eine \u00d6ffnung an der Oberseite und einen Kordelzugverschluss, damit Ihr M\u00fcll auch auf rauen \u00dcberlandstra\u00dfen sicher im Inneren bleibt. <\/p>\n","protected":false},"featured_media":55227,"template":"","meta":[],"product_characteristics":[],"product_brand":[],"product_cat":[182],"product_tag":[325],"class_list":{"0":"post-25979","1":"product","2":"type-product","3":"status-publish","4":"has-post-thumbnail","6":"product_cat-zubehoer","7":"product_tag-accessories-de","8":"product_shipping_class-accessories-de","10":"first","11":"instock","12":"taxable","13":"shipping-taxable","14":"purchasable","15":"product-type-simple"},"acf":[],"_links":{"self":[{"href":"https:\/\/jamesbaroud.com\/de\/wp-json\/wp\/v2\/product\/25979","targetHints":{"allow":["GET"]}}],"collection":[{"href":"https:\/\/jamesbaroud.com\/de\/wp-json\/wp\/v2\/product"}],"about":[{"href":"https:\/\/jamesbaroud.com\/de\/wp-json\/wp\/v2\/types\/product"}],"wp:featuredmedia":[{"embeddable":true,"href":"https:\/\/jamesbaroud.com\/de\/wp-json\/wp\/v2\/media\/55227"}],"wp:attachment":[{"href":"https:\/\/jamesbaroud.com\/de\/wp-json\/wp\/v2\/media?parent=25979"}],"wp:term":[{"taxonomy":"product_characteristics","embeddable":true,"href":"https:\/\/jamesbaroud.com\/de\/wp-json\/wp\/v2\/product_characteristics?post=25979"},{"taxonomy":"product_brand","embeddable":true,"href":"https:\/\/jamesbaroud.com\/de\/wp-json\/wp\/v2\/product_brand?post=25979"},{"taxonomy":"product_cat","embeddable":true,"href":"https:\/\/jamesbaroud.com\/de\/wp-json\/wp\/v2\/product_cat?post=25979"},{"taxonomy":"product_tag","embeddable":true,"href":"https:\/\/jamesbaroud.com\/de\/wp-json\/wp\/v2\/product_tag?post=25979"}],"curies":[{"name":"wp","href":"https:\/\/api.w.org\/{rel}","templated":true}]}}