{"id":26258,"date":"2023-06-19T17:19:39","date_gmt":"2023-06-19T17:19:39","guid":{"rendered":"https:\/\/jamesbaroud.com\/classic-shower\/"},"modified":"2025-08-06T16:42:30","modified_gmt":"2025-08-06T16:42:30","slug":"classic-shower","status":"publish","type":"product","link":"https:\/\/jamesbaroud.com\/de\/markisen\/classic-shower\/","title":{"rendered":"Classic Shower"},"content":{"rendered":"\n<div class=\"wp-block-stackable-columns alignfull stk-block-columns stk-block stk-8286a79\" data-block-id=\"8286a79\"><style>.stk-8286a79 .stk--block-align-8286a79{align-items:center !important;}.stk-8286a79 {margin-top:0px !important;margin-right:60px !important;margin-bottom:0px !important;margin-left:60px !important;}.stk-8286a79-column{justify-content:center !important;}@media screen and (max-width: 1023px){.stk-8286a79 {margin-right:20px !important;margin-left:20px !important;}}<\/style><div class=\"stk-row stk-inner-blocks stk--block-align-8286a79 stk-block-content stk-content-align stk-8286a79-column stk--flex alignfull\">\n<div class=\"wp-block-stackable-column stk-block-column stk-column stk-block stk-619aea9\" data-v=\"4\" data-block-id=\"619aea9\"><div class=\"stk-column-wrapper stk-block-column__content stk-container stk-619aea9-container stk--no-background stk--no-padding\"><div class=\"stk-block-content stk-inner-blocks stk-619aea9-inner-blocks\">\n\t<div class=\"container-product\">\n\t\t\n\t\t<section id=\"block_77ff40918ae029469fcb8a9d1ce0db74\" class=\"block-product-buy relative w-full mx-auto overflow-hidden\">\n\t\t\t<div class=\"grid grid-cols-12 gap-20 items-center\">\n\t\t\t\t<div class=\"col-span-12 md:col-span-8\">\n\t\t\t\t\t\t\t\t\t<\/div>\n\n\t\t\t\t<div class=\"col-span-12 md:col-span-4 pl-0 md:pl-15\">\n\t\t\t\t\t<div class=\"wp-block-stackable-subtitle stk-block-subtitle stk-block mb-2\">\n\t\t\t\t\t\t<p class=\"stk-block-subtitle__text stk-subtitle\">James Baroud<\/p>\n\t\t\t\t\t<\/div>\n\n\t\t\t\t\t<div class=\"wp-block-stackable-heading stk-block-heading stk-block-heading--v2 stk-block\">\n\t\t\t\t\t\t<h1 class=\"stk-block-heading__text\">Classic Shower<\/h1>\n\t\t\t\t\t<\/div>\n\n\t\t\t\t\t<div class=\"flex flex-col gap-20\">\n\t\t\t\t\t\t<p>Die James Baroud Classic Shower ist eine vielseitige Duschkabine f\u00fcr das Auto, die auch als Umkleideraum oder sogar als privates Badezimmer dienen kann.<\/p>\n<p>Diese leichte Duschkabine, die an der Seite Ihres Autos befestigt werden kann, bietet eine bequeme M\u00f6glichkeit, sich bei Ihren Outdoor-Abenteuern zu erfrischen. Ihre Funktionalit\u00e4t geht jedoch \u00fcber das reine Duschen hinaus. Die ger\u00e4umige Kabine kann auch als Umkleidekabine genutzt werden, so dass Sie Ihre nasse oder schmutzige Kleidung problemlos an- und ausziehen k\u00f6nnen.  <\/p>\n\t\t\t\t\t<\/div>\n\n\t\t\t\t\t\t\t\t\t\t\t<div class=\"mt-10 \">\n\t\t\t\t\t\t\t\n\t\n\t<form class=\"cart\" action=\"https:\/\/jamesbaroud.com\/de\/markisen\/classic-shower\/\" method=\"post\" enctype='multipart\/form-data'>\n    <div class=\"single_variation\">\n      <div class=\"woocommerce-variation single_variation\">\n        <div class=\"woocommerce-variation-price\">\n          <span class=\"price\">\n            <span class=\"woocommerce-Price-amount amount\"><bdi><span class=\"woocommerce-Price-currencySymbol\">$<\/span>200.00<\/bdi><\/span>          <\/span><!-- \/.price -->\n        <\/div><!-- \/.woocommerce-variation-price -->\n      <\/div><!-- \/ -->\n      \n      \n      <div class=\"add-to-cart-action-bar\">\n        \n        <div class=\"quantity\">\n\t\t<label class=\"screen-reader-text\" for=\"quantity_69f4225935083\">Classic Shower Menge<\/label>\n\t<input\n\t\ttype=\"number\"\n\t\t\t\tid=\"quantity_69f4225935083\"\n\t\tclass=\"input-text qty text\"\n\t\tname=\"quantity\"\n\t\tvalue=\"1\"\n\t\taria-label=\"Produktmenge\"\n\t\t\t\tmin=\"1\"\n\t\t\t\t\t\t\tstep=\"1\"\n\t\t\tplaceholder=\"\"\n\t\t\tinputmode=\"numeric\"\n\t\t\tautocomplete=\"off\"\n\t\t\t\/>\n\t<\/div>\n        <button type=\"submit\" name=\"add-to-cart\" value=\"26258\"  class=\"single_add_to_cart_button btn btn-xl btn--primary\" >In den Warenkorb<\/button>\n\n\n        <input type=\"hidden\" name=\"gtm4wp_product_data\" value=\"{&quot;internal_id&quot;:26258,&quot;item_id&quot;:26258,&quot;item_name&quot;:&quot;Classic Shower&quot;,&quot;sku&quot;:&quot;41875100000&quot;,&quot;price&quot;:200,&quot;stocklevel&quot;:null,&quot;stockstatus&quot;:&quot;instock&quot;,&quot;google_business_vertical&quot;:&quot;retail&quot;,&quot;item_category&quot;:&quot;Markisen&quot;,&quot;id&quot;:26258}\" \/>\n<button id=\"more-info-button\" type=\"button\" class=\"more-info-button btn btn-xl btn--gray \"><span>Fragen?<\/span> <i class=\"fal fa-comments-alt\"><\/i><\/button>        <input type=\"hidden\" name=\"add-to-cart\" value=\"26258\" \/>\n        <input type=\"hidden\" name=\"product_id\" value=\"26258\" \/>\n\n      <\/div><!-- \/.add-to-cart-action-bar -->\n    <\/div><!-- \/.single_variation -->\n\n\n\t<\/form>\n\n\t\n\t\t\t\t\t\t<\/div>\n\t\t\t\t\t\t\t\t\t<\/div>\n\t\t\t<\/div>\n\t\t<\/section>\n\t<\/div>\n\t<\/div><\/div><\/div>\n<\/div><\/div>\n\n<div class=\"wp-block-stackable-spacer stk-block-spacer stk--no-padding stk-block stk-0a1dcbb\" data-block-id=\"0a1dcbb\" data-block-type=\"core\" data-block-type=\"core\"><style>.stk-0a1dcbb{height:150px !important}<\/style><\/div>\n\n<div class=\"wp-block-stackable-columns alignfull stk-block-columns stk-block stk-d6e97c9\" data-block-id=\"d6e97c9\"><style>.stk-d6e97c9 .stk--block-align-d6e97c9{align-items:center !important;}.stk-d6e97c9 {margin-top:0px !important;margin-right:60px !important;margin-bottom:0px !important;margin-left:60px !important;}.stk-d6e97c9-column{max-width:1500px !important;min-width:auto !important;margin-right:auto !important;margin-left:auto !important;--stk-columns-spacing:0px !important;--stk-column-gap:60px !important;row-gap:30px !important;}@media screen and (max-width: 767px){.stk-d6e97c9 {margin-right:20px !important;margin-left:20px !important;}}<\/style><div class=\"stk-row stk-inner-blocks stk--block-align-d6e97c9 stk-block-content stk-content-align stk-d6e97c9-column alignfull\">\n<div class=\"wp-block-stackable-column stk-block-column stk-column stk-block stk-4d7147c stk-block-background sticky-content-column stk--has-background-overlay\" data-v=\"4\" data-block-id=\"4d7147c\"><style>.stk-4d7147c-container{margin-top:0px !important;margin-right:0px !important;margin-bottom:0px !important;margin-left:0px !important;min-height:60vh !important;}.stk-4d7147c {align-self:stretch !important;background-image:url(https:\/\/jamesbaroud.com\/wp-content\/uploads\/2023\/06\/James-Baroud-Classic-Shower-3.webp) !important;}.stk-4d7147c-inner-blocks{justify-content:center !important;row-gap:0px !important;}@media screen and (max-width: 767px){.stk-4d7147c-inner-blocks{row-gap:30px !important;}}<\/style><div class=\"stk-column-wrapper stk-block-column__content stk-container stk-4d7147c-container stk--no-background stk--no-padding\"><div class=\"stk--column-flex stk-block-content stk-inner-blocks stk-4d7147c-inner-blocks\"><\/div><\/div><\/div>\n\n\n\n<div class=\"wp-block-stackable-column stk-block-column stk-column stk-block stk-13f90e0 sticky-content-column\" data-v=\"4\" data-block-id=\"13f90e0\"><style>.stk-13f90e0 {align-self:center !important;}.stk-13f90e0-inner-blocks{justify-content:flex-start !important;row-gap:25px !important;}@media screen and (max-width: 767px){.stk-13f90e0-inner-blocks{row-gap:30px !important;}}<\/style><div class=\"stk-column-wrapper stk-block-column__content stk-container stk-13f90e0-container stk--no-background stk--no-padding\"><div class=\"stk--column-flex stk-block-content stk-inner-blocks stk-13f90e0-inner-blocks\">\n<div class=\"wp-block-stackable-heading stk-block-heading stk-block-heading--v2 stk-block stk-37c51b4\" id=\"size\" data-block-id=\"37c51b4\"><style>.stk-37c51b4 {padding-top:0px !important;padding-right:0px !important;padding-bottom:0px !important;padding-left:0px !important;margin-top:20px !important;margin-right:0px !important;margin-bottom:0px !important;margin-left:0px !important;}.stk-37c51b4 .stk-block-heading__text{font-size:35px !important;}@media screen and (max-width: 1023px){.stk-37c51b4 {margin-bottom:0px !important;}.stk-37c51b4 .stk-block-heading__text{font-size:35px !important;}}@media screen and (max-width: 767px){.stk-37c51b4 .stk-block-heading__text{font-size:30px !important;}}<\/style><h2 class=\"stk-block-heading__text\">Gr\u00f6\u00dfe<\/h2><\/div>\n\n\n\n<div class=\"single-product_table\">\n<table>\n<tbody>\n<tr>\n<th><\/th>\n<th class=\"width\">Breite\u00b9<\/th>\n<th class=\"length\">L\u00e4nge\u00b9<\/th>\n<th class=\"open-height\">H\u00f6he des Mastes<\/th>\n<th class=\"weight\">Gewicht<\/th>\n<\/tr>\n<tr>\n<th>Standard<\/th>\n<td>80cm (31&#8243;)<\/td>\n<td>80cm (31&#8243;)<\/td>\n<td>200cm (79&#8243;)<\/td>\n<td>5,5kg (12 lbs)<\/td>\n<\/tr>\n<\/tbody>\n<\/table>\n<\/div>\n<\/div><\/div><\/div>\n<\/div><\/div>\n\n<div class=\"wp-block-stackable-spacer stk-block-spacer stk--no-padding stk-block stk-uhpp7z0\" data-block-id=\"uhpp7z0\" data-block-type=\"core\" data-block-type=\"core\"><style>.stk-uhpp7z0{height:150px !important}<\/style><\/div>\n\n<div class=\"wp-block-stackable-columns alignfull stk-block-columns stk-block stk-a8270a1\" data-block-id=\"a8270a1\"><style>.stk-a8270a1 {margin-top:0px !important;margin-right:60px !important;margin-bottom:60px !important;margin-left:60px !important;}.stk-a8270a1-column{--stk-columns-spacing:0px !important;--stk-column-gap:60px !important;row-gap:30px !important;}@media screen and (max-width: 1023px){.stk-a8270a1 {margin-bottom:60px !important;}}@media screen and (max-width: 767px){.stk-a8270a1 {margin-right:20px !important;margin-bottom:20px !important;margin-left:20px !important;}}<\/style><div class=\"stk-row stk-inner-blocks stk-block-content stk-content-align stk-a8270a1-column alignfull\">\n<div class=\"wp-block-stackable-column stk-block-column stk-column stk-block stk-34f13cc\" data-v=\"4\" data-block-id=\"34f13cc\"><style>.stk-34f13cc-inner-blocks{row-gap:60px !important;}@media screen and (max-width: 767px){.stk-34f13cc-inner-blocks{row-gap:20px !important;}}<\/style><div class=\"stk-column-wrapper stk-block-column__content stk-container stk-34f13cc-container stk--no-background stk--no-padding\"><div class=\"stk-block-content stk-inner-blocks stk-34f13cc-inner-blocks\">\n<div class=\"wp-block-stackable-image stk-block-image stk-block stk-156d2d7\" data-block-id=\"156d2d7\"><style>.stk-156d2d7 {margin-top:0px !important;margin-right:0px !important;margin-bottom:0px !important;margin-left:0px !important;}.stk-156d2d7 .stk-img-wrapper{width:100% !important;}.stk-156d2d7 .stk-img-wrapper img{object-position:69% 54% !important;}:where(.stk-hover-parent:hover,  .stk-hover-parent.stk--is-hovered) .stk-156d2d7 .stk-img-wrapper::after{background-color:#000000 !important;}:where(.stk-hover-parent:hover,  .stk-hover-parent.stk--is-hovered) .stk-156d2d7 .stk-img-wrapper{--stk-gradient-overlay:0.7 !important;}<\/style><figure><span class=\"stk-img-wrapper stk-image--shape-stretch stk--has-lightbox\"><img loading=\"lazy\" decoding=\"async\" class=\"stk-img wp-image-5581\" src=\"https:\/\/jamesbaroud.com\/wp-content\/uploads\/2023\/06\/James-Baroud-Classic-Shower-6.webp\" width=\"1500\" height=\"2250\"\/><\/span><\/figure><\/div>\n\n\n\n<div class=\"wp-block-stackable-image stk-block-image stk-block stk-cf4419f\" data-block-id=\"cf4419f\"><style>.stk-cf4419f {margin-top:0px !important;margin-right:0px !important;margin-bottom:0px !important;margin-left:0px !important;}.stk-cf4419f .stk-img-wrapper{width:100% !important;}.stk-cf4419f .stk-img-wrapper img{object-position:69% 54% !important;}:where(.stk-hover-parent:hover,  .stk-hover-parent.stk--is-hovered) .stk-cf4419f .stk-img-wrapper::after{background-color:#000000 !important;}:where(.stk-hover-parent:hover,  .stk-hover-parent.stk--is-hovered) .stk-cf4419f .stk-img-wrapper{--stk-gradient-overlay:0.7 !important;}<\/style><figure><span class=\"stk-img-wrapper stk-image--shape-stretch stk--has-lightbox\"><img loading=\"lazy\" decoding=\"async\" class=\"stk-img wp-image-5579\" src=\"https:\/\/jamesbaroud.com\/wp-content\/uploads\/2023\/06\/James-Baroud-Classic-Shower-4.webp\" width=\"1500\" height=\"2250\"\/><\/span><\/figure><\/div>\n<\/div><\/div><\/div>\n\n\n\n<div class=\"wp-block-stackable-column stk-block-column stk-column stk-block stk-0db4685\" data-v=\"4\" data-block-id=\"0db4685\"><style>.stk-0db4685-container{margin-top:0px !important;margin-right:0px !important;margin-bottom:0px !important;margin-left:0px !important;}.stk-0db4685-inner-blocks{row-gap:60px !important;}@media screen and (max-width: 767px){.stk-0db4685-inner-blocks{row-gap:20px !important;}}<\/style><div class=\"stk-column-wrapper stk-block-column__content stk-container stk-0db4685-container stk--no-background stk--no-padding\"><div class=\"stk-block-content stk-inner-blocks stk-0db4685-inner-blocks\">\n<div class=\"wp-block-stackable-image stk-block-image stk-block stk-9e5803c\" data-block-id=\"9e5803c\"><style>.stk-9e5803c {margin-top:0px !important;margin-right:0px !important;margin-bottom:0px !important;margin-left:0px !important;}.stk-9e5803c .stk-img-wrapper{width:100% !important;}.stk-9e5803c .stk-img-wrapper img{object-position:69% 54% !important;}:where(.stk-hover-parent:hover,  .stk-hover-parent.stk--is-hovered) .stk-9e5803c .stk-img-wrapper::after{background-color:#000000 !important;}:where(.stk-hover-parent:hover,  .stk-hover-parent.stk--is-hovered) .stk-9e5803c .stk-img-wrapper{--stk-gradient-overlay:0.7 !important;}<\/style><figure><span class=\"stk-img-wrapper stk-image--shape-stretch stk--has-lightbox\"><img loading=\"lazy\" decoding=\"async\" class=\"stk-img wp-image-5584\" src=\"https:\/\/jamesbaroud.com\/wp-content\/uploads\/2023\/06\/James-Baroud-Classic-Shower-9.webp\" width=\"1500\" height=\"1000\"\/><\/span><\/figure><\/div>\n\n\n\n<div class=\"wp-block-stackable-image stk-block-image stk-block stk-a9d92f8\" data-block-id=\"a9d92f8\"><style>.stk-a9d92f8 {margin-top:0px !important;margin-right:0px !important;margin-bottom:0px !important;margin-left:0px !important;}.stk-a9d92f8 .stk-img-wrapper{width:100% !important;}.stk-a9d92f8 .stk-img-wrapper img{object-position:69% 54% !important;}:where(.stk-hover-parent:hover,  .stk-hover-parent.stk--is-hovered) .stk-a9d92f8 .stk-img-wrapper::after{background-color:#000000 !important;}:where(.stk-hover-parent:hover,  .stk-hover-parent.stk--is-hovered) .stk-a9d92f8 .stk-img-wrapper{--stk-gradient-overlay:0.7 !important;}<\/style><figure><span class=\"stk-img-wrapper stk-image--shape-stretch stk--has-lightbox\"><img loading=\"lazy\" decoding=\"async\" class=\"stk-img wp-image-5585\" src=\"https:\/\/jamesbaroud.com\/wp-content\/uploads\/2023\/06\/James-Baroud-Classic-Shower-10.webp\" width=\"1500\" height=\"2250\"\/><\/span><\/figure><\/div>\n\n\n\n<div class=\"wp-block-stackable-image stk-block-image stk-block stk-20976d1\" data-block-id=\"20976d1\"><style>.stk-20976d1 {margin-top:0px !important;margin-right:0px !important;margin-bottom:0px !important;margin-left:0px !important;}.stk-20976d1 .stk-img-wrapper{width:100% !important;}.stk-20976d1 .stk-img-wrapper img{object-position:69% 54% !important;}:where(.stk-hover-parent:hover,  .stk-hover-parent.stk--is-hovered) .stk-20976d1 .stk-img-wrapper::after{background-color:#000000 !important;}:where(.stk-hover-parent:hover,  .stk-hover-parent.stk--is-hovered) .stk-20976d1 .stk-img-wrapper{--stk-gradient-overlay:0.7 !important;}<\/style><figure><span class=\"stk-img-wrapper stk-image--shape-stretch stk--has-lightbox\"><img loading=\"lazy\" decoding=\"async\" class=\"stk-img wp-image-5575\" src=\"https:\/\/jamesbaroud.com\/wp-content\/uploads\/2023\/06\/James-Baroud-Classic-Shower-12.webp\" width=\"1500\" height=\"1000\"\/><\/span><\/figure><\/div>\n<\/div><\/div><\/div>\n<\/div><\/div>\n\n<div class=\"wp-block-stackable-spacer stk-block-spacer stk--no-padding stk-block stk-40oeswg\" data-block-id=\"40oeswg\" data-block-type=\"core\" data-block-type=\"core\"><style>.stk-40oeswg{height:150px !important}<\/style><\/div>\n","protected":false},"excerpt":{"rendered":"<p>Die James Baroud Classic Shower ist eine vielseitige Duschkabine f\u00fcr das Auto, die auch als Umkleideraum oder sogar als privates Badezimmer dienen kann.<\/p>\n<p>Diese leichte Duschkabine, die an der Seite Ihres Autos befestigt werden kann, bietet eine bequeme M\u00f6glichkeit, sich bei Ihren Outdoor-Abenteuern zu erfrischen. Ihre Funktionalit\u00e4t geht jedoch \u00fcber das reine Duschen hinaus. Die ger\u00e4umige Kabine kann auch als Umkleidekabine genutzt werden, so dass Sie Ihre nasse oder schmutzige Kleidung problemlos an- und ausziehen k\u00f6nnen.  <\/p>\n","protected":false},"featured_media":33020,"template":"","meta":[],"product_characteristics":[],"product_brand":[],"product_cat":[230],"product_tag":[323],"class_list":{"0":"post-26258","1":"product","2":"type-product","3":"status-publish","4":"has-post-thumbnail","6":"product_cat-markisen","7":"product_tag-awnings-de","8":"product_shipping_class-accessories-de","10":"first","11":"instock","12":"taxable","13":"shipping-taxable","14":"purchasable","15":"product-type-simple"},"acf":[],"_links":{"self":[{"href":"https:\/\/jamesbaroud.com\/de\/wp-json\/wp\/v2\/product\/26258","targetHints":{"allow":["GET"]}}],"collection":[{"href":"https:\/\/jamesbaroud.com\/de\/wp-json\/wp\/v2\/product"}],"about":[{"href":"https:\/\/jamesbaroud.com\/de\/wp-json\/wp\/v2\/types\/product"}],"wp:featuredmedia":[{"embeddable":true,"href":"https:\/\/jamesbaroud.com\/de\/wp-json\/wp\/v2\/media\/33020"}],"wp:attachment":[{"href":"https:\/\/jamesbaroud.com\/de\/wp-json\/wp\/v2\/media?parent=26258"}],"wp:term":[{"taxonomy":"product_characteristics","embeddable":true,"href":"https:\/\/jamesbaroud.com\/de\/wp-json\/wp\/v2\/product_characteristics?post=26258"},{"taxonomy":"product_brand","embeddable":true,"href":"https:\/\/jamesbaroud.com\/de\/wp-json\/wp\/v2\/product_brand?post=26258"},{"taxonomy":"product_cat","embeddable":true,"href":"https:\/\/jamesbaroud.com\/de\/wp-json\/wp\/v2\/product_cat?post=26258"},{"taxonomy":"product_tag","embeddable":true,"href":"https:\/\/jamesbaroud.com\/de\/wp-json\/wp\/v2\/product_tag?post=26258"}],"curies":[{"name":"wp","href":"https:\/\/api.w.org\/{rel}","templated":true}]}}