{"id":25509,"date":"2025-03-31T15:14:42","date_gmt":"2025-03-31T15:14:42","guid":{"rendered":"https:\/\/jamesbaroud.com\/portugal-2020\/"},"modified":"2025-03-31T15:14:42","modified_gmt":"2025-03-31T15:14:42","slug":"portugal-2020","status":"publish","type":"page","link":"https:\/\/jamesbaroud.com\/es\/portugal-2020\/","title":{"rendered":"Portugal 2020"},"content":{"rendered":"\n\t<section id=\"block_06a5dd0a6caf12cc8a14577487cc0b00\" class=\"block-portugal portugal padding-top-0 padding-bottom-0 relative w-full overflow-hidden bg-white py-60\">\n\t\t<div class=\"container mx-auto py-30\">\n\t\t\t<div class=\"\">\n\t\t\t\t<div class=\"my-30\">\n\t\t\t\t\t<h2 class=\"text-center text-black text-42xl font-montserrat font-light leading-normal\">\n\t\t\t\t\t\tPortugal 2020\t\t\t\t\t<\/h2>\n\t\t\t\t<\/div>\n\t\t\t\t<div class=\"flex flex-col lg:flex-row\">\n\t\t\t\t\t<nav class=\"border-r-2 border-gray-100 lg:mr-30 lg:pr-30 lg:w-1\/3  mt-30 lg:pb-60 space-y-1\">\n\t\t\t\t\t\t\t\t\t\t\t\t\t<buttun data-desc=\"desc-0\" class=\"active text-black btn-portugal flex cursor-pointer bg-gray-200 hover:bg-primary-100 hover:text-white text-sm py-10 px-20 w-full\">Inova\u00e7\u00e3o e Competitividade<\/buttun>\n\t\t\t\t\t\t\t\t\t\t\t\t\t<buttun data-desc=\"desc-1\" class=\" text-black btn-portugal flex cursor-pointer bg-gray-200 hover:bg-primary-100 hover:text-white text-sm py-10 px-20 w-full\">Projetos Individuais &#8211; Internacionaliza\u00e7\u00e3o<\/buttun>\n\t\t\t\t\t\t\t\t\t\t\t\t\t<buttun data-desc=\"desc-2\" class=\" text-black btn-portugal flex cursor-pointer bg-gray-200 hover:bg-primary-100 hover:text-white text-sm py-10 px-20 w-full\">Inova\u00e7\u00e3o Produtiva<\/buttun>\n\t\t\t\t\t\t\t\t\t\t\t<\/nav>\n\t\t\t\t\t\t\t\t\t\t\t<div id=\"desc-0\" class=\" desc-portugal lg:w-2\/3 py-30 space-y-5 font-light \">\n\t\t\t\t\t\t\t<h1 class=\"text-3xg text-black mb-30 font-montserrat leading-normal\">Inova\u00e7\u00e3o e Competitividade<\/h1>\n\t\t\t\t\t\t\t<div class=\"px-15\">\n\t\t\t\t\t\t\t\t<div class=\"content\">\n\t\t\t\t\t\t\t\t\t<div class=\"global-content-wysiwyg font-opensans font-normal leading-normal pt-10\">\n\t\t\t\t\t\t\t\t\t\t<p><strong>Designa\u00e7\u00e3o do projeto<\/strong> Inova\u00e7\u00e3o e Competitividade da CAPAVENTURE, LDA. inserida na regi\u00e3o de Castelo de Paiva e ATRAIR NOVO INVESTIMENTO EMPRESARIAL E EMPREGO PARA OS TERRIT\u00d3RIOS ESPECIALMENTE AFECTADOS PELOS INC\u00caNDIOS (SI2E)<br \/>\n<strong>C\u00f3digo do projeto<\/strong>: NORTE-06-3827-FEDER-001266 e NORTE-06-3321-FSE-000961<br \/>\n<strong>Objetivo principal<\/strong>: Promover o emprego e apoiar a mobilidade laboral<br \/>\n<strong>Regi\u00e3o de interven\u00e7\u00e3o<\/strong>: Norte<br \/>\n<strong>Entidade Benefici\u00e1ria<\/strong>: CAPAVENTURE &#8211; EQUIPAMENTOS PARA LAZER E TEMPOS LIVRES, LDA<br \/>\n<strong>Data de aprova\u00e7\u00e3o<\/strong>: 23-10-2018<br \/>\n<strong>Data de in\u00edcio<\/strong>: FEDER = 01-07-2018 e FSE = 01-07-2018<br \/>\n<strong>Data de conclus\u00e3o<\/strong>: FEDER = 31-12-2019 e FSE = 31-12-2019<br \/>\n<strong>Custo total eleg\u00edvel<\/strong>: FEDER = 150.978,15\u20ac e FSE = 29.594,10\u20ac<br \/>\n<strong>Apoio financeiro da Uni\u00e3o Europeia<\/strong>: FEDER = 75.489,07\u20ac e FSE = 25.154,99\u20ac<\/p>\n<p>&nbsp;<br \/>\n<strong>Objetivos, atividades e resultados esperados\/atingidos<\/strong><br \/>\n&nbsp;<\/p>\n<p><strong>OBJETIVOS ESTRAT\u00c9GICOS:<\/strong><\/p>\n<ul>\n<li><strong>INOVA\u00c7\u00c3O ORGANIZACIONAL<\/strong>: (obras e equipamentos produtivos e inform\u00e1ticos) v\u00e3o permitir a reconfigura\u00e7\u00e3o do Layout da f\u00e1brica e consequentemente aumentar produtividade e os equipamentos inform\u00e1ticos v\u00e3o permitir uma maior capacidade de gest\u00e3o, aumentar o volume da sua produ\u00e7\u00e3o e dar resposta \u00e0 procura do mercado.<\/li>\n<li><strong>INOVA\u00c7\u00c3O PROCESSOS<\/strong>: os equipamentos contemplados no projeto apresentam um elevado \u00edndice de automatismo das opera\u00e7\u00f5es o que promove um aumento significativo na produtividade, na qualidade de produ\u00e7\u00e3o e na capacidade de resposta ao cliente.<\/li>\n<li><strong>INOVA\u00c7\u00c3O DOS PRODUTOS<\/strong>: com a intensifica\u00e7\u00e3o tecnol\u00f3gica dos processos produtivos vai ser poss\u00edvel aplicar novos m\u00e9todos e t\u00e9cnicas de trabalho, obter maiores \u00edndices de qualidade de produ\u00e7\u00e3o e introduzir novas mat\u00e9rias primas no processo produtivo que v\u00e3o conferir novas carater\u00edsticas t\u00e9cnicas aos produtos finais da empresa.<\/li>\n<li><strong>INOVA\u00c7\u00c3O DE MARKETING<\/strong>: A participa\u00e7\u00e3o em feiras e certames internacionais e o Plano de Internacionaliza\u00e7\u00e3o v\u00e3o permitir dar continuidade de internacionaliza\u00e7\u00e3o pela via da diversifica\u00e7\u00e3o dos mercados de abrang\u00eancia. As feiras e certames internacionais s\u00e3o centros de neg\u00f3cios onde se podem efetuar transa\u00e7\u00f5es comerciais com potenciais clientes de todo o mundo e n\u00e3o se ficando circunscrito ao mercado que acolhe o pr\u00f3prio evento.<\/li>\n<\/ul>\n<p>&nbsp;<br \/>\n<strong>OBJETIVOS SMART:<\/strong><\/p>\n<ul>\n<li>Aumentar o VN 86% at\u00e9 2020<\/li>\n<li>Aumentar o VNI 86% at\u00e9 2020<\/li>\n<li>Aumentar o VBP 86% at\u00e9 2020<\/li>\n<li>Aumentar o VAB 142% at\u00e9 2020<\/li>\n<li>Conquistar 3 novos mercados at\u00e9 2020<\/li>\n<li>Conquistar 10 novos clientes at\u00e9 2020<\/li>\n<li>Contrata\u00e7\u00e3o de 6 RH at\u00e9 2020<\/li>\n<li>Aumentar o EBITDA 314% at\u00e9 2020<\/li>\n<\/ul>\n\t\t\t\t\t\t\t\t\t<\/div>\n\t\t\t\t\t\t\t\t<\/div>\n\t\t\t\t\t\t\t<\/div>\n\t\t\t\t\t\t<\/div>\n\t\t\t\t\t\t\t\t\t\t\t<div id=\"desc-1\" class=\" desc-portugal lg:w-2\/3 py-30 space-y-5 font-light hidden\">\n\t\t\t\t\t\t\t<h1 class=\"text-3xg text-black mb-30 font-montserrat leading-normal\">Projetos Individuais &#8211; Internacionaliza\u00e7\u00e3o<\/h1>\n\t\t\t\t\t\t\t<div class=\"px-15\">\n\t\t\t\t\t\t\t\t<div class=\"content\">\n\t\t\t\t\t\t\t\t\t<div class=\"global-content-wysiwyg font-opensans font-normal leading-normal pt-10\">\n\t\t\t\t\t\t\t\t\t\t<p><strong>Designa\u00e7\u00e3o do projeto<\/strong>\u00a0| SI INTERNACIONALIZA\u00c7\u00c3O CAPAVENTURE 2018\/2020<br \/>\n<strong>C\u00f3digo do projeto<\/strong>\u00a0| NORTE-02-0752-FEDER-042123<br \/>\n<strong>Objetivo principal<\/strong>\u00a0| Refor\u00e7ar a competitividade das PME<br \/>\n<strong>Regi\u00e3o de interven\u00e7\u00e3o<\/strong>\u00a0| Norte<br \/>\n<strong>Entidade Benefici\u00e1ria<\/strong>\u00a0| CAPAVENTURE &#8211; EQUIPAMENTOS PARA LAZER E TEMPOS LIVRES, LDA<br \/>\n<strong>Data de aprova\u00e7\u00e3o\u00a0<\/strong>| 28-03-2019<br \/>\n<strong>Data de in\u00edcio<\/strong>\u00a0| 06-11-2018<br \/>\n<strong>Data de conclus\u00e3o\u00a0<\/strong>| 05-11-2022<br \/>\n<strong>Custo total eleg\u00edvel<\/strong>\u00a0| 436.755,00\u20ac<br \/>\n<strong>Apoio financeiro da Uni\u00e3o Europeia<\/strong>\u00a0| FEDER -196.539,75\u20ac<\/p>\n<p><strong>Objetivos, atividades e resultados esperados\/atingidos<\/strong>\u00a0| O projeto tem como objetivo promover as \u00e1reas de competitividade cr\u00edticas da empresa, essencialmente no que toca \u00e0 internacionaliza\u00e7\u00e3o e progress\u00e3o na cadeia de valor. Impulsionada pelo presente projeto, a empresa pretende alargar os seus mercados de atua\u00e7\u00e3o, diversificando assim o risco de mercado e aumentando as vendas internacionais a n\u00edvel absoluto.<\/p>\n<p>De forma alcan\u00e7ar os objetivos supracitados, ser\u00e3o realizadas a\u00e7\u00f5es enquadradas nas tipologias:<\/p>\n<ul>\n<li>Conhecimento de mercados externos;<\/li>\n<li>Prospe\u00e7\u00e3o e presen\u00e7a em mercados internacionais;<\/li>\n<li>Presen\u00e7a na web, atrav\u00e9s da economia digital;<\/li>\n<li>Introdu\u00e7\u00e3o de novo m\u00e9todo de organiza\u00e7\u00e3o nas pr\u00e1ticas comerciais ou nas rela\u00e7\u00f5es externas<\/li>\n<li>Desenvolvimento e promo\u00e7\u00e3o internacional de marcas.<\/li>\n<\/ul>\n<div class=\"mt-40\"><img loading=\"lazy\" decoding=\"async\" class=\"p-2 alignnone size-medium wp-image-2682\" src=\"https:\/\/jamesbaroud.com\/wp-content\/uploads\/2023\/08\/norte_1-300x192.jpg\" alt=\"\" width=\"300\" height=\"192\" \/><img loading=\"lazy\" decoding=\"async\" class=\"p-2 alignnone size-medium wp-image-2685\" src=\"https:\/\/jamesbaroud.com\/wp-content\/uploads\/2023\/08\/norte_2-300x192.jpeg\" alt=\"\" width=\"300\" height=\"192\" \/><img loading=\"lazy\" decoding=\"async\" class=\"p-2 alignnone size-medium wp-image-2688\" src=\"https:\/\/jamesbaroud.com\/wp-content\/uploads\/2023\/08\/norte_3-300x192.jpg\" alt=\"\" width=\"300\" height=\"192\" \/><\/div>\n\t\t\t\t\t\t\t\t\t<\/div>\n\t\t\t\t\t\t\t\t<\/div>\n\t\t\t\t\t\t\t<\/div>\n\t\t\t\t\t\t<\/div>\n\t\t\t\t\t\t\t\t\t\t\t<div id=\"desc-2\" class=\" desc-portugal lg:w-2\/3 py-30 space-y-5 font-light hidden\">\n\t\t\t\t\t\t\t<h1 class=\"text-3xg text-black mb-30 font-montserrat leading-normal\">Inova\u00e7\u00e3o Produtiva<\/h1>\n\t\t\t\t\t\t\t<div class=\"px-15\">\n\t\t\t\t\t\t\t\t<div class=\"content\">\n\t\t\t\t\t\t\t\t\t<div class=\"global-content-wysiwyg font-opensans font-normal leading-normal pt-10\">\n\t\t\t\t\t\t\t\t\t\t<p><strong>Designa\u00e7\u00e3o do projeto:<\/strong> INOVA\u00c7\u00c3O PRODUTIVA<br \/>\n<strong>C\u00f3digo do Projeto:<\/strong> NORTE-02-0853-FEDER-000558<br \/>\n<strong>Objetivo do Projeto:<\/strong> Refor\u00e7ar a competitividade das PME<br \/>\n<strong>Regi\u00e3o de Interven\u00e7\u00e3o:<\/strong> Norte<br \/>\n<strong>Entidade Benefici\u00e1ria:<\/strong> CAPAVENTURE &#8211; EQUIPAMENTOS PARA LAZER E TEMPOS LIVRES, LDA<br \/>\n<strong>Data de Aprova\u00e7\u00e3o:<\/strong> 07-08-2015<br \/>\n<strong>Data de In\u00edcio:<\/strong> 30-05-2015<br \/>\n<strong>Data de Conclus\u00e3o:<\/strong> 29-05-2017<br \/>\n<strong>Investimento eleg\u00edvel:<\/strong> 397.838,57 \u20ac<br \/>\n<strong>Incentivo aprovado:<\/strong> 278.487,00 \u20ac<\/p>\n<p>&nbsp;<\/p>\n<p><strong>Objetivos do Projeto:<\/strong><\/p>\n<p>&nbsp;<\/p>\n<p>Aumentar o volume de neg\u00f3cios<br \/>\nAumentar a produtividade<br \/>\nAumentar o volume de neg\u00f3cios internacional da empresa<br \/>\nPromover uma oferta diversificada e de valor acrescentado<br \/>\nDiminui a estrutura de custos da empresa<br \/>\nAumentar a capacidade de resposta e crescer na cadeia de valor<br \/>\nPromover a intensifica\u00e7\u00e3o tecnol\u00f3gica do processo produtivo<br \/>\nPromover a aproxima\u00e7\u00e3o ao estado da arte do setor atrav\u00e9s da capta\u00e7\u00e3o de talentos provenientes das entidades do sistema cient\u00edfico e tecnol\u00f3gico<\/p>\n\t\t\t\t\t\t\t\t\t<\/div>\n\t\t\t\t\t\t\t\t<\/div>\n\t\t\t\t\t\t\t<\/div>\n\t\t\t\t\t\t<\/div>\n\t\t\t\t\t\t\t\t\t<\/div>\n\t\t\t<\/div>\n\t\t<\/div>\n\t<\/section>\n\t","protected":false},"excerpt":{"rendered":"","protected":false},"author":5,"featured_media":0,"parent":0,"menu_order":0,"comment_status":"closed","ping_status":"closed","template":"","meta":{"footnotes":""},"class_list":["post-25509","page","type-page","status-publish","hentry"],"acf":[],"_links":{"self":[{"href":"https:\/\/jamesbaroud.com\/es\/wp-json\/wp\/v2\/pages\/25509","targetHints":{"allow":["GET"]}}],"collection":[{"href":"https:\/\/jamesbaroud.com\/es\/wp-json\/wp\/v2\/pages"}],"about":[{"href":"https:\/\/jamesbaroud.com\/es\/wp-json\/wp\/v2\/types\/page"}],"author":[{"embeddable":true,"href":"https:\/\/jamesbaroud.com\/es\/wp-json\/wp\/v2\/users\/5"}],"replies":[{"embeddable":true,"href":"https:\/\/jamesbaroud.com\/es\/wp-json\/wp\/v2\/comments?post=25509"}],"version-history":[{"count":0,"href":"https:\/\/jamesbaroud.com\/es\/wp-json\/wp\/v2\/pages\/25509\/revisions"}],"wp:attachment":[{"href":"https:\/\/jamesbaroud.com\/es\/wp-json\/wp\/v2\/media?parent=25509"}],"curies":[{"name":"wp","href":"https:\/\/api.w.org\/{rel}","templated":true}]}}