{"id":25527,"date":"2025-01-13T16:27:24","date_gmt":"2025-01-13T16:27:24","guid":{"rendered":"https:\/\/jamesbaroud.com\/get-a-catalog\/"},"modified":"2025-08-07T09:58:05","modified_gmt":"2025-08-07T09:58:05","slug":"obtener-catalogo","status":"publish","type":"page","link":"https:\/\/jamesbaroud.com\/es\/obtener-catalogo\/","title":{"rendered":"Obtener cat\u00e1logo"},"content":{"rendered":"\n<div class=\"wp-block-stackable-columns alignfull stk-block-columns stk-block stk-2be39b6 stk-block-background stk--has-background-overlay\" data-block-id=\"2be39b6\"><style>.stk-2be39b6 {background-color:transparent !important;background-image:url(https:\/\/jamesbaroud.com\/wp-content\/uploads\/2025\/01\/catalog-mockup-1.webp) !important;background-position:top right !important;padding-top:200px !important;padding-right:60px !important;padding-bottom:60px !important;padding-left:60px !important;margin-top:0px !important;margin-right:60px !important;margin-bottom:0px !important;margin-left:60px !important;}.stk-2be39b6:before{opacity:1 !important;background-image:linear-gradient(7deg,rgb(17,17,17) 0%,rgba(18,18,18,0) 100%) !important;}.stk-2be39b6-column{--stk-columns-spacing:0px !important;--stk-column-gap:0px !important;row-gap:0px !important;}@media screen and (max-width: 1023px){.stk-2be39b6 {padding-top:30px !important;padding-right:30px !important;padding-bottom:30px !important;padding-left:30px !important;margin-top:0px !important;margin-right:20px !important;margin-bottom:0px !important;margin-left:20px !important;}}<\/style><div class=\"stk-row stk-inner-blocks stk-block-content stk-content-align stk-2be39b6-column alignfull\">\n<div class=\"wp-block-stackable-column stk-block-column stk-column stk-block stk-b033963\" data-v=\"4\" data-block-id=\"b033963\"><style>.stk-b033963-container{margin-top:0px !important;margin-right:0px !important;margin-bottom:0px !important;margin-left:0px !important;max-width:750px !important;min-width:auto !important;}.stk-b033963-inner-blocks{row-gap:20px !important;}.stk-b033963 {padding-top:0px !important;padding-right:0px !important;padding-bottom:0px !important;padding-left:0px !important;margin-top:0px !important;margin-right:0px !important;margin-bottom:0px !important;margin-left:0px !important;}<\/style><div class=\"stk-column-wrapper stk-block-column__content stk-container stk-b033963-container stk--no-background stk--no-padding\"><div class=\"stk-block-content stk-inner-blocks stk-b033963-inner-blocks\">\n<div class=\"wp-block-stackable-subtitle stk-block-subtitle stk-block stk-bd8cfd4\" id=\"explore-the-world-of-james-baroud\" data-block-id=\"bd8cfd4\"><style>.stk-bd8cfd4 {padding-top:0px !important;padding-right:0px !important;padding-bottom:0px !important;padding-left:0px !important;margin-top:0px !important;margin-right:0px !important;margin-bottom:0px !important;margin-left:0px !important;}.stk-bd8cfd4 .stk-block-subtitle__text{font-size:20px !important;color:#FFFFFF !important;line-height:50px !important;font-weight:300 !important;text-transform:uppercase !important;}@media screen and (max-width: 1023px){.stk-bd8cfd4 {padding-top:0px !important;padding-right:0px !important;padding-bottom:0px !important;padding-left:0px !important;margin-top:0px !important;margin-right:0px !important;margin-bottom:0px !important;margin-left:0px !important;}.stk-bd8cfd4 .stk-block-subtitle__text{font-size:20px !important;}}@media screen and (max-width: 767px){.stk-bd8cfd4 .stk-block-subtitle__text{font-size:40px !important;}}<\/style><p class=\"stk-block-subtitle__text stk-subtitle has-text-color has-white-color has-text-align-left\">Obtener un cat\u00e1logo<\/p><\/div>\n\n\n\n<div class=\"wp-block-stackable-heading stk-block-heading stk-block-heading--v2 stk-block stk-ad1317d\" id=\"explore-the-world-of-james-baroud\" data-block-id=\"ad1317d\"><style>.stk-ad1317d {padding-top:0px !important;padding-right:0px !important;padding-bottom:0px !important;padding-left:0px !important;margin-top:0px !important;margin-right:0px !important;margin-bottom:0px !important;margin-left:0px !important;}.stk-ad1317d .stk-block-heading__text{font-size:50px !important;color:#FFFFFF !important;line-height:50px !important;font-weight:800 !important;}@media screen and (max-width: 1023px){.stk-ad1317d {padding-top:0px !important;padding-right:0px !important;padding-bottom:0px !important;padding-left:0px !important;margin-top:0px !important;margin-right:0px !important;margin-bottom:0px !important;margin-left:0px !important;}.stk-ad1317d .stk-block-heading__text{font-size:50px !important;}}@media screen and (max-width: 767px){.stk-ad1317d .stk-block-heading__text{font-size:40px !important;}}<\/style><h1 class=\"stk-block-heading__text has-text-color has-white-color has-text-align-left\">Explore el mundo de James Baroud<\/h1><\/div>\n\n\n\n<div class=\"wp-block-stackable-text stk-block-text stk-block stk-f6dbbb6\" id=\"be-a-james-baroud-ambassador\" data-block-id=\"f6dbbb6\"><style>.stk-f6dbbb6 {margin-top:0px !important;margin-right:0px !important;margin-bottom:0px !important;margin-left:0px !important;}:where(.stk-hover-parent:hover,  .stk-hover-parent.stk--is-hovered) .stk-f6dbbb6{opacity:1 !important;}.stk-f6dbbb6 .stk-block-text__text{color:#ffffff !important;}<\/style><p class=\"stk-block-text__text has-text-color has-white-color has-text-align-left\">Nuestro cat\u00e1logo ofrece una inmersi\u00f3n profunda en las tiendas de campa\u00f1a de techo de primera calidad y el equipo para exteriores que hacen que cada aventura sea inolvidable. En su interior, encontrar\u00e1 informaci\u00f3n detallada sobre nuestras tiendas de alta calidad fabricadas en Europa, soluciones de camping innovadoras y accesorios dise\u00f1ados para ofrecer comodidad durante toda la temporada.   <\/p><\/div>\n<\/div><\/div><\/div>\n<\/div><\/div>\n\n<div class=\"wp-block-stackable-columns stk-block-columns stk-block stk-b518193\" data-block-id=\"b518193\"><style>.stk-b518193 {max-width:700px !important;min-width:auto !important;margin-top:60px !important;margin-right:auto !important;margin-bottom:60px !important;margin-left:auto !important;}@media screen and (max-width: 1023px){.stk-b518193 {margin-right:20px !important;margin-left:20px !important;}}<\/style><div class=\"stk-row stk-inner-blocks stk-block-content stk-content-align stk-b518193-column\">\n<div class=\"wp-block-stackable-column stk-block-column stk-column stk-block stk-7f2e27e\" data-v=\"4\" data-block-id=\"7f2e27e\"><style>.stk-7f2e27e-inner-blocks{row-gap:30px !important;}<\/style><div class=\"stk-column-wrapper stk-block-column__content stk-container stk-7f2e27e-container stk--no-background stk--no-padding\"><div class=\"stk-block-content stk-inner-blocks stk-7f2e27e-inner-blocks\">\n<div class=\"wp-block-stackable-text stk-block-text stk-block stk-0479e98\" data-block-id=\"0479e98\"><style>.stk-0479e98 {padding-top:0px !important;padding-right:0px !important;padding-bottom:0px !important;padding-left:0px !important;margin-top:0px !important;margin-right:0px !important;margin-bottom:0px !important;margin-left:0px !important;}<\/style><p class=\"stk-block-text__text\">Rellene el siguiente formulario para acceder a nuestro cat\u00e1logo, que recibir\u00e1 directamente en su bandeja de entrada. En su interior encontrar\u00e1 informaci\u00f3n detallada sobre nuestros productos y sus caracter\u00edsticas, cuidadosamente seleccionada para ayudarle a explorar lo que distingue a James Baroud. <\/p><\/div>\n\n\n\n<div class=\"wp-block-contact-form-7-contact-form-selector\">\n<div class=\"wpcf7 no-js\" id=\"wpcf7-f14934-o1\" lang=\"en-US\" dir=\"ltr\" data-wpcf7-id=\"14934\">\n<div class=\"screen-reader-response\"><p role=\"status\" aria-live=\"polite\" aria-atomic=\"true\"><\/p> <ul><\/ul><\/div>\n<form action=\"\/es\/wp-json\/wp\/v2\/pages\/25527#wpcf7-f14934-o1\" method=\"post\" class=\"wpcf7-form init\" id=\"ambassador-form\" aria-label=\"Contact form\" novalidate=\"novalidate\" data-status=\"init\">\n<fieldset class=\"hidden-fields-container\"><input type=\"hidden\" name=\"_wpcf7\" value=\"14934\" \/><input type=\"hidden\" name=\"_wpcf7_version\" value=\"6.1.5\" \/><input type=\"hidden\" name=\"_wpcf7_locale\" value=\"en_US\" \/><input type=\"hidden\" name=\"_wpcf7_unit_tag\" value=\"wpcf7-f14934-o1\" \/><input type=\"hidden\" name=\"_wpcf7_container_post\" value=\"0\" \/><input type=\"hidden\" name=\"_wpcf7_posted_data_hash\" value=\"\" \/><input type=\"hidden\" name=\"_wpcf7cf_hidden_group_fields\" value=\"[]\" \/><input type=\"hidden\" name=\"_wpcf7cf_hidden_groups\" value=\"[]\" \/><input type=\"hidden\" name=\"_wpcf7cf_visible_groups\" value=\"[]\" \/><input type=\"hidden\" name=\"_wpcf7cf_repeaters\" value=\"[]\" \/><input type=\"hidden\" name=\"_wpcf7cf_steps\" value=\"{}\" \/><input type=\"hidden\" name=\"_wpcf7cf_options\" value=\"{&quot;form_id&quot;:14934,&quot;conditions&quot;:[],&quot;settings&quot;:{&quot;animation&quot;:&quot;yes&quot;,&quot;animation_intime&quot;:200,&quot;animation_outtime&quot;:200,&quot;conditions_ui&quot;:&quot;normal&quot;,&quot;notice_dismissed&quot;:false,&quot;notice_dismissed_update-cf7-6.0.6&quot;:true,&quot;notice_dismissed_update-cf7-6.1&quot;:true,&quot;notice_dismissed_update-cf7-6.1.3&quot;:true}}\" \/>\n<\/fieldset>\n<div class=\"contact-form-groups\">\n  <div class=\"contact-form-group\">\n    <span class=\"wpcf7-form-control-wrap\" data-name=\"fname\"><input size=\"40\" maxlength=\"400\" class=\"wpcf7-form-control wpcf7-text wpcf7-validates-as-required\" autocomplete=\"given-name\" aria-required=\"true\" aria-invalid=\"false\" placeholder=\"First Name *\" value=\"\" type=\"text\" name=\"fname\" \/><\/span>\n  <\/div>\n  <div class=\"contact-form-group\">\n    <span class=\"wpcf7-form-control-wrap\" data-name=\"lname\"><input size=\"40\" maxlength=\"400\" class=\"wpcf7-form-control wpcf7-text wpcf7-validates-as-required\" autocomplete=\"family-name\" aria-required=\"true\" aria-invalid=\"false\" placeholder=\"Last Name*\" value=\"\" type=\"text\" name=\"lname\" \/><\/span>\n  <\/div>\n  <div class=\"contact-form-group\">\n    <span class=\"wpcf7-form-control-wrap\" data-name=\"your-country\"><select class=\"wpcf7-form-control wpcf7-select wpcf7-validates-as-required\" autocomplete=\"country\" aria-required=\"true\" aria-invalid=\"false\" name=\"your-country\"><option value=\"\">Country *<\/option><option value=\"United States\">United States<\/option><option value=\"Australia\">Australia<\/option><option value=\"France\">France<\/option><option value=\"Germany\">Germany<\/option><option value=\"\"><\/option><option value=\"Andorra\">Andorra<\/option><option value=\"Angola\">Angola<\/option><option value=\"Anguilla\">Anguilla<\/option><option value=\"Antigua\">Antigua<\/option><option value=\"Argentina\">Argentina<\/option><option value=\"Armenia\">Armenia<\/option><option value=\"Aruba\">Aruba<\/option><option value=\"Austria\">Austria<\/option><option value=\"Azerbaijan\">Azerbaijan<\/option><option value=\"Bahamas\">Bahamas<\/option><option value=\"Bahrain\">Bahrain<\/option><option value=\"Bangladesh\">Bangladesh<\/option><option value=\"Barbados\">Barbados<\/option><option value=\"Belarus\">Belarus<\/option><option value=\"Belgium\">Belgium<\/option><option value=\"Belize\">Belize<\/option><option value=\"Benin\">Benin<\/option><option value=\"Bermuda\">Bermuda<\/option><option value=\"Bhutan\">Bhutan<\/option><option value=\"Bolivia\">Bolivia<\/option><option value=\"Bosnia Herzegovina\">Bosnia Herzegovina<\/option><option value=\"Botswana\">Botswana<\/option><option value=\"Brazil\">Brazil<\/option><option value=\"Brunei\">Brunei<\/option><option value=\"Bulgaria\">Bulgaria<\/option><option value=\"Burkina Faso\">Burkina Faso<\/option><option value=\"Burundi\">Burundi<\/option><option value=\"Cambodia\">Cambodia<\/option><option value=\"Cameroon\">Cameroon<\/option><option value=\"Canada\">Canada<\/option><option value=\"Cape Verde Islands\">Cape Verde Islands<\/option><option value=\"Cayman Islands\">Cayman Islands<\/option><option value=\"Central African Republic\">Central African Republic<\/option><option value=\"Chile\">Chile<\/option><option value=\"China\">China<\/option><option value=\"Colombia\">Colombia<\/option><option value=\"Comoros\">Comoros<\/option><option value=\"Congo\">Congo<\/option><option value=\"Cook Islands\">Cook Islands<\/option><option value=\"Costa Rica\">Costa Rica<\/option><option value=\"Croatia\">Croatia<\/option><option value=\"Cuba\">Cuba<\/option><option value=\"Cyprus North\">Cyprus North<\/option><option value=\"Cyprus South\">Cyprus South<\/option><option value=\"Czech Republic\">Czech Republic<\/option><option value=\"Denmark\">Denmark<\/option><option value=\"Djibouti\">Djibouti<\/option><option value=\"Dominica\">Dominica<\/option><option value=\"Dominican Republic\">Dominican Republic<\/option><option value=\"Ecuador\">Ecuador<\/option><option value=\"Egypt\">Egypt<\/option><option value=\"El Salvador\">El Salvador<\/option><option value=\"Equatorial Guinea\">Equatorial Guinea<\/option><option value=\"Eritrea\">Eritrea<\/option><option value=\"Estonia\">Estonia<\/option><option value=\"Ethiopia\">Ethiopia<\/option><option value=\"Falkland Islands\">Falkland Islands<\/option><option value=\"Faroe Islands\">Faroe Islands<\/option><option value=\"Fiji\">Fiji<\/option><option value=\"Finland\">Finland<\/option><option value=\"French Guiana\">French Guiana<\/option><option value=\"French Polynesia\">French Polynesia<\/option><option value=\"Gabon\">Gabon<\/option><option value=\"Gambia\">Gambia<\/option><option value=\"Georgia\">Georgia<\/option><option value=\"Ghana\">Ghana<\/option><option value=\"Gibraltar\">Gibraltar<\/option><option value=\"Greece\">Greece<\/option><option value=\"Greenland\">Greenland<\/option><option value=\"Grenada\">Grenada<\/option><option value=\"Guadeloupe\">Guadeloupe<\/option><option value=\"Guam\">Guam<\/option><option value=\"Guatemala\">Guatemala<\/option><option value=\"Guinea\">Guinea<\/option><option value=\"Guinea - Bissau\">Guinea - Bissau<\/option><option value=\"Guyana\">Guyana<\/option><option value=\"Haiti\">Haiti<\/option><option value=\"Honduras\">Honduras<\/option><option value=\"Hong Kong\">Hong Kong<\/option><option value=\"Hungary\">Hungary<\/option><option value=\"Iceland\">Iceland<\/option><option value=\"India\">India<\/option><option value=\"Indonesia\">Indonesia<\/option><option value=\"Iran\">Iran<\/option><option value=\"Iraq\">Iraq<\/option><option value=\"Ireland\">Ireland<\/option><option value=\"Israel\">Israel<\/option><option value=\"Italy\">Italy<\/option><option value=\"Jamaica\">Jamaica<\/option><option value=\"Japan\">Japan<\/option><option value=\"Jordan\">Jordan<\/option><option value=\"Kazakhstan\">Kazakhstan<\/option><option value=\"Kenya\">Kenya<\/option><option value=\"Kiribati\">Kiribati<\/option><option value=\"Korea North\">Korea North<\/option><option value=\"Korea South\">Korea South<\/option><option value=\"Kuwait\">Kuwait<\/option><option value=\"Kyrgyzstan\">Kyrgyzstan<\/option><option value=\"Laos\">Laos<\/option><option value=\"Latvia\">Latvia<\/option><option value=\"Lebanon\">Lebanon<\/option><option value=\"Lesotho\">Lesotho<\/option><option value=\"Liberia\">Liberia<\/option><option value=\"Libya\">Libya<\/option><option value=\"Liechtenstein\">Liechtenstein<\/option><option value=\"Lithuania\">Lithuania<\/option><option value=\"Luxembourg\">Luxembourg<\/option><option value=\"Macao\">Macao<\/option><option value=\"Macedonia\">Macedonia<\/option><option value=\"Madagascar\">Madagascar<\/option><option value=\"Malawi\">Malawi<\/option><option value=\"Malaysia\">Malaysia<\/option><option value=\"Maldives\">Maldives<\/option><option value=\"Mali\">Mali<\/option><option value=\"Malta\">Malta<\/option><option value=\"Marshall Islands\">Marshall Islands<\/option><option value=\"Martinique\">Martinique<\/option><option value=\"Mauritania\">Mauritania<\/option><option value=\"Mayotte\">Mayotte<\/option><option value=\"Mexico\">Mexico<\/option><option value=\"Micronesia\">Micronesia<\/option><option value=\"Moldova\">Moldova<\/option><option value=\"Monaco\">Monaco<\/option><option value=\"Mongolia\">Mongolia<\/option><option value=\"Montserrat\">Montserrat<\/option><option value=\"Morocco\">Morocco<\/option><option value=\"Mozambique\">Mozambique<\/option><option value=\"Myanmar\">Myanmar<\/option><option value=\"Namibia\">Namibia<\/option><option value=\"Nauru\">Nauru<\/option><option value=\"Nepal\">Nepal<\/option><option value=\"Netherlands\">Netherlands<\/option><option value=\"New Caledonia\">New Caledonia<\/option><option value=\"New Zealand\">New Zealand<\/option><option value=\"Nicaragua\">Nicaragua<\/option><option value=\"Niger\">Niger<\/option><option value=\"Nigeria\">Nigeria<\/option><option value=\"Niue\">Niue<\/option><option value=\"Norfolk Islands\">Norfolk Islands<\/option><option value=\"Northern Marianas\">Northern Marianas<\/option><option value=\"Norway\">Norway<\/option><option value=\"Oman\">Oman<\/option><option value=\"Palau\">Palau<\/option><option value=\"Panama\">Panama<\/option><option value=\"Papua New Guinea\">Papua New Guinea<\/option><option value=\"Paraguay\">Paraguay<\/option><option value=\"Peru\">Peru<\/option><option value=\"Philippines\">Philippines<\/option><option value=\"Poland\">Poland<\/option><option value=\"Portugal\">Portugal<\/option><option value=\"Puerto Rico\">Puerto Rico<\/option><option value=\"Qatar\">Qatar<\/option><option value=\"Reunion\">Reunion<\/option><option value=\"Romania\">Romania<\/option><option value=\"Russia\">Russia<\/option><option value=\"Rwanda\">Rwanda<\/option><option value=\"San Marino\">San Marino<\/option><option value=\"Sao Tome &amp; Principe\">Sao Tome &amp; Principe<\/option><option value=\"Saudi Arabia\">Saudi Arabia<\/option><option value=\"Senegal\">Senegal<\/option><option value=\"Serbia\">Serbia<\/option><option value=\"Seychelles\">Seychelles<\/option><option value=\"Sierra Leone\">Sierra Leone<\/option><option value=\"Singapore\">Singapore<\/option><option value=\"Slovak Republic\">Slovak Republic<\/option><option value=\"Slovenia\">Slovenia<\/option><option value=\"Solomon Islands\">Solomon Islands<\/option><option value=\"Somalia\">Somalia<\/option><option value=\"South Africa\">South Africa<\/option><option value=\"Spain\">Spain<\/option><option value=\"Sri Lanka\">Sri Lanka<\/option><option value=\"St. Helena\">St. Helena<\/option><option value=\"St. Kitts\">St. Kitts<\/option><option value=\"St. Lucia\">St. Lucia<\/option><option value=\"Sudan\">Sudan<\/option><option value=\"Suriname\">Suriname<\/option><option value=\"Swaziland\">Swaziland<\/option><option value=\"Sweden\">Sweden<\/option><option value=\"Switzerland\">Switzerland<\/option><option value=\"Syria\">Syria<\/option><option value=\"Taiwan\">Taiwan<\/option><option value=\"Tajikstan\">Tajikstan<\/option><option value=\"Thailand\">Thailand<\/option><option value=\"Togo\">Togo<\/option><option value=\"Tonga\">Tonga<\/option><option value=\"Trinidad &amp; Tobago\">Trinidad &amp; Tobago<\/option><option value=\"Tunisia\">Tunisia<\/option><option value=\"Turkey\">Turkey<\/option><option value=\"Turkmenistan\">Turkmenistan<\/option><option value=\"Turkmenistan\">Turkmenistan<\/option><option value=\"Turks &amp; Caicos Islands\">Turks &amp; Caicos Islands<\/option><option value=\"Tuvalu\">Tuvalu<\/option><option value=\"Uganda\">Uganda<\/option><option value=\"UK\">UK<\/option><option value=\"Ukraine\">Ukraine<\/option><option value=\"United Arab Emirates\">United Arab Emirates<\/option><option value=\"Uruguay\">Uruguay<\/option><option value=\"Uzbekistan\">Uzbekistan<\/option><option value=\"Vanuatu\">Vanuatu<\/option><option value=\"Vatican City\">Vatican City<\/option><option value=\"Venezuela\">Venezuela<\/option><option value=\"Vietnam\">Vietnam<\/option><option value=\"Virgin Islands\">Virgin Islands<\/option><option value=\"Wallis &amp; Futuna\">Wallis &amp; Futuna<\/option><option value=\"Yemen\">Yemen<\/option><option value=\"Zambia\">Zambia<\/option><option value=\"Zimbabwe\">Zimbabwe<\/option><\/select><\/span>\n  <\/div>\n  <div class=\"contact-form-group\">\n    <span class=\"wpcf7-form-control-wrap\" data-name=\"zipcode\"><input size=\"40\" maxlength=\"400\" class=\"wpcf7-form-control wpcf7-text\" aria-invalid=\"false\" placeholder=\"Postcode \/ ZIP\" value=\"\" type=\"text\" name=\"zipcode\" \/><\/span>\n  <\/div>\n  <div class=\"contact-form-group\">\n    <span class=\"wpcf7-form-control-wrap\" data-name=\"email\"><input size=\"40\" maxlength=\"400\" class=\"wpcf7-form-control wpcf7-email wpcf7-validates-as-required wpcf7-text wpcf7-validates-as-email\" autocomplete=\"email\" aria-required=\"true\" aria-invalid=\"false\" placeholder=\"E-mail *\" value=\"\" type=\"email\" name=\"email\" \/><\/span>\n  <\/div>\n  <div class=\"contact-form-group\">\n    <span class=\"wpcf7-form-control-wrap\" data-name=\"phone\"><input size=\"40\" maxlength=\"400\" class=\"wpcf7-form-control wpcf7-text wpcf7-validates-as-required\" autocomplete=\"phone\" aria-required=\"true\" aria-invalid=\"false\" placeholder=\"Phone *\" value=\"\" type=\"text\" name=\"phone\" \/><\/span>\n  <\/div>\n\t<div class=\"contact-form-group\">\n\t\t<span class=\"wpcf7-form-control-wrap\" data-name=\"referral\"><select class=\"wpcf7-form-control wpcf7-select\" aria-invalid=\"false\" name=\"referral\"><option value=\"\">Where did you hear from us<\/option><option value=\"Instagram\">Instagram<\/option><option value=\"Facebook\">Facebook<\/option><option value=\"Google\">Google<\/option><option value=\"Forums\">Forums<\/option><option value=\"During an Event\">During an Event<\/option><option value=\"Friend\">Friend<\/option><option value=\"I&#039;m a JB owner\">I&#039;m a JB owner<\/option><option value=\"Other\">Other<\/option><\/select><\/span>\n\t<\/div>  \n  <div class=\"text-xs text-gray-500 mb-40\">\n    James Baroud needs the contact information you provide to fulfill your request for our catalog and to share information about our products and services. You can opt out of receiving these communications at any time. For more details on how to unsubscribe and our privacy practices, please review our <a href=\"https:\/\/jamesbaroud.com\/privacy-policy\/\">Privacy Policy<\/a>.\n  <\/div>\n  <div class=\"contact-form-group submit-group\">\n    <div class=\"cf7-cf-turnstile\" style=\"margin-top: 0px; margin-bottom: -15px;\"> <div id=\"cf-turnstile-cf7-1666429528\" class=\"cf-turnstile\" data-sitekey=\"0x4AAAAAABL65IbyyRsCxmBF\" data-theme=\"light\" data-language=\"auto\" data-size=\"normal\" data-retry=\"auto\" data-retry-interval=\"1000\" data-refresh-expired=\"auto\" data-action=\"contact-form-7\" data-appearance=\"always\"><\/div> <script>document.addEventListener(\"DOMContentLoaded\", function() { setTimeout(function(){ var e=document.getElementById(\"cf-turnstile-cf7-1666429528\"); e&&!e.innerHTML.trim()&&(turnstile.remove(\"#cf-turnstile-cf7-1666429528\"), turnstile.render(\"#cf-turnstile-cf7-1666429528\", {sitekey:\"0x4AAAAAABL65IbyyRsCxmBF\"})); }, 100); });<\/script> <br class=\"cf-turnstile-br cf-turnstile-br-cf7-1666429528\"> <style>#cf-turnstile-cf7-1666429528 { margin-left: -15px; }<\/style> <script>document.addEventListener(\"DOMContentLoaded\",function(){document.querySelectorAll('.wpcf7-form').forEach(function(e){e.addEventListener('submit',function(){if(document.getElementById('cf-turnstile-cf7-1666429528')){setTimeout(function(){turnstile.reset('#cf-turnstile-cf7-1666429528');},1000)}})})});<\/script> <\/div><br\/><input class=\"wpcf7-form-control wpcf7-submit has-spinner\" type=\"submit\" value=\"Submit\" \/>\n  <\/div>\n<\/div>\n\n<input class=\"wpcf7-form-control wpcf7-hidden selected-country\" id=\"country\" value=\"\" type=\"hidden\" name=\"country\" \/>\n<input class=\"wpcf7-form-control wpcf7-hidden jamesbaroud-form-cart\" id=\"cart\" value=\"\" type=\"hidden\" name=\"cart\" \/>\n<input class=\"wpcf7-form-control wpcf7-hidden\" value=\"\" type=\"hidden\" name=\"utm_source\" \/>\n<input class=\"wpcf7-form-control wpcf7-hidden\" value=\"\" type=\"hidden\" name=\"utm_medium\" \/>\n<input class=\"wpcf7-form-control wpcf7-hidden\" value=\"\" type=\"hidden\" name=\"utm_campaign\" \/>\n<input class=\"wpcf7-form-control wpcf7-hidden\" value=\"\" type=\"hidden\" name=\"utm_term\" \/>\n<input class=\"wpcf7-form-control wpcf7-hidden\" value=\"\" type=\"hidden\" name=\"utm_content\" \/>\n<div class=\"wpcf7-response-output\" aria-hidden=\"true\"><\/div>\n<\/form>\n<\/div>\n<\/div>\n<\/div><\/div><\/div>\n<\/div><\/div>\n","protected":false},"excerpt":{"rendered":"<p>Obtener un cat\u00e1logo Explore el mundo de James Baroud Nuestro cat\u00e1logo ofrece una inmersi\u00f3n profunda en las tiendas de campa\u00f1a de techo de primera calidad y el equipo para exteriores que hacen que cada aventura sea inolvidable. En su interior, encontrar\u00e1 informaci\u00f3n detallada sobre nuestras tiendas de alta calidad fabricadas en Europa, soluciones de camping &#8230;<\/p>\n","protected":false},"author":5,"featured_media":59026,"parent":0,"menu_order":0,"comment_status":"closed","ping_status":"closed","template":"","meta":{"footnotes":""},"class_list":["post-25527","page","type-page","status-publish","has-post-thumbnail","hentry"],"acf":[],"_links":{"self":[{"href":"https:\/\/jamesbaroud.com\/es\/wp-json\/wp\/v2\/pages\/25527","targetHints":{"allow":["GET"]}}],"collection":[{"href":"https:\/\/jamesbaroud.com\/es\/wp-json\/wp\/v2\/pages"}],"about":[{"href":"https:\/\/jamesbaroud.com\/es\/wp-json\/wp\/v2\/types\/page"}],"author":[{"embeddable":true,"href":"https:\/\/jamesbaroud.com\/es\/wp-json\/wp\/v2\/users\/5"}],"replies":[{"embeddable":true,"href":"https:\/\/jamesbaroud.com\/es\/wp-json\/wp\/v2\/comments?post=25527"}],"version-history":[{"count":4,"href":"https:\/\/jamesbaroud.com\/es\/wp-json\/wp\/v2\/pages\/25527\/revisions"}],"predecessor-version":[{"id":59052,"href":"https:\/\/jamesbaroud.com\/es\/wp-json\/wp\/v2\/pages\/25527\/revisions\/59052"}],"wp:featuredmedia":[{"embeddable":true,"href":"https:\/\/jamesbaroud.com\/es\/wp-json\/wp\/v2\/media\/59026"}],"wp:attachment":[{"href":"https:\/\/jamesbaroud.com\/es\/wp-json\/wp\/v2\/media?parent=25527"}],"curies":[{"name":"wp","href":"https:\/\/api.w.org\/{rel}","templated":true}]}}