{"id":31373,"date":"2023-05-31T17:08:23","date_gmt":"2023-05-31T17:08:23","guid":{"rendered":"https:\/\/jamesbaroud.com\/privacy-policy\/"},"modified":"2023-05-31T17:08:23","modified_gmt":"2023-05-31T17:08:23","slug":"privacy-policy","status":"publish","type":"page","link":"https:\/\/jamesbaroud.com\/es\/privacy-policy\/","title":{"rendered":"Privacy Policy &#8211; EU"},"content":{"rendered":"\n<div class=\"wp-block-stackable-columns stk-block-columns stk-block stk-d480931\" data-block-id=\"d480931\"><style>.stk-d480931-column{max-width:800px !important;min-width:auto !important;margin-right:auto !important;margin-left:auto !important;}<\/style><div class=\"stk-row stk-inner-blocks stk-block-content stk-content-align stk-d480931-column\">\n<div class=\"wp-block-stackable-column stk-block-column stk-column stk-block stk-8297ee7\" data-v=\"4\" data-block-id=\"8297ee7\"><div class=\"stk-column-wrapper stk-block-column__content stk-container stk-8297ee7-container stk--no-background stk--no-padding\"><div class=\"stk-block-content stk-inner-blocks stk-8297ee7-inner-blocks\">\n<div class=\"wp-block-stackable-heading stk-block-heading stk-block-heading--v2 stk-block stk-6b88328\" id=\"privacy-policy\" data-block-id=\"6b88328\"><style>.stk-6b88328 {margin-top:45px !important;margin-bottom:30px !important;}<\/style><h1 class=\"stk-block-heading__text\">Privacy Policy<\/h1><\/div>\n\n\n\n<!-- Legal document generated by Complianz | GDPR\/CCPA Cookie Consent https:\/\/wordpress.org\/plugins\/complianz-gdpr -->\n<div id=\"cmplz-document\" class=\"cmplz-document privacy-statement cmplz-document-eu\"><p><i>Esta declaraci\u00f3n de privacidad se actualiz\u00f3 por \u00faltima vez el 13 de noviembre de 2025 y se aplica a los ciudadanos y residentes legales permanentes del Espacio Econ\u00f3mico Europeo y Suiza.<\/i><br \/><br \/><\/p><p><p>En esta declaraci\u00f3n de privacidad, explicamos lo que hacemos con los datos que obtenemos sobre usted a trav\u00e9s de <a href=\"https:\/\/jamesbaroud.com\/es\/\">https:\/\/jamesbaroud.com\/es\/<\/a>. Le recomendamos que lea atentamente esta declaraci\u00f3n. En nuestro tratamiento cumplimos con los requisitos de la legislaci\u00f3n sobre privacidad. Esto significa, entre otras cosas, que:<\/p><ul>\n                <li>indicamos claramente los fines para los que procesamos los datos personales. Hacemos esto por medio de esta declaraci\u00f3n de privacidad.<\/li>\n                <li>nos proponemos limitar nuestra recopilaci\u00f3n de datos personales a los datos personales necesarios para fines leg\u00edtimos;<\/li>\n                <li>en primer lugar, solicitamos su consentimiento expl\u00edcito para el tratamiento de sus datos personales en los casos en que sea necesario.<\/li>\n                <li>tomamos las medidas de seguridad adecuadas para proteger sus datos personales y tambi\u00e9n lo exigimos a las partes que procesan datos personales en nuestro nombre;<\/li>\n                <li>respetamos su derecho a acceder, rectificar o cancelar sus datos personales previa solicitud.<\/li>\n            <\/ul><p>Si tiene alguna pregunta o quiere saber exactamente qu\u00e9 datos guardamos de usted, p\u00f3ngase en contacto con nosotros.<\/p><\/p><h2>1. Prop\u00f3sito, datos y periodo de retenci\u00f3n<\/h2>Podemos recopilar o recibir informaci\u00f3n personal para un n\u00famero de prop\u00f3sitos relacionados con nuestras operaciones comerciales, que pueden incluir lo siguiente: (haga clic para expandir) <details class=\"cmplz-dropdown dropdown-privacy-statement\"><summary><div><h3>1.1 Contacto &#8211; Por tel\u00e9fono, correo, correo electr\u00f3nico y\/o formularios en el sitio<\/h3><\/div><\/summary><p class=\"cmplz-subtitle\">Para ello utilizamos los siguientes datos:<\/p><p><ul><li>Un nombre y apellido<\/li><li>Nombre de cuenta o alias<\/li><li>Una direcci\u00f3n de correo electr\u00f3nico<\/li><li>Un n\u00famero de tel\u00e9fono<\/li><li>Datos de geolocalizaci\u00f3n<\/li><\/ul><\/p><p class=\"cmplz-subtitle\">La base sobre la que podemos procesar estos datos es:<\/p><p><a target=\"_blank\" rel=\"noopener noreferrer nofollow\" href=\"https:\/\/cookiedatabase.org\/legal-bases\/#consent\">Tras la prestaci\u00f3n del consentimiento. <\/a><\/p><p class=\"cmplz-subtitle\">Per\u00edodo de retenci\u00f3n<\/p><p>Retendremos estos datos hasta que el servicio sea cancelado.<\/p><\/details><details class=\"cmplz-dropdown dropdown-privacy-statement\"><summary><div><h3>1.2 Pagos<\/h3><\/div><\/summary><p class=\"cmplz-subtitle\">Para ello utilizamos los siguientes datos:<\/p><p><ul><li>Un nombre y apellido<\/li><li>Nombre de cuenta o alias<\/li><li>Una direcci\u00f3n de casa u otra direcci\u00f3n f\u00edsica, incluyendo el nombre de la calle y el nombre de una ciudad o pueblo<\/li><li>Una direcci\u00f3n de correo electr\u00f3nico<\/li><li>Un n\u00famero de tel\u00e9fono<\/li><li>Datos de geolocalizaci\u00f3n<\/li><\/ul><\/p><p class=\"cmplz-subtitle\">La base sobre la que podemos procesar estos datos es:<\/p><p><a target=\"_blank\" rel=\"noopener noreferrer nofollow\" href=\"https:\/\/cookiedatabase.org\/legal-bases\/#consent\">Tras la prestaci\u00f3n del consentimiento. <\/a><\/p><p class=\"cmplz-subtitle\">Per\u00edodo de retenci\u00f3n<\/p><p>Retendremos estos datos hasta que el servicio sea cancelado.<\/p><\/details><details class=\"cmplz-dropdown dropdown-privacy-statement\"><summary><div><h3>1.3 Registrando una cuenta<\/h3><\/div><\/summary><p class=\"cmplz-subtitle\">Para ello utilizamos los siguientes datos:<\/p><p><ul><li>Un nombre y apellido<\/li><li>Nombre de cuenta o alias<\/li><li>Una direcci\u00f3n de correo electr\u00f3nico<\/li><li>Datos de geolocalizaci\u00f3n<\/li><\/ul><\/p><p class=\"cmplz-subtitle\">La base sobre la que podemos procesar estos datos es:<\/p><p><a target=\"_blank\" rel=\"noopener noreferrer nofollow\" href=\"https:\/\/cookiedatabase.org\/legal-bases\/#consent\">Tras la prestaci\u00f3n del consentimiento. <\/a><\/p><p class=\"cmplz-subtitle\">Per\u00edodo de retenci\u00f3n<\/p><p>Retendremos estos datos hasta que el servicio sea cancelado.<\/p><\/details><details class=\"cmplz-dropdown dropdown-privacy-statement\"><summary><div><h3>1.4 Boletines de noticias<\/h3><\/div><\/summary><p class=\"cmplz-subtitle\">Para ello utilizamos los siguientes datos:<\/p><p><ul><li>Un nombre y apellido<\/li><li>Una direcci\u00f3n de correo electr\u00f3nico<\/li><\/ul><\/p><p class=\"cmplz-subtitle\">La base sobre la que podemos procesar estos datos es:<\/p><p><a target=\"_blank\" rel=\"noopener noreferrer nofollow\" href=\"https:\/\/cookiedatabase.org\/legal-bases\/#consent\">Tras la prestaci\u00f3n del consentimiento. <\/a><\/p><p class=\"cmplz-subtitle\">Per\u00edodo de retenci\u00f3n<\/p><p>Retendremos estos datos hasta que el servicio sea cancelado.<\/p><\/details><details class=\"cmplz-dropdown dropdown-privacy-statement\"><summary><div><h3>1.5 Recopilaci\u00f3n y an\u00e1lisis de estad\u00edsticas para la mejora de la web.<\/h3><\/div><\/summary><p class=\"cmplz-subtitle\">Para ello utilizamos los siguientes datos:<\/p><p><ul><li>Datos de geolocalizaci\u00f3n<\/li><\/ul><\/p><p class=\"cmplz-subtitle\">La base sobre la que podemos procesar estos datos es:<\/p><p><a target=\"_blank\" rel=\"noopener noreferrer nofollow\" href=\"https:\/\/cookiedatabase.org\/legal-bases\/#consent\">Tras la prestaci\u00f3n del consentimiento. <\/a><\/p><p class=\"cmplz-subtitle\">Per\u00edodo de retenci\u00f3n<\/p><p>Retendremos estos datos hasta que el servicio sea cancelado.<\/p><\/details><details class=\"cmplz-dropdown dropdown-privacy-statement\"><summary><div><h3>1.6 Vender o compartir los datos con un tercero<\/h3><\/div><\/summary><p class=\"cmplz-subtitle\">Para ello utilizamos los siguientes datos:<\/p><p><ul><li>Datos de geolocalizaci\u00f3n<\/li><\/ul><\/p><p class=\"cmplz-subtitle\">La base sobre la que podemos procesar estos datos es:<\/p><p><a target=\"_blank\" rel=\"noopener noreferrer nofollow\" href=\"https:\/\/cookiedatabase.org\/legal-bases\/#consent\">Tras la prestaci\u00f3n del consentimiento. <\/a><\/p><p class=\"cmplz-subtitle\">Per\u00edodo de retenci\u00f3n<\/p><p>Retendremos estos datos hasta que el servicio sea cancelado.<\/p><\/details><h2>2. Cookies<\/h2><p>Nuestra web utiliza cookies. Para m\u00e1s informaci\u00f3n acerca de las cookies, por favor consulte nuestra <a href=\"https:\/\/jamesbaroud.com\/es\/cookie-policy-eu\/\">Pol\u00edtica de cookies<\/a>.&nbsp;<\/p><h2>3. Pr\u00e1cticas de divulgaci\u00f3n<\/h2><p><p>Divulgamos informaci\u00f3n personal si nos lo exige la ley o una orden judicial, en respuesta a un organismo encargado de hacer cumplir la ley, en la medida en que lo permitan otras disposiciones legales, para proporcionar informaci\u00f3n o para una investigaci\u00f3n sobre un asunto relacionado con la seguridad p\u00fablica.<\/p><p>Si nuestro sitio web o nuestra organizaci\u00f3n son adquiridos, vendidos o participan en una fusi\u00f3n o adquisici\u00f3n, sus datos podr\u00e1n ser revelados a nuestros asesores y a los posibles compradores, y se transmitir\u00e1n a los nuevos propietarios.<\/p><\/p><p>Tenemos un Acuerdo de procesamiento de datos con Google.<\/p><p>Google no puede utilizar los datos para otros servicios de Google.<\/p><p>La inclusi\u00f3n de direcciones IP completas est\u00e1 bloqueada por nosotros.<\/p><h2>4. Seguridad<\/h2><p>Estamos comprometidos con la seguridad de los datos personales. Tomamos las medidas de seguridad adecuadas para limitar el abuso y el acceso no autorizado a los datos personales. Esto asegura que s\u00f3lo las personas necesarias tengan acceso a sus datos, que el acceso a los datos est\u00e9 protegido y que nuestras medidas de seguridad sean revisadas regularmente.<\/p><h2>5. Webs de terceros<\/h2><p>Esta declaraci\u00f3n de privacidad no se aplica a las webs de terceros conectados mediante enlaces en nuestra web. No podemos garantizar que estas terceras partes manejen sus datos personales de forma fiable o segura. Le recomendamos que lea las declaraciones de privacidad de estas webs antes de utilizarlos.<\/p><h2>6. Modificaciones de esta declaraci\u00f3n de privacidad<\/h2><p>Nos reservamos el derecho de hacer enmiendas a esta declaraci\u00f3n de privacidad. Se recomienda que consulte esta declaraci\u00f3n de privacidad regularmente para estar al tanto de cualquier cambio. Adem\u00e1s, le informaremos activamente siempre que sea posible.<\/p><h2>7. Acceso y modificaci\u00f3n de sus datos<\/h2><p>Si tiene alguna pregunta o desea saber qu\u00e9 datos personales tenemos sobre usted, p\u00f3ngase en contacto con nosotros. Puede ponerse en contacto con nosotros utilizando la siguiente informaci\u00f3n. Usted tiene los siguientes derechos:<\/p><ul>\n                <li>Usted tiene derecho a saber por qu\u00e9 se necesitan sus datos personales, qu\u00e9 pasar\u00e1 con ellos y durante cu\u00e1nto tiempo se conservar\u00e1n.<\/li>\n                <li>Derecho de acceso: Tiene derecho a acceder a los datos personales que conocemos sobre usted.<\/li>\n                <li>Derecho de rectificaci\u00f3n: tiene derecho a completar, rectificar, borrar o bloquear sus datos personales cuando lo desee.<\/li>\n                <li>Si usted nos da su consentimiento para procesar sus datos, tiene derecho a revocar dicho consentimiento y a que se eliminen sus datos personales.<\/li>\n                <li>Derecho de cesi\u00f3n de sus datos: tiene derecho a solicitar todos sus datos personales al responsable y a transferirlos \u00edntegramente a otro responsable del tratamiento de datos.<\/li>\n                <li>Derecho de oposici\u00f3n: usted puede oponerse al tratamiento de sus datos. Nosotros cumplimos con esto, a menos que existan motivos justificados para el tratamiento.<\/li>\n            <\/ul><p>Por favor, aseg\u00farese de indicar siempre claramente qui\u00e9n es usted, para que podamos estar seguros de que no modificamos o eliminamos ning\u00fan dato de la persona equivocada.<\/p><h2>8. Enviando una reclamaci\u00f3n<\/h2><p>Si no est\u00e1 satisfecho con la forma en que tratamos o procesamos sus datos personales, tiene derecho a presentar una queja a la Autoridad de protecci\u00f3n de datos.<\/p><h2>9. Datos de contacto<\/h2><p>Capaventure Lda<br \/>\n        Rua das Lavagueiras 444, 4550-536 Pedorido<br \/>\n        Portugal<br \/>\n        Web: <a href=\"https:\/\/jamesbaroud.com\/es\/\">https:\/\/jamesbaroud.com\/es\/<\/a> <br \/>\n        Correo electr\u00f3nico: <span class=\"cmplz-obfuscate\">c&#111;n&#116;a&#099;&#116;@<span class=\"cmplz-fmail-domain\">&#101;x.&#099;om<\/span>j&#097;&#109;&#101;sba&#114;ou&#100;.&#099;&#111;m<\/span> <br \/>\n        N\u00famero de tel\u00e9fono: +351255762197<\/p><\/div><\/div><\/div><\/div>\n<\/div><\/div>\n","protected":false},"excerpt":{"rendered":"<p>Privacy Policy<\/p>\n","protected":false},"author":1,"featured_media":0,"parent":0,"menu_order":0,"comment_status":"closed","ping_status":"open","template":"","meta":{"footnotes":""},"class_list":["post-31373","page","type-page","status-publish","hentry"],"acf":[],"_links":{"self":[{"href":"https:\/\/jamesbaroud.com\/es\/wp-json\/wp\/v2\/pages\/31373","targetHints":{"allow":["GET"]}}],"collection":[{"href":"https:\/\/jamesbaroud.com\/es\/wp-json\/wp\/v2\/pages"}],"about":[{"href":"https:\/\/jamesbaroud.com\/es\/wp-json\/wp\/v2\/types\/page"}],"author":[{"embeddable":true,"href":"https:\/\/jamesbaroud.com\/es\/wp-json\/wp\/v2\/users\/1"}],"replies":[{"embeddable":true,"href":"https:\/\/jamesbaroud.com\/es\/wp-json\/wp\/v2\/comments?post=31373"}],"version-history":[{"count":0,"href":"https:\/\/jamesbaroud.com\/es\/wp-json\/wp\/v2\/pages\/31373\/revisions"}],"wp:attachment":[{"href":"https:\/\/jamesbaroud.com\/es\/wp-json\/wp\/v2\/media?parent=31373"}],"curies":[{"name":"wp","href":"https:\/\/api.w.org\/{rel}","templated":true}]}}