{"id":25983,"date":"2023-06-19T20:05:13","date_gmt":"2023-06-19T20:05:13","guid":{"rendered":"https:\/\/jamesbaroud.com\/waste-bag\/"},"modified":"2025-08-06T14:43:44","modified_gmt":"2025-08-06T14:43:44","slug":"waste-bag","status":"publish","type":"product","link":"https:\/\/jamesbaroud.com\/es\/accesorios\/waste-bag\/","title":{"rendered":"Waste Bag"},"content":{"rendered":"\n<div class=\"wp-block-stackable-columns alignfull stk-block-columns stk-block stk-8286a79\" data-block-id=\"8286a79\"><style>.stk-8286a79 .stk--block-align-8286a79{align-items:center !important}.stk-8286a79{margin-top:0px !important;margin-right:60px !important;margin-bottom:0px !important;margin-left:60px !important}.stk-8286a79-column{justify-content:center !important}@media screen and (max-width:1023px){.stk-8286a79{margin-right:20px !important;margin-left:20px !important}}<\/style><div class=\"stk-row stk-inner-blocks stk--block-align-8286a79 stk-block-content stk-content-align stk-8286a79-column stk--flex alignfull\">\n<div class=\"wp-block-stackable-column stk-block-column stk-column stk-block stk-619aea9\" data-v=\"4\" data-block-id=\"619aea9\"><div class=\"stk-column-wrapper stk-block-column__content stk-container stk-619aea9-container stk--no-background stk--no-padding\"><div class=\"stk-block-content stk-inner-blocks stk-619aea9-inner-blocks\">\n\t<div class=\"container-product\">\n\t\t\n\t\t<section id=\"block_1ae3740c13d71d698cafb56d3777e752\" class=\"block-product-buy padding-top-0 padding-bottom-0 relative w-full mx-auto overflow-hidden\">\n\t\t\t<div class=\"grid grid-cols-12 gap-20 items-center\">\n\t\t\t\t<div class=\"col-span-12 md:col-span-8\">\n\t\t\t\t\t\t\t\t\t<\/div>\n\n\t\t\t\t<div class=\"col-span-12 md:col-span-4 pl-0 md:pl-15\">\n\t\t\t\t\t<div class=\"wp-block-stackable-subtitle stk-block-subtitle stk-block mb-2\">\n\t\t\t\t\t\t<p class=\"stk-block-subtitle__text stk-subtitle\">James Baroud<\/p>\n\t\t\t\t\t<\/div>\n\n\t\t\t\t\t<div class=\"wp-block-stackable-heading stk-block-heading stk-block-heading--v2 stk-block\">\n\t\t\t\t\t\t<h1 class=\"stk-block-heading__text\">Waste Bag<\/h1>\n\t\t\t\t\t<\/div>\n\n\t\t\t\t\t<div class=\"flex flex-col gap-20\">\n\t\t\t\t\t\t<p>La Waste Bag de James Baroud es una soluci\u00f3n innovadora a un viejo problema: c\u00f3mo deshacerse de la basura mientras se acampa sin provocar olores ni derrames de l\u00edquidos en el interior del veh\u00edculo.  <\/p>\n<p>A diferencia de las bolsas de basura normales, esta bolsa lavable est\u00e1 fabricada con un material de PVC de alta calidad dise\u00f1ado para soportar las condiciones de acampada m\u00e1s duras. Dispone de una abertura superior y un cierre de cord\u00f3n para mantener la basura segura en su interior incluso en las duras carreteras terrestres. <\/p>\n\t\t\t\t\t<\/div>\n\n\t\t\t\t\t\t\t\t\t\t\t<div class=\"mt-10 \">\n\t\t\t\t\t\t\t\n\t\n\t<form class=\"cart\" action=\"https:\/\/jamesbaroud.com\/es\/accesorios\/waste-bag\/\" method=\"post\" enctype='multipart\/form-data'>\n    <div class=\"single_variation\">\n      <div class=\"woocommerce-variation single_variation\">\n        <div class=\"woocommerce-variation-price\">\n          <span class=\"price\">\n            <span class=\"woocommerce-Price-amount amount\"><bdi><span class=\"woocommerce-Price-currencySymbol\">$<\/span>205.00<\/bdi><\/span>          <\/span><!-- \/.price -->\n        <\/div><!-- \/.woocommerce-variation-price -->\n      <\/div><!-- \/ -->\n      \n      \n      <div class=\"add-to-cart-action-bar\">\n        \n        <div class=\"quantity\">\n\t\t<label class=\"screen-reader-text\" for=\"quantity_69f50ca5ce0b9\">Waste Bag cantidad<\/label>\n\t<input\n\t\ttype=\"number\"\n\t\t\t\tid=\"quantity_69f50ca5ce0b9\"\n\t\tclass=\"input-text qty text\"\n\t\tname=\"quantity\"\n\t\tvalue=\"1\"\n\t\taria-label=\"Cantidad de productos\"\n\t\t\t\tmin=\"1\"\n\t\t\t\t\t\t\tstep=\"1\"\n\t\t\tplaceholder=\"\"\n\t\t\tinputmode=\"numeric\"\n\t\t\tautocomplete=\"off\"\n\t\t\t\/>\n\t<\/div>\n        <button type=\"submit\" name=\"add-to-cart\" value=\"25983\"  class=\"single_add_to_cart_button btn btn-xl btn--primary\" >A\u00f1adir al carrito<\/button>\n\n\n        <input type=\"hidden\" name=\"gtm4wp_product_data\" value=\"{&quot;internal_id&quot;:25983,&quot;item_id&quot;:25983,&quot;item_name&quot;:&quot;Waste Bag&quot;,&quot;sku&quot;:&quot;41874300000&quot;,&quot;price&quot;:205,&quot;stocklevel&quot;:null,&quot;stockstatus&quot;:&quot;instock&quot;,&quot;google_business_vertical&quot;:&quot;retail&quot;,&quot;item_category&quot;:&quot;Accesorios&quot;,&quot;id&quot;:25983}\" \/>\n<button id=\"more-info-button\" type=\"button\" class=\"more-info-button btn btn-xl btn--gray \"><span>\u00bfDudas?<\/span> <i class=\"fal fa-comments-alt\"><\/i><\/button>        <input type=\"hidden\" name=\"add-to-cart\" value=\"25983\" \/>\n        <input type=\"hidden\" name=\"product_id\" value=\"25983\" \/>\n\n      <\/div><!-- \/.add-to-cart-action-bar -->\n    <\/div><!-- \/.single_variation -->\n\n\n\t<\/form>\n\n\t\n\t\t\t\t\t\t<\/div>\n\t\t\t\t\t\t\t\t\t<\/div>\n\t\t\t<\/div>\n\t\t<\/section>\n\t<\/div>\n\t<\/div><\/div><\/div>\n<\/div><\/div>\n\n<div class=\"wp-block-stackable-spacer stk-block-spacer stk--no-padding stk-block stk-0a1dcbb\" data-block-id=\"0a1dcbb\" data-block-type=\"core\" data-block-type=\"core\"><style>.stk-0a1dcbb{height:150px !important}<\/style><\/div>\n","protected":false},"excerpt":{"rendered":"<p>La Waste Bag de James Baroud es una soluci\u00f3n innovadora a un viejo problema: c\u00f3mo deshacerse de la basura mientras se acampa sin provocar olores ni derrames de l\u00edquidos en el interior del veh\u00edculo.<\/p>\n<p>A diferencia de las bolsas de basura normales, esta bolsa lavable est\u00e1 fabricada con un material de PVC de alta calidad dise\u00f1ado para soportar las condiciones de acampada m\u00e1s duras. Dispone de una abertura superior y un cierre de cord\u00f3n para mantener la basura segura en su interior incluso en las duras carreteras terrestres. <\/p>\n","protected":false},"featured_media":55230,"template":"","meta":[],"product_characteristics":[],"product_brand":[],"product_cat":[190],"product_tag":[329],"class_list":{"0":"post-25983","1":"product","2":"type-product","3":"status-publish","4":"has-post-thumbnail","6":"product_cat-accesorios","7":"product_tag-accessories-es","8":"product_shipping_class-accessories-es","10":"first","11":"instock","12":"taxable","13":"shipping-taxable","14":"purchasable","15":"product-type-simple"},"acf":[],"_links":{"self":[{"href":"https:\/\/jamesbaroud.com\/es\/wp-json\/wp\/v2\/product\/25983","targetHints":{"allow":["GET"]}}],"collection":[{"href":"https:\/\/jamesbaroud.com\/es\/wp-json\/wp\/v2\/product"}],"about":[{"href":"https:\/\/jamesbaroud.com\/es\/wp-json\/wp\/v2\/types\/product"}],"wp:featuredmedia":[{"embeddable":true,"href":"https:\/\/jamesbaroud.com\/es\/wp-json\/wp\/v2\/media\/55230"}],"wp:attachment":[{"href":"https:\/\/jamesbaroud.com\/es\/wp-json\/wp\/v2\/media?parent=25983"}],"wp:term":[{"taxonomy":"product_characteristics","embeddable":true,"href":"https:\/\/jamesbaroud.com\/es\/wp-json\/wp\/v2\/product_characteristics?post=25983"},{"taxonomy":"product_brand","embeddable":true,"href":"https:\/\/jamesbaroud.com\/es\/wp-json\/wp\/v2\/product_brand?post=25983"},{"taxonomy":"product_cat","embeddable":true,"href":"https:\/\/jamesbaroud.com\/es\/wp-json\/wp\/v2\/product_cat?post=25983"},{"taxonomy":"product_tag","embeddable":true,"href":"https:\/\/jamesbaroud.com\/es\/wp-json\/wp\/v2\/product_tag?post=25983"}],"curies":[{"name":"wp","href":"https:\/\/api.w.org\/{rel}","templated":true}]}}