{"id":26388,"date":"2023-06-19T20:04:03","date_gmt":"2023-06-19T20:04:03","guid":{"rendered":"https:\/\/jamesbaroud.com\/universal-tablet-support\/"},"modified":"2025-08-06T14:43:44","modified_gmt":"2025-08-06T14:43:44","slug":"universal-tablet-support","status":"publish","type":"product","link":"https:\/\/jamesbaroud.com\/es\/accesorios\/universal-tablet-support\/","title":{"rendered":"Universal Tablet Support"},"content":{"rendered":"\n<div class=\"wp-block-stackable-columns alignfull stk-block-columns stk-block stk-8286a79 wp-embed-aspect-16-9 wp-has-aspect-ratio\" data-block-id=\"8286a79\"><style>.stk-8286a79 .stk--block-align-8286a79{align-items:center !important}.stk-8286a79{margin-top:0px !important;margin-right:60px !important;margin-bottom:0px !important;margin-left:60px !important}.stk-8286a79-column{justify-content:center !important}@media screen and (max-width:1023px){.stk-8286a79{margin-right:20px !important;margin-left:20px !important}}<\/style><div class=\"stk-row stk-inner-blocks stk--block-align-8286a79 stk-block-content stk-content-align stk-8286a79-column stk--flex alignfull\">\n<div class=\"wp-block-stackable-column stk-block-column stk-column stk-block stk-619aea9\" data-v=\"4\" data-block-id=\"619aea9\"><div class=\"stk-column-wrapper stk-block-column__content stk-container stk-619aea9-container stk--no-background stk--no-padding\"><div class=\"stk-block-content stk-inner-blocks stk-619aea9-inner-blocks\">\n\t<div class=\"container-product\">\n\t\t\n\t\t<section id=\"block_b3d5cc20ac7115893386de93d21fd9f7\" class=\"block-product-buy padding-top-0 padding-bottom-0 relative w-full mx-auto overflow-hidden\">\n\t\t\t<div class=\"grid grid-cols-12 gap-20 items-center\">\n\t\t\t\t<div class=\"col-span-12 md:col-span-8\">\n\t\t\t\t\t\t\t\t\t<\/div>\n\n\t\t\t\t<div class=\"col-span-12 md:col-span-4 pl-0 md:pl-15\">\n\t\t\t\t\t<div class=\"wp-block-stackable-subtitle stk-block-subtitle stk-block mb-2\">\n\t\t\t\t\t\t<p class=\"stk-block-subtitle__text stk-subtitle\">James Baroud<\/p>\n\t\t\t\t\t<\/div>\n\n\t\t\t\t\t<div class=\"wp-block-stackable-heading stk-block-heading stk-block-heading--v2 stk-block\">\n\t\t\t\t\t\t<h1 class=\"stk-block-heading__text\">Tablet Support<\/h1>\n\t\t\t\t\t<\/div>\n\n\t\t\t\t\t<div class=\"flex flex-col gap-20\">\n\t\t\t\t\t\t<p>El James Baroud Universal Tablet Support est\u00e1 dise\u00f1ado para proporcionar una soluci\u00f3n c\u00f3moda y segura para ver pel\u00edculas y entretenimiento dentro de su tienda de campa\u00f1a en la azotea.  <\/p>\n<p>Este soporte est\u00e1 pensado para fijarse a la red de carga en la parte superior interna de la tienda, lo que permite montar la tableta para disfrutar de una experiencia de visualizaci\u00f3n manos libres.<\/p>\n\t\t\t\t\t<\/div>\n\n\t\t\t\t\t\t\t\t\t\t\t<div class=\"mt-10 \">\n\t\t\t\t\t\t\t\n\t\n\t<form class=\"cart\" action=\"https:\/\/jamesbaroud.com\/es\/accesorios\/universal-tablet-support\/\" method=\"post\" enctype='multipart\/form-data'>\n    <div class=\"single_variation\">\n      <div class=\"woocommerce-variation single_variation\">\n        <div class=\"woocommerce-variation-price\">\n          <span class=\"price\">\n            <span class=\"woocommerce-Price-amount amount\"><bdi><span class=\"woocommerce-Price-currencySymbol\">$<\/span>127.00<\/bdi><\/span>          <\/span><!-- \/.price -->\n        <\/div><!-- \/.woocommerce-variation-price -->\n      <\/div><!-- \/ -->\n      \n      \n      <div class=\"add-to-cart-action-bar\">\n        \n        <div class=\"quantity\">\n\t\t<label class=\"screen-reader-text\" for=\"quantity_69defdd4dfe44\">Universal Tablet Support cantidad<\/label>\n\t<input\n\t\ttype=\"number\"\n\t\t\t\tid=\"quantity_69defdd4dfe44\"\n\t\tclass=\"input-text qty text\"\n\t\tname=\"quantity\"\n\t\tvalue=\"1\"\n\t\taria-label=\"Cantidad de productos\"\n\t\t\t\tmin=\"1\"\n\t\t\t\t\t\t\tstep=\"1\"\n\t\t\tplaceholder=\"\"\n\t\t\tinputmode=\"numeric\"\n\t\t\tautocomplete=\"off\"\n\t\t\t\/>\n\t<\/div>\n        <button type=\"submit\" name=\"add-to-cart\" value=\"26388\"  class=\"single_add_to_cart_button btn btn-xl btn--primary\" >A\u00f1adir al carrito<\/button>\n\n\n        <input type=\"hidden\" name=\"gtm4wp_product_data\" value=\"{&quot;internal_id&quot;:26388,&quot;item_id&quot;:26388,&quot;item_name&quot;:&quot;Universal Tablet Support&quot;,&quot;sku&quot;:&quot;41875400000&quot;,&quot;price&quot;:127,&quot;stocklevel&quot;:null,&quot;stockstatus&quot;:&quot;instock&quot;,&quot;google_business_vertical&quot;:&quot;retail&quot;,&quot;item_category&quot;:&quot;Accesorios&quot;,&quot;id&quot;:26388}\" \/>\n<button id=\"more-info-button\" type=\"button\" class=\"more-info-button btn btn-xl btn--gray \"><span>\u00bfDudas?<\/span> <i class=\"fal fa-comments-alt\"><\/i><\/button>        <input type=\"hidden\" name=\"add-to-cart\" value=\"26388\" \/>\n        <input type=\"hidden\" name=\"product_id\" value=\"26388\" \/>\n\n      <\/div><!-- \/.add-to-cart-action-bar -->\n    <\/div><!-- \/.single_variation -->\n\n\n\t<\/form>\n\n\t\n\t\t\t\t\t\t<\/div>\n\t\t\t\t\t\t\t\t\t<\/div>\n\t\t\t<\/div>\n\t\t<\/section>\n\t<\/div>\n\t<\/div><\/div><\/div>\n<\/div><\/div>\n\n<div class=\"wp-block-stackable-spacer stk-block-spacer stk--no-padding stk-block stk-0a1dcbb\" data-block-id=\"0a1dcbb\" data-block-type=\"core\" data-block-type=\"core\"><style>.stk-0a1dcbb{height:150px !important}<\/style><\/div>\n\n<div class=\"wp-block-stackable-columns alignfull stk-block-columns stk-block stk-a8270a1 wp-embed-aspect-16-9 wp-has-aspect-ratio\" data-block-id=\"a8270a1\"><style>.stk-a8270a1{margin-top:0px !important;margin-right:60px !important;margin-bottom:60px !important;margin-left:60px !important}.stk-a8270a1-column{max-width:1000px !important;--stk-columns-spacing:0px !important;--stk-column-gap:60px !important;row-gap:30px !important}@media screen and (max-width:1023px){.stk-a8270a1{margin-bottom:60px !important}}@media screen and (max-width:767px){.stk-a8270a1{margin-right:20px !important;margin-bottom:20px !important;margin-left:20px !important}}<\/style><div class=\"stk-row stk-inner-blocks stk-block-content stk-content-align stk-a8270a1-column alignfull\">\n<div class=\"wp-block-stackable-column stk-block-column stk-column stk-block stk-34f13cc\" data-v=\"4\" data-block-id=\"34f13cc\"><style>.stk-34f13cc-inner-blocks{row-gap:60px !important}@media screen and (max-width:767px){.stk-34f13cc-inner-blocks{row-gap:20px !important}}<\/style><div class=\"stk-column-wrapper stk-block-column__content stk-container stk-34f13cc-container stk--no-background stk--no-padding\"><div class=\"stk-block-content stk-inner-blocks stk-34f13cc-inner-blocks\">\n<div class=\"wp-block-stackable-image stk-block-image stk-block stk-a07bede\" data-block-id=\"a07bede\"><style>.stk-a07bede{margin-top:0px !important;margin-right:0px !important;margin-bottom:0px !important;margin-left:0px !important}.stk-a07bede .stk-img-wrapper{width:100% !important}.stk-a07bede .stk-img-wrapper img{object-position:69% 54% !important}:where(.stk-hover-parent:hover,.stk-hover-parent.stk--is-hovered) .stk-a07bede .stk-img-wrapper::after{background-color:#000000 !important}:where(.stk-hover-parent:hover,.stk-hover-parent.stk--is-hovered) .stk-a07bede .stk-img-wrapper{--stk-gradient-overlay:0.7 !important}<\/style><figure><span class=\"stk-img-wrapper stk-image--shape-stretch stk--has-lightbox\"><img loading=\"lazy\" decoding=\"async\" class=\"stk-img wp-image-5991\" src=\"https:\/\/jamesbaroud.com\/wp-content\/uploads\/2023\/06\/James-Baroud-Products-Accessories-Tablet-Support-6.webp\" width=\"637\" height=\"851\"\/><\/span><\/figure><\/div>\n\n\n\n<div class=\"wp-block-stackable-image stk-block-image stk-block stk-d8d72df\" data-block-id=\"d8d72df\"><style>.stk-d8d72df{margin-top:0px !important;margin-right:0px !important;margin-bottom:0px !important;margin-left:0px !important}.stk-d8d72df .stk-img-wrapper{width:100% !important}.stk-d8d72df .stk-img-wrapper img{object-position:69% 54% !important}:where(.stk-hover-parent:hover,.stk-hover-parent.stk--is-hovered) .stk-d8d72df .stk-img-wrapper::after{background-color:#000000 !important}:where(.stk-hover-parent:hover,.stk-hover-parent.stk--is-hovered) .stk-d8d72df .stk-img-wrapper{--stk-gradient-overlay:0.7 !important}<\/style><figure><span class=\"stk-img-wrapper stk-image--shape-stretch stk--has-lightbox\"><img loading=\"lazy\" decoding=\"async\" class=\"stk-img wp-image-5987\" src=\"https:\/\/jamesbaroud.com\/wp-content\/uploads\/2023\/06\/James-Baroud-Products-Accessories-Tablet-Support-2.webp\" width=\"1134\" height=\"850\"\/><\/span><\/figure><\/div>\n<\/div><\/div><\/div>\n\n\n\n<div class=\"wp-block-stackable-column stk-block-column stk-column stk-block stk-0db4685\" data-v=\"4\" data-block-id=\"0db4685\"><style>.stk-0db4685-container{margin-top:0px !important;margin-right:0px !important;margin-bottom:0px !important;margin-left:0px !important}.stk-0db4685-inner-blocks{row-gap:60px !important}@media screen and (max-width:767px){.stk-0db4685-inner-blocks{row-gap:20px !important}}<\/style><div class=\"stk-column-wrapper stk-block-column__content stk-container stk-0db4685-container stk--no-background stk--no-padding\"><div class=\"stk-block-content stk-inner-blocks stk-0db4685-inner-blocks\">\n<div class=\"wp-block-stackable-image stk-block-image stk-block stk-ae2d2b9\" data-block-id=\"ae2d2b9\"><style>.stk-ae2d2b9{margin-top:0px !important;margin-right:0px !important;margin-bottom:0px !important;margin-left:0px !important}.stk-ae2d2b9 .stk-img-wrapper{width:100% !important}.stk-ae2d2b9 .stk-img-wrapper img{object-position:69% 54% !important}:where(.stk-hover-parent:hover,.stk-hover-parent.stk--is-hovered) .stk-ae2d2b9 .stk-img-wrapper::after{background-color:#000000 !important}:where(.stk-hover-parent:hover,.stk-hover-parent.stk--is-hovered) .stk-ae2d2b9 .stk-img-wrapper{--stk-gradient-overlay:0.7 !important}<\/style><figure><span class=\"stk-img-wrapper stk-image--shape-stretch stk--has-lightbox\"><img loading=\"lazy\" decoding=\"async\" class=\"stk-img wp-image-5986\" src=\"https:\/\/jamesbaroud.com\/wp-content\/uploads\/2023\/06\/James-Baroud-Products-Accessories-Tablet-Support-1.webp\" width=\"637\" height=\"851\"\/><\/span><\/figure><\/div>\n\n\n\n<div class=\"wp-block-stackable-image stk-block-image stk-block stk-bc6adbe\" data-block-id=\"bc6adbe\"><style>.stk-bc6adbe{margin-top:0px !important;margin-right:0px !important;margin-bottom:0px !important;margin-left:0px !important}.stk-bc6adbe .stk-img-wrapper{width:100% !important}.stk-bc6adbe .stk-img-wrapper img{object-position:69% 54% !important}:where(.stk-hover-parent:hover,.stk-hover-parent.stk--is-hovered) .stk-bc6adbe .stk-img-wrapper::after{background-color:#000000 !important}:where(.stk-hover-parent:hover,.stk-hover-parent.stk--is-hovered) .stk-bc6adbe .stk-img-wrapper{--stk-gradient-overlay:0.7 !important}<\/style><figure><span class=\"stk-img-wrapper stk-image--shape-stretch stk--has-lightbox\"><img loading=\"lazy\" decoding=\"async\" class=\"stk-img wp-image-5983\" src=\"https:\/\/jamesbaroud.com\/wp-content\/uploads\/2023\/06\/James-Baroud-Products-Accessories-Tablet-Support-7.webp\" width=\"1134\" height=\"850\"\/><\/span><\/figure><\/div>\n<\/div><\/div><\/div>\n<\/div><\/div>\n\n<div class=\"wp-block-stackable-spacer stk-block-spacer stk--no-padding stk-block stk-orl78e7\" data-block-id=\"orl78e7\" data-block-type=\"core\" data-block-type=\"core\"><style>.stk-orl78e7{height:150px !important}<\/style><\/div>\n","protected":false},"excerpt":{"rendered":"<p>El Tablet Support de James Baroud est\u00e1 pensado para fijarse a la red de carga en la parte superior interna de la tienda, lo que permite montar la tableta para disfrutar de una experiencia de visualizaci\u00f3n manos libres.<\/p>\n","protected":false},"featured_media":55185,"template":"","meta":[],"product_characteristics":[],"product_brand":[],"product_cat":[190],"product_tag":[329],"class_list":{"0":"post-26388","1":"product","2":"type-product","3":"status-publish","4":"has-post-thumbnail","6":"product_cat-accesorios","7":"product_tag-accessories-es","8":"product_shipping_class-accessories-es","10":"first","11":"instock","12":"taxable","13":"shipping-taxable","14":"purchasable","15":"product-type-simple"},"acf":[],"_links":{"self":[{"href":"https:\/\/jamesbaroud.com\/es\/wp-json\/wp\/v2\/product\/26388","targetHints":{"allow":["GET"]}}],"collection":[{"href":"https:\/\/jamesbaroud.com\/es\/wp-json\/wp\/v2\/product"}],"about":[{"href":"https:\/\/jamesbaroud.com\/es\/wp-json\/wp\/v2\/types\/product"}],"wp:featuredmedia":[{"embeddable":true,"href":"https:\/\/jamesbaroud.com\/es\/wp-json\/wp\/v2\/media\/55185"}],"wp:attachment":[{"href":"https:\/\/jamesbaroud.com\/es\/wp-json\/wp\/v2\/media?parent=26388"}],"wp:term":[{"taxonomy":"product_characteristics","embeddable":true,"href":"https:\/\/jamesbaroud.com\/es\/wp-json\/wp\/v2\/product_characteristics?post=26388"},{"taxonomy":"product_brand","embeddable":true,"href":"https:\/\/jamesbaroud.com\/es\/wp-json\/wp\/v2\/product_brand?post=26388"},{"taxonomy":"product_cat","embeddable":true,"href":"https:\/\/jamesbaroud.com\/es\/wp-json\/wp\/v2\/product_cat?post=26388"},{"taxonomy":"product_tag","embeddable":true,"href":"https:\/\/jamesbaroud.com\/es\/wp-json\/wp\/v2\/product_tag?post=26388"}],"curies":[{"name":"wp","href":"https:\/\/api.w.org\/{rel}","templated":true}]}}