{"id":26409,"date":"2023-06-19T20:03:42","date_gmt":"2023-06-19T20:03:42","guid":{"rendered":"https:\/\/jamesbaroud.com\/gear-bag\/"},"modified":"2025-08-06T14:43:37","modified_gmt":"2025-08-06T14:43:37","slug":"gear-bag","status":"publish","type":"product","link":"https:\/\/jamesbaroud.com\/es\/accesorios\/gear-bag\/","title":{"rendered":"Gear Bag"},"content":{"rendered":"\n<div class=\"wp-block-stackable-columns alignfull stk-block-columns stk-block stk-8286a79 wp-embed-aspect-16-9 wp-has-aspect-ratio\" data-block-id=\"8286a79\"><style>.stk-8286a79 .stk--block-align-8286a79{align-items:center !important;}.stk-8286a79 {margin-top:0px !important;margin-right:60px !important;margin-bottom:0px !important;margin-left:60px !important;}.stk-8286a79-column{justify-content:center !important;}@media screen and (max-width: 1023px){.stk-8286a79 {margin-right:20px !important;margin-left:20px !important;}}<\/style><div class=\"stk-row stk-inner-blocks stk--block-align-8286a79 stk-block-content stk-content-align stk-8286a79-column stk--flex alignfull\">\n<div class=\"wp-block-stackable-column stk-block-column stk-column stk-block stk-619aea9\" data-v=\"4\" data-block-id=\"619aea9\"><div class=\"stk-column-wrapper stk-block-column__content stk-container stk-619aea9-container stk--no-background stk--no-padding\"><div class=\"stk-block-content stk-inner-blocks stk-619aea9-inner-blocks\">\n\t<div class=\"container-product\">\n\t\t\n\t\t<section id=\"block_fc54ad41d6f3c5c07cd6c618baf07ac1\" class=\"block-product-buy relative w-full mx-auto overflow-hidden\">\n\t\t\t<div class=\"grid grid-cols-12 gap-20 items-center\">\n\t\t\t\t<div class=\"col-span-12 md:col-span-8\">\n\t\t\t\t\t\t\t\t\t<\/div>\n\n\t\t\t\t<div class=\"col-span-12 md:col-span-4 pl-0 md:pl-15\">\n\t\t\t\t\t<div class=\"wp-block-stackable-subtitle stk-block-subtitle stk-block mb-2\">\n\t\t\t\t\t\t<p class=\"stk-block-subtitle__text stk-subtitle\">James Baroud<\/p>\n\t\t\t\t\t<\/div>\n\n\t\t\t\t\t<div class=\"wp-block-stackable-heading stk-block-heading stk-block-heading--v2 stk-block\">\n\t\t\t\t\t\t<h1 class=\"stk-block-heading__text\">Gear Bag<\/h1>\n\t\t\t\t\t<\/div>\n\n\t\t\t\t\t<div class=\"flex flex-col gap-20\">\n\t\t\t\t\t\t<p>Fabricada con tejido de poli\u00e9ster de primera calidad, garantiza durabilidad y resistencia a la intemperie. Gracias a su innovador dise\u00f1o, esta bolsa est\u00e1 especialmente dise\u00f1ada para adaptarse a la parte superior del Grand Raid de James Baroud, maximizando el Space disponible y liberando espacio en el interior de tu veh\u00edculo. <\/p>\n<p>Esta bolsa ofrece una soluci\u00f3n fiable y c\u00f3moda para transportar hasta 25 kg de equipo adicional encima de su tienda de campa\u00f1a de techo.  <\/p>\n\t\t\t\t\t<\/div>\n\n\t\t\t\t\t\t\t\t\t\t\t<div class=\"mt-10 \">\n\t\t\t\t\t\t\t\n<form class=\"variations_form cart\" action=\"https:\/\/jamesbaroud.com\/es\/accesorios\/gear-bag\/\" method=\"post\" enctype='multipart\/form-data' data-product_id=\"26409\" data-product_variations=\"[{&quot;attributes&quot;:{&quot;attribute_pa_size&quot;:&quot;m-es-2&quot;},&quot;availability_html&quot;:&quot;&quot;,&quot;backorders_allowed&quot;:false,&quot;dimensions&quot;:{&quot;length&quot;:&quot;&quot;,&quot;width&quot;:&quot;&quot;,&quot;height&quot;:&quot;&quot;},&quot;dimensions_html&quot;:&quot;N\\\/D&quot;,&quot;display_price&quot;:349,&quot;display_regular_price&quot;:349,&quot;image&quot;:{&quot;title&quot;:&quot;James Baroud - Gear Bag para tienda de campa\\u00f1a con tejado&quot;,&quot;caption&quot;:&quot;James Baroud Gear Bag en la parte superior de la tienda de techo abierta Grand Raid&quot;,&quot;url&quot;:&quot;https:\\\/\\\/jamesbaroud.com\\\/wp-content\\\/uploads\\\/2023\\\/08\\\/James-Baroud-Products-Accessories-Lugagge-Bag-2-1.webp&quot;,&quot;alt&quot;:&quot;James Baroud Gear Bag en la parte superior de la tienda de techo abierta Grand Raid&quot;,&quot;src&quot;:&quot;https:\\\/\\\/jamesbaroud.com\\\/wp-content\\\/uploads\\\/2023\\\/08\\\/James-Baroud-Products-Accessories-Lugagge-Bag-2-1.webp&quot;,&quot;srcset&quot;:false,&quot;sizes&quot;:&quot;(max-width: 1900px) 100vw, 1900px&quot;,&quot;full_src&quot;:&quot;https:\\\/\\\/jamesbaroud.com\\\/wp-content\\\/uploads\\\/2023\\\/08\\\/James-Baroud-Products-Accessories-Lugagge-Bag-2-1.webp&quot;,&quot;full_src_w&quot;:1900,&quot;full_src_h&quot;:700,&quot;gallery_thumbnail_src&quot;:&quot;https:\\\/\\\/jamesbaroud.com\\\/wp-content\\\/uploads\\\/2023\\\/08\\\/James-Baroud-Products-Accessories-Lugagge-Bag-2-1-100x100.webp&quot;,&quot;gallery_thumbnail_src_w&quot;:100,&quot;gallery_thumbnail_src_h&quot;:100,&quot;thumb_src&quot;:&quot;https:\\\/\\\/jamesbaroud.com\\\/wp-content\\\/uploads\\\/2023\\\/08\\\/James-Baroud-Products-Accessories-Lugagge-Bag-2-1-700x258.webp&quot;,&quot;thumb_src_w&quot;:700,&quot;thumb_src_h&quot;:258,&quot;src_w&quot;:1900,&quot;src_h&quot;:700},&quot;image_id&quot;:53300,&quot;is_downloadable&quot;:false,&quot;is_in_stock&quot;:true,&quot;is_purchasable&quot;:true,&quot;is_sold_individually&quot;:&quot;no&quot;,&quot;is_virtual&quot;:false,&quot;max_qty&quot;:&quot;&quot;,&quot;min_qty&quot;:1,&quot;price_html&quot;:&quot;&lt;span class=\\&quot;price\\&quot;&gt;&lt;span class=\\&quot;woocommerce-Price-amount amount\\&quot;&gt;&lt;bdi&gt;&lt;span class=\\&quot;woocommerce-Price-currencySymbol\\&quot;&gt;$&lt;\\\/span&gt;349.00&lt;\\\/bdi&gt;&lt;\\\/span&gt;&lt;\\\/span&gt;&quot;,&quot;sku&quot;:&quot;41874200000&quot;,&quot;variation_description&quot;:&quot;&quot;,&quot;variation_id&quot;:26410,&quot;variation_is_active&quot;:true,&quot;variation_is_visible&quot;:true,&quot;weight&quot;:&quot;&quot;,&quot;weight_html&quot;:&quot;N\\\/D&quot;,&quot;wavi_value&quot;:&quot;&quot;},{&quot;attributes&quot;:{&quot;attribute_pa_size&quot;:&quot;x-es-2&quot;},&quot;availability_html&quot;:&quot;&quot;,&quot;backorders_allowed&quot;:false,&quot;dimensions&quot;:{&quot;length&quot;:&quot;&quot;,&quot;width&quot;:&quot;&quot;,&quot;height&quot;:&quot;&quot;},&quot;dimensions_html&quot;:&quot;N\\\/D&quot;,&quot;display_price&quot;:365,&quot;display_regular_price&quot;:365,&quot;image&quot;:{&quot;title&quot;:&quot;James Baroud - Gear Bag para tienda de campa\\u00f1a con tejado&quot;,&quot;caption&quot;:&quot;James Baroud Gear Bag en la parte superior de la tienda de techo abierta Grand Raid&quot;,&quot;url&quot;:&quot;https:\\\/\\\/jamesbaroud.com\\\/wp-content\\\/uploads\\\/2023\\\/08\\\/James-Baroud-Products-Accessories-Lugagge-Bag-2-1.webp&quot;,&quot;alt&quot;:&quot;James Baroud Gear Bag en la parte superior de la tienda de techo abierta Grand Raid&quot;,&quot;src&quot;:&quot;https:\\\/\\\/jamesbaroud.com\\\/wp-content\\\/uploads\\\/2023\\\/08\\\/James-Baroud-Products-Accessories-Lugagge-Bag-2-1.webp&quot;,&quot;srcset&quot;:false,&quot;sizes&quot;:&quot;(max-width: 1900px) 100vw, 1900px&quot;,&quot;full_src&quot;:&quot;https:\\\/\\\/jamesbaroud.com\\\/wp-content\\\/uploads\\\/2023\\\/08\\\/James-Baroud-Products-Accessories-Lugagge-Bag-2-1.webp&quot;,&quot;full_src_w&quot;:1900,&quot;full_src_h&quot;:700,&quot;gallery_thumbnail_src&quot;:&quot;https:\\\/\\\/jamesbaroud.com\\\/wp-content\\\/uploads\\\/2023\\\/08\\\/James-Baroud-Products-Accessories-Lugagge-Bag-2-1-100x100.webp&quot;,&quot;gallery_thumbnail_src_w&quot;:100,&quot;gallery_thumbnail_src_h&quot;:100,&quot;thumb_src&quot;:&quot;https:\\\/\\\/jamesbaroud.com\\\/wp-content\\\/uploads\\\/2023\\\/08\\\/James-Baroud-Products-Accessories-Lugagge-Bag-2-1-700x258.webp&quot;,&quot;thumb_src_w&quot;:700,&quot;thumb_src_h&quot;:258,&quot;src_w&quot;:1900,&quot;src_h&quot;:700},&quot;image_id&quot;:53300,&quot;is_downloadable&quot;:false,&quot;is_in_stock&quot;:true,&quot;is_purchasable&quot;:true,&quot;is_sold_individually&quot;:&quot;no&quot;,&quot;is_virtual&quot;:false,&quot;max_qty&quot;:&quot;&quot;,&quot;min_qty&quot;:1,&quot;price_html&quot;:&quot;&lt;span class=\\&quot;price\\&quot;&gt;&lt;span class=\\&quot;woocommerce-Price-amount amount\\&quot;&gt;&lt;bdi&gt;&lt;span class=\\&quot;woocommerce-Price-currencySymbol\\&quot;&gt;$&lt;\\\/span&gt;365.00&lt;\\\/bdi&gt;&lt;\\\/span&gt;&lt;\\\/span&gt;&quot;,&quot;sku&quot;:&quot;41874220000&quot;,&quot;variation_description&quot;:&quot;&quot;,&quot;variation_id&quot;:26411,&quot;variation_is_active&quot;:true,&quot;variation_is_visible&quot;:true,&quot;weight&quot;:&quot;&quot;,&quot;weight_html&quot;:&quot;N\\\/D&quot;,&quot;wavi_value&quot;:&quot;&quot;},{&quot;attributes&quot;:{&quot;attribute_pa_size&quot;:&quot;xl-es-2&quot;},&quot;availability_html&quot;:&quot;&quot;,&quot;backorders_allowed&quot;:false,&quot;dimensions&quot;:{&quot;length&quot;:&quot;&quot;,&quot;width&quot;:&quot;&quot;,&quot;height&quot;:&quot;&quot;},&quot;dimensions_html&quot;:&quot;N\\\/D&quot;,&quot;display_price&quot;:373,&quot;display_regular_price&quot;:373,&quot;image&quot;:{&quot;title&quot;:&quot;James Baroud - Gear Bag para tienda de campa\\u00f1a con tejado&quot;,&quot;caption&quot;:&quot;James Baroud Gear Bag en la parte superior de la tienda de techo abierta Grand Raid&quot;,&quot;url&quot;:&quot;https:\\\/\\\/jamesbaroud.com\\\/wp-content\\\/uploads\\\/2023\\\/08\\\/James-Baroud-Products-Accessories-Lugagge-Bag-2-1.webp&quot;,&quot;alt&quot;:&quot;James Baroud Gear Bag en la parte superior de la tienda de techo abierta Grand Raid&quot;,&quot;src&quot;:&quot;https:\\\/\\\/jamesbaroud.com\\\/wp-content\\\/uploads\\\/2023\\\/08\\\/James-Baroud-Products-Accessories-Lugagge-Bag-2-1.webp&quot;,&quot;srcset&quot;:false,&quot;sizes&quot;:&quot;(max-width: 1900px) 100vw, 1900px&quot;,&quot;full_src&quot;:&quot;https:\\\/\\\/jamesbaroud.com\\\/wp-content\\\/uploads\\\/2023\\\/08\\\/James-Baroud-Products-Accessories-Lugagge-Bag-2-1.webp&quot;,&quot;full_src_w&quot;:1900,&quot;full_src_h&quot;:700,&quot;gallery_thumbnail_src&quot;:&quot;https:\\\/\\\/jamesbaroud.com\\\/wp-content\\\/uploads\\\/2023\\\/08\\\/James-Baroud-Products-Accessories-Lugagge-Bag-2-1-100x100.webp&quot;,&quot;gallery_thumbnail_src_w&quot;:100,&quot;gallery_thumbnail_src_h&quot;:100,&quot;thumb_src&quot;:&quot;https:\\\/\\\/jamesbaroud.com\\\/wp-content\\\/uploads\\\/2023\\\/08\\\/James-Baroud-Products-Accessories-Lugagge-Bag-2-1-700x258.webp&quot;,&quot;thumb_src_w&quot;:700,&quot;thumb_src_h&quot;:258,&quot;src_w&quot;:1900,&quot;src_h&quot;:700},&quot;image_id&quot;:53300,&quot;is_downloadable&quot;:false,&quot;is_in_stock&quot;:true,&quot;is_purchasable&quot;:true,&quot;is_sold_individually&quot;:&quot;no&quot;,&quot;is_virtual&quot;:false,&quot;max_qty&quot;:&quot;&quot;,&quot;min_qty&quot;:1,&quot;price_html&quot;:&quot;&lt;span class=\\&quot;price\\&quot;&gt;&lt;span class=\\&quot;woocommerce-Price-amount amount\\&quot;&gt;&lt;bdi&gt;&lt;span class=\\&quot;woocommerce-Price-currencySymbol\\&quot;&gt;$&lt;\\\/span&gt;373.00&lt;\\\/bdi&gt;&lt;\\\/span&gt;&lt;\\\/span&gt;&quot;,&quot;sku&quot;:&quot;41874230000&quot;,&quot;variation_description&quot;:&quot;&quot;,&quot;variation_id&quot;:26412,&quot;variation_is_active&quot;:true,&quot;variation_is_visible&quot;:true,&quot;weight&quot;:&quot;&quot;,&quot;weight_html&quot;:&quot;N\\\/D&quot;,&quot;wavi_value&quot;:&quot;&quot;}]\">\n\t<div data-product_id=\"26409\" data-threshold_min=\"30\" data-threshold_max=\"100\" data-total=\"3\">\n\t\t\t<table class=\"variations\" cellspacing=\"0\" role=\"presentation\">\n\t\t\t<tbody>\n\t\t\t\t\t\t\t\t\t<tr>\n\t\t\t\t\t\t<th class=\"label\"><label for=\"pa_size\">Size<\/label><\/th>\n\t\t\t\t\t\t<td class=\"value\">\n\t\t\t\t\t\t\t<select style=\"display:none\" id=\"pa_size\" class=\" woo-variation-raw-select\" name=\"attribute_pa_size\" data-attribute_name=\"attribute_pa_size\" data-show_option_none=\"yes\"><option value=\"\">Elige una opci\u00f3n<\/option><option value=\"m-es-2\"  selected='selected'>M<\/option><option value=\"x-es-2\" >X<\/option><option value=\"xl-es-2\" >XL<\/option><\/select><ul role=\"radiogroup\" aria-label=\"Size\" class=\"variable-items-wrapper button-variable-items-wrapper wvs-style-squared\" data-attribute_name=\"attribute_pa_size\" data-attribute_values=\"[&quot;m-es-2&quot;,&quot;x-es-2&quot;,&quot;xl-es-2&quot;]\"><li aria-checked=\"true\" tabindex=\"0\" data-attribute_name=\"attribute_pa_size\" class=\"variable-item button-variable-item button-variable-item-m-es-2 selected\" title=\"M\" data-title=\"M\" data-value=\"m-es-2\" role=\"radio\" tabindex=\"0\"><div class=\"variable-item-contents\"><span class=\"variable-item-span variable-item-span-button\">M<\/span><\/div><\/li><li aria-checked=\"false\" tabindex=\"0\" data-attribute_name=\"attribute_pa_size\" class=\"variable-item button-variable-item button-variable-item-x-es-2 \" title=\"X\" data-title=\"X\" data-value=\"x-es-2\" role=\"radio\" tabindex=\"0\"><div class=\"variable-item-contents\"><span class=\"variable-item-span variable-item-span-button\">X<\/span><\/div><\/li><li aria-checked=\"false\" tabindex=\"0\" data-attribute_name=\"attribute_pa_size\" class=\"variable-item button-variable-item button-variable-item-xl-es-2 \" title=\"XL\" data-title=\"XL\" data-value=\"xl-es-2\" role=\"radio\" tabindex=\"0\"><div class=\"variable-item-contents\"><span class=\"variable-item-span variable-item-span-button\">XL<\/span><\/div><\/li><\/ul><a class=\"reset_variations\" href=\"#\" aria-label=\"Vaciar opciones\">Limpiar<\/a>\t\t\t\t\t\t<\/td>\n\t\t\t\t\t<\/tr>\n\t\t\t\t\t\t\t<\/tbody>\n\t\t<\/table>\n\t\t<div class=\"reset_variations_alert screen-reader-text\" role=\"alert\" aria-live=\"polite\" aria-relevant=\"all\"><\/div>\n\t\t\n\t\t<div class=\"single_variation_wrap\">\n\t\t\t<div class=\"woocommerce-variation single_variation\" role=\"alert\" aria-relevant=\"additions\"><\/div><div class=\"woocommerce-variation-add-to-cart variations_button add-to-cart-action-bar\">\n\t\n\t<div class=\"quantity\">\n\t\t<label class=\"screen-reader-text\" for=\"quantity_69decdbb5162c\">Gear Bag cantidad<\/label>\n\t<input\n\t\ttype=\"number\"\n\t\t\t\tid=\"quantity_69decdbb5162c\"\n\t\tclass=\"input-text qty text\"\n\t\tname=\"quantity\"\n\t\tvalue=\"1\"\n\t\taria-label=\"Cantidad de productos\"\n\t\t\t\tmin=\"1\"\n\t\t\t\t\t\t\tstep=\"1\"\n\t\t\tplaceholder=\"\"\n\t\t\tinputmode=\"numeric\"\n\t\t\tautocomplete=\"off\"\n\t\t\t\/>\n\t<\/div>\n\n\t<button type=\"submit\" class=\"single_add_to_cart_button btn btn-xl btn--primary\">A\u00f1adir al carrito<\/button>\n\n\t<input type=\"hidden\" name=\"gtm4wp_product_data\" value=\"{&quot;internal_id&quot;:26409,&quot;item_id&quot;:26409,&quot;item_name&quot;:&quot;Gear Bag&quot;,&quot;sku&quot;:26409,&quot;price&quot;:349,&quot;stocklevel&quot;:null,&quot;stockstatus&quot;:&quot;instock&quot;,&quot;google_business_vertical&quot;:&quot;retail&quot;,&quot;item_category&quot;:&quot;Accesorios&quot;,&quot;id&quot;:26409}\" \/>\n<button id=\"more-info-button\" type=\"button\" class=\"more-info-button btn btn-xl btn--gray \"><span>\u00bfDudas?<\/span> <i class=\"fal fa-comments-alt\"><\/i><\/button>\n\t<input type=\"hidden\" name=\"add-to-cart\" value=\"26409\" \/>\n\t<input type=\"hidden\" name=\"product_id\" value=\"26409\" \/>\n\t<input type=\"hidden\" name=\"variation_id\" class=\"variation_id\" value=\"0\" \/>\n<\/div>\n\t\t<\/div>\n\t\n\t<\/div><\/form>\n\n\t\t\t\t\t\t<\/div>\n\t\t\t\t\t\t\t\t\t<\/div>\n\t\t\t<\/div>\n\t\t<\/section>\n\t<\/div>\n\t<\/div><\/div><\/div>\n<\/div><\/div>\n\n<div class=\"wp-block-stackable-spacer stk-block-spacer stk--no-padding stk-block stk-0a1dcbb\" data-block-id=\"0a1dcbb\" data-block-type=\"core\" data-block-type=\"core\"><style>.stk-0a1dcbb{height:150px !important}<\/style><\/div>\n\n<div class=\"wp-block-stackable-columns alignfull stk-block-columns stk-block stk-d6e97c9\" data-block-id=\"d6e97c9\"><style>.stk-d6e97c9 {margin-top:0px !important;margin-right:60px !important;margin-bottom:0px !important;margin-left:60px !important;}.stk-d6e97c9-column{max-width:1500px !important;min-width:auto !important;margin-right:auto !important;margin-left:auto !important;--stk-columns-spacing:0px !important;--stk-column-gap:60px !important;row-gap:30px !important;}@media screen and (max-width: 767px){.stk-d6e97c9 {margin-right:20px !important;margin-left:20px !important;}}<\/style><div class=\"stk-row stk-inner-blocks stk-block-content stk-content-align stk-d6e97c9-column alignfull\">\n<div class=\"wp-block-stackable-column stk-block-column stk-column stk-block stk-5f1c5b1\" data-v=\"4\" data-block-id=\"5f1c5b1\"><style>.stk-5f1c5b1-inner-blocks{row-gap:100px !important;}@media screen and (max-width: 767px){.stk-5f1c5b1-inner-blocks{row-gap:40px !important;}.stk-5f1c5b1 {margin-bottom:60px !important;}}<\/style><div class=\"stk-column-wrapper stk-block-column__content stk-container stk-5f1c5b1-container stk--no-background stk--no-padding\"><div class=\"stk-block-content stk-inner-blocks stk-5f1c5b1-inner-blocks\">\n<div class=\"wp-block-stackable-image stk-block-image stk-block stk-e61e21f\" data-block-id=\"e61e21f\"><style>.stk-e61e21f {padding-top:30px !important;padding-bottom:30px !important;margin-top:0px !important;margin-right:0px !important;margin-bottom:0px !important;margin-left:0px !important;}.stk-e61e21f .stk-img-wrapper{width:90% !important;}.stk-e61e21f .stk-img-wrapper img{object-fit:contain !important;}:where(.stk-hover-parent:hover,  .stk-hover-parent.stk--is-hovered) .stk-e61e21f .stk-img-wrapper::after{background-color:#000000 !important;}:where(.stk-hover-parent:hover,  .stk-hover-parent.stk--is-hovered) .stk-e61e21f .stk-img-wrapper{--stk-gradient-overlay:0.7 !important;}@media screen and (max-width: 1023px){.stk-e61e21f {padding-top:30px !important;padding-bottom:30px !important;}.stk-e61e21f .stk-img-wrapper{width:100% !important;}.stk-e61e21f .stk-img-wrapper img{object-fit:contain !important;}}@media screen and (max-width: 767px){.stk-e61e21f {padding-top:0px !important;padding-right:0px !important;padding-bottom:0px !important;padding-left:0px !important;}.stk-e61e21f .stk-img-wrapper{width:90% !important;}}<\/style><figure><span class=\"stk-img-wrapper stk-image--shape-stretch\"><img loading=\"lazy\" decoding=\"async\" class=\"stk-img wp-image-2953\" src=\"https:\/\/jamesbaroud.com\/wp-content\/uploads\/2023\/06\/Extreme-STD-White-Lugagge-Bag-7-scaled.webp\" width=\"2560\" height=\"1707\" alt=\"James Baroud Evasion blanco vista lateral\"\/><\/span><\/figure><\/div>\n<\/div><\/div><\/div>\n\n\n\n<div class=\"wp-block-stackable-column stk-block-column stk-column stk-block stk-4d7147c sticky-content-column\" data-v=\"4\" data-block-id=\"4d7147c\"><style>.stk-4d7147c {align-self:center !important;}.stk-4d7147c-inner-blocks{row-gap:25px !important;}@media screen and (max-width: 767px){.stk-4d7147c-inner-blocks{row-gap:30px !important;}}<\/style><div class=\"stk-column-wrapper stk-block-column__content stk-container stk-4d7147c-container stk--no-background stk--no-padding\"><div class=\"stk-block-content stk-inner-blocks stk-4d7147c-inner-blocks\">\n<div class=\"wp-block-stackable-heading stk-block-heading stk-block-heading--v2 stk-block stk-cc96a32\" id=\"sizes\" data-block-id=\"cc96a32\"><style>.stk-cc96a32 {padding-top:0px !important;padding-right:0px !important;padding-bottom:0px !important;padding-left:0px !important;margin-top:20px !important;margin-right:0px !important;margin-bottom:0px !important;margin-left:0px !important;}.stk-cc96a32 .stk-block-heading__text{font-size:35px !important;}@media screen and (max-width: 1023px){.stk-cc96a32 {margin-bottom:0px !important;}.stk-cc96a32 .stk-block-heading__text{font-size:35px !important;}}@media screen and (max-width: 767px){.stk-cc96a32 .stk-block-heading__text{font-size:30px !important;}}<\/style><h2 class=\"stk-block-heading__text\">Tallas<\/h2><\/div>\n\n\n\n<div class=\"single-product_table\">\n  <table>\n    <tbody>\n      <tr>\n        <th><\/th>\n        <th class=\"width\">Anchura\u00b9<\/th>\n        <th class=\"length\">Longitud<\/th>\n        <th class=\"open-height\">Altura<\/th>\n      <\/tr>\n      <tr>\n        <th>M<\/th>\n        <td class=\"width\">76cm<br\/>30&#8243;<\/td>\n        <td class=\"length\">100cm<br\/>40&#8243;<\/td>\n        <td class=\"open-height\">15cm<br\/>6&#8243;<\/td>\n      <\/tr>\n      <tr>\n        <th>X<\/th>\n        <td class=\"width\">76cm<br\/>30&#8243;<\/td>\n        <td class=\"length\">120cm<br\/>47&#8243;<\/td>\n        <td class=\"open-height\">15cm<br\/>6&#8243;<\/td>\n      <\/tr>\n      <tr>\n        <th>XL<\/th>\n        <td class=\"width\">95cm<br\/>37&#8243;<\/td>\n        <td class=\"length\">120cm<br\/>47&#8243;<\/td>\n        <td class=\"open-height\">15cm<br\/>6&#8243;<\/td>\n      <\/tr>\n    <\/tbody>\n  <\/table>\n<\/div> <!-- single-product_table -->\n<\/div><\/div><\/div>\n<\/div><\/div>\n\n<div class=\"wp-block-stackable-spacer stk-block-spacer stk--no-padding stk-block stk-fmc808h\" data-block-id=\"fmc808h\" data-block-type=\"core\" data-block-type=\"core\"><style>.stk-fmc808h{height:150px !important}<\/style><\/div>\n","protected":false},"excerpt":{"rendered":"<p>Fabricada con tejido de poli\u00e9ster de primera calidad, garantiza durabilidad y resistencia a la intemperie. Gracias a su innovador dise\u00f1o, esta bolsa est\u00e1 especialmente dise\u00f1ada para adaptarse a la parte superior del Grand Raid de James Baroud, maximizando el Space disponible y liberando espacio en el interior de tu veh\u00edculo. <\/p>\n","protected":false},"featured_media":53300,"template":"","meta":[],"product_characteristics":[],"product_brand":[],"product_cat":[190],"product_tag":[329],"class_list":{"0":"post-26409","1":"product","2":"type-product","3":"status-publish","4":"has-post-thumbnail","6":"product_cat-accesorios","7":"product_tag-accessories-es","8":"product_shipping_class-accessories-es","10":"first","11":"instock","12":"taxable","13":"shipping-taxable","14":"purchasable","15":"product-type-variable","16":"has-default-attributes"},"acf":[],"_links":{"self":[{"href":"https:\/\/jamesbaroud.com\/es\/wp-json\/wp\/v2\/product\/26409","targetHints":{"allow":["GET"]}}],"collection":[{"href":"https:\/\/jamesbaroud.com\/es\/wp-json\/wp\/v2\/product"}],"about":[{"href":"https:\/\/jamesbaroud.com\/es\/wp-json\/wp\/v2\/types\/product"}],"wp:featuredmedia":[{"embeddable":true,"href":"https:\/\/jamesbaroud.com\/es\/wp-json\/wp\/v2\/media\/53300"}],"wp:attachment":[{"href":"https:\/\/jamesbaroud.com\/es\/wp-json\/wp\/v2\/media?parent=26409"}],"wp:term":[{"taxonomy":"product_characteristics","embeddable":true,"href":"https:\/\/jamesbaroud.com\/es\/wp-json\/wp\/v2\/product_characteristics?post=26409"},{"taxonomy":"product_brand","embeddable":true,"href":"https:\/\/jamesbaroud.com\/es\/wp-json\/wp\/v2\/product_brand?post=26409"},{"taxonomy":"product_cat","embeddable":true,"href":"https:\/\/jamesbaroud.com\/es\/wp-json\/wp\/v2\/product_cat?post=26409"},{"taxonomy":"product_tag","embeddable":true,"href":"https:\/\/jamesbaroud.com\/es\/wp-json\/wp\/v2\/product_tag?post=26409"}],"curies":[{"name":"wp","href":"https:\/\/api.w.org\/{rel}","templated":true}]}}