{"id":25630,"date":"2023-06-19T20:08:51","date_gmt":"2023-06-19T20:08:51","guid":{"rendered":"https:\/\/jamesbaroud.com\/colors\/"},"modified":"2025-04-07T17:02:31","modified_gmt":"2025-04-07T17:02:31","slug":"colors","status":"publish","type":"page","link":"https:\/\/jamesbaroud.com\/fr\/colors\/","title":{"rendered":"Couleurs"},"content":{"rendered":"\n\t\t\t<style type=\"text\/css\">\n\t\t\t\t.block-hero-colors::before { background-color: #ffffff; }\n\t\t\t<\/style>\n\t\t\n\t<section id=\"block_abe582ef6b976a8316b21ef2dec0df69\" class=\"block-hero-colors hero-colors padding-top-0 padding-bottom-0 relative w-full h-full mt-0 overflow-x-hidden z-10 bg-white\">\n\t\t<div class=\"container mt-0\">\n\t\t\t<div class=\"flex flex-col lg:flex-row min-h-500 items-center\">\n\t\t\t\t\t\t\t\t\t<div class=\"m-auto lg:w-1\/2 px-20 pb-30 xs:pb-0 flex items-end\">\n\t\t\t\t\t\t<div class=\"max-w-280 md:ml-auto xs:max-w-500\">\n\t\t\t\t\t\t\t<img decoding=\"async\" class=\"w-full\" src=\"https:\/\/jamesbaroud.com\/wp-content\/uploads\/2023\/07\/ezgif_7_86b7da727fb2_176667248660649d377f39b.png\" srcset=\"\" alt=\"\" fetchpriority=\"high\">\n\t\t\t\t\t\t<\/div>\n\t\t\t\t\t<\/div>\n\t\t\t\t\t\t\t\t<div class=\"lg:w-1\/2 \">\n\t\t\t\t\t<div class=\"max-w-500 mr-auto text-black\">\n\t\t\t\t\t\t\t\t\t\t\t\t\t<h2 class=\"text-45xl leading-normal text-primary-100 font-montserrat font-light mb-20\">\n\t\t\t\t\t\t\t\t+200 couleurs au choix\t\t\t\t\t\t\t<\/h2>\n\t\t\t\t\t\t\t\t\t\t\t\t\t\t\t\t\t\t\t<p>En plus de fabriquer des tentes de toit \u00e0 coque dure de <strong>haute qualit\u00e9<\/strong> en termes de <strong>technologie<\/strong>, de <strong>conception <\/strong>et de <strong>mat\u00e9riaux<\/strong>, nous les fabriquons \u00e9galement dans la couleur de votre choix.<\/p>\n<p>&nbsp;<\/p>\n<p>Lorsque vous choisissez votre mod\u00e8le de la s\u00e9rie Evolution, il vous suffit de <strong>s\u00e9lectionner une couleur de la gamme RAL 7<\/strong> et nous vous l&rsquo;envoyons directement de l&rsquo;usine avec la garantie James Baroud.<\/p>\n<p>&nbsp;<\/p>\n<p>Profitez de cette opportunit\u00e9 pour avoir <strong>une tente qui repr\u00e9sente votre style<\/strong>. Cliquez ici et regardez sur Instagram les combinaisons \u00e9tonnantes de nos clients. <\/p>\n\t\t\t\t\t\t\t\t\t\t\t<\/div>\n\t\t\t\t<\/div>\n\t\t\t<\/div>\n\t\t<\/div>\n\t<\/section>\n\n\t\n<div class=\"wp-block-stackable-separator alignfull stk-block-separator stk--no-padding stk-block stk-e770b99\" data-block-id=\"e770b99\"><style>.stk-e770b99{padding-top:0px !important;padding-right:0px !important;padding-bottom:0px !important;padding-left:0px !important;margin-top:-100px !important;margin-right:0px !important;margin-bottom:0px !important;margin-left:0px !important}.stk-e770b99 svg{fill:#1f1f1f !important}.stk-e770b99 .stk-block-separator__inner{transform:scaleX(1.5) !important;height:170px !important}<\/style><div class=\"stk-block-separator__inner\"><svg xmlns=\"http:\/\/www.w3.org\/2000\/svg\" viewBox=\"0 0 1600 200\" class=\"stk-separator__layer-1\" preserveAspectRatio=\"none\" aria-hidden=\"true\"><path class=\"slant-1_svg__st2\" d=\"M-10 210h1620V.5L-10 183.9z\"><\/path><\/svg><\/div><\/div>\n\t<section id=\"block_80b866b5b67df766a3fdc9fdfaa9015a\" style=\"background:linear-gradient(166deg, #1F1F1F, #1F1F1F 60%, #1F1F1F 60%, #1F1F1F);\" class=\"gallery-grid-images padding-top-0 padding-bottom-80 relative w-full overflow-hidden bg-transparent\">\n\t\t\t<\/section>\n\t","protected":false},"excerpt":{"rendered":"","protected":false},"author":1,"featured_media":0,"parent":0,"menu_order":0,"comment_status":"closed","ping_status":"closed","template":"page-alt.php","meta":{"footnotes":""},"class_list":["post-25630","page","type-page","status-publish","hentry"],"acf":[],"_links":{"self":[{"href":"https:\/\/jamesbaroud.com\/fr\/wp-json\/wp\/v2\/pages\/25630","targetHints":{"allow":["GET"]}}],"collection":[{"href":"https:\/\/jamesbaroud.com\/fr\/wp-json\/wp\/v2\/pages"}],"about":[{"href":"https:\/\/jamesbaroud.com\/fr\/wp-json\/wp\/v2\/types\/page"}],"author":[{"embeddable":true,"href":"https:\/\/jamesbaroud.com\/fr\/wp-json\/wp\/v2\/users\/1"}],"replies":[{"embeddable":true,"href":"https:\/\/jamesbaroud.com\/fr\/wp-json\/wp\/v2\/comments?post=25630"}],"version-history":[{"count":4,"href":"https:\/\/jamesbaroud.com\/fr\/wp-json\/wp\/v2\/pages\/25630\/revisions"}],"predecessor-version":[{"id":33490,"href":"https:\/\/jamesbaroud.com\/fr\/wp-json\/wp\/v2\/pages\/25630\/revisions\/33490"}],"wp:attachment":[{"href":"https:\/\/jamesbaroud.com\/fr\/wp-json\/wp\/v2\/media?parent=25630"}],"curies":[{"name":"wp","href":"https:\/\/api.w.org\/{rel}","templated":true}]}}