{"id":26383,"date":"2023-06-19T20:04:03","date_gmt":"2023-06-19T20:04:03","guid":{"rendered":"https:\/\/jamesbaroud.com\/universal-tablet-support\/"},"modified":"2025-04-07T17:02:33","modified_gmt":"2025-04-07T17:02:33","slug":"universal-tablet-support","status":"publish","type":"product","link":"https:\/\/jamesbaroud.com\/fr\/accessoires\/universal-tablet-support\/","title":{"rendered":"Universel Tablet Support"},"content":{"rendered":"\n<div class=\"wp-block-stackable-columns alignfull stk-block-columns stk-block stk-8286a79 wp-embed-aspect-16-9 wp-has-aspect-ratio\" data-block-id=\"8286a79\"><style>.stk-8286a79 .stk--block-align-8286a79{align-items:center !important}.stk-8286a79{margin-top:0px !important;margin-right:60px !important;margin-bottom:0px !important;margin-left:60px !important}.stk-8286a79-column{justify-content:center !important}@media screen and (max-width:1023px){.stk-8286a79{margin-right:20px !important;margin-left:20px !important}}<\/style><div class=\"stk-row stk-inner-blocks stk--block-align-8286a79 stk-block-content stk-content-align stk-8286a79-column stk--flex alignfull\">\n<div class=\"wp-block-stackable-column stk-block-column stk-column stk-block stk-619aea9\" data-v=\"4\" data-block-id=\"619aea9\"><div class=\"stk-column-wrapper stk-block-column__content stk-container stk-619aea9-container stk--no-background stk--no-padding\"><div class=\"stk-block-content stk-inner-blocks stk-619aea9-inner-blocks\">\n\t<div class=\"container-product\">\n\t\t\n\t\t<section id=\"block_9b47fd694d9578245e92bb7d088863ff\" class=\"block-product-buy padding-top-0 padding-bottom-0 relative w-full mx-auto overflow-hidden\">\n\t\t\t<div class=\"grid grid-cols-12 gap-20 items-center\">\n\t\t\t\t<div class=\"col-span-12 md:col-span-8\">\n\t\t\t\t\t\t\t\t\t<\/div>\n\n\t\t\t\t<div class=\"col-span-12 md:col-span-4 pl-0 md:pl-15\">\n\t\t\t\t\t<div class=\"wp-block-stackable-subtitle stk-block-subtitle stk-block mb-2\">\n\t\t\t\t\t\t<p class=\"stk-block-subtitle__text stk-subtitle\">James Baroud<\/p>\n\t\t\t\t\t<\/div>\n\n\t\t\t\t\t<div class=\"wp-block-stackable-heading stk-block-heading stk-block-heading--v2 stk-block\">\n\t\t\t\t\t\t<h1 class=\"stk-block-heading__text\">Tablet Support<\/h1>\n\t\t\t\t\t<\/div>\n\n\t\t\t\t\t<div class=\"flex flex-col gap-20\">\n\t\t\t\t\t\t<p>Le James Baroud Universal Tablet Support est con\u00e7u pour offrir une solution pratique et s\u00fbre pour regarder des films et des divertissements \u00e0 l&rsquo;int\u00e9rieur de votre tente de toit.  <\/p>\n<p>Ce support est destin\u00e9 \u00e0 \u00eatre fix\u00e9 au filet de chargement sur la partie sup\u00e9rieure interne de la tente, ce qui vous permet d&rsquo;installer votre tablette pour une exp\u00e9rience visuelle mains libres.<\/p>\n\t\t\t\t\t<\/div>\n\n\t\t\t\t\t\t\t\t\t\t\t<div class=\"mt-10 \">\n\t\t\t\t\t\t\t\n\t\n\t<form class=\"cart\" action=\"https:\/\/jamesbaroud.com\/fr\/accessoires\/universal-tablet-support\/\" method=\"post\" enctype='multipart\/form-data'>\n    <div class=\"single_variation\">\n      <div class=\"woocommerce-variation single_variation\">\n        <div class=\"woocommerce-variation-price\">\n          <span class=\"price\">\n            <span class=\"woocommerce-Price-amount amount\"><bdi><span class=\"woocommerce-Price-currencySymbol\">$<\/span>127.00<\/bdi><\/span>          <\/span><!-- \/.price -->\n        <\/div><!-- \/.woocommerce-variation-price -->\n      <\/div><!-- \/ -->\n      \n      \n      <div class=\"add-to-cart-action-bar\">\n        \n        <div class=\"quantity\">\n\t\t<label class=\"screen-reader-text\" for=\"quantity_69ddcb7702a5e\">quantit\u00e9 de Universel Tablet Support<\/label>\n\t<input\n\t\ttype=\"number\"\n\t\t\t\tid=\"quantity_69ddcb7702a5e\"\n\t\tclass=\"input-text qty text\"\n\t\tname=\"quantity\"\n\t\tvalue=\"1\"\n\t\taria-label=\"Quantit\u00e9 de produits\"\n\t\t\t\tmin=\"1\"\n\t\t\t\t\t\t\tstep=\"1\"\n\t\t\tplaceholder=\"\"\n\t\t\tinputmode=\"numeric\"\n\t\t\tautocomplete=\"off\"\n\t\t\t\/>\n\t<\/div>\n        <button type=\"submit\" name=\"add-to-cart\" value=\"26383\"  class=\"single_add_to_cart_button btn btn-xl btn--primary\" >Ajouter au panier<\/button>\n\n\n        <input type=\"hidden\" name=\"gtm4wp_product_data\" value=\"{&quot;internal_id&quot;:26383,&quot;item_id&quot;:26383,&quot;item_name&quot;:&quot;Universel Tablet Support&quot;,&quot;sku&quot;:&quot;41875400000&quot;,&quot;price&quot;:127,&quot;stocklevel&quot;:null,&quot;stockstatus&quot;:&quot;instock&quot;,&quot;google_business_vertical&quot;:&quot;retail&quot;,&quot;item_category&quot;:&quot;Accessoires&quot;,&quot;id&quot;:26383}\" \/>\n<button id=\"more-info-button\" type=\"button\" class=\"more-info-button btn btn-xl btn--gray \"><span>Besoin d\u2019aide?<\/span> <i class=\"fal fa-comments-alt\"><\/i><\/button>        <input type=\"hidden\" name=\"add-to-cart\" value=\"26383\" \/>\n        <input type=\"hidden\" name=\"product_id\" value=\"26383\" \/>\n\n      <\/div><!-- \/.add-to-cart-action-bar -->\n    <\/div><!-- \/.single_variation -->\n\n\n\t<\/form>\n\n\t\n\t\t\t\t\t\t<\/div>\n\t\t\t\t\t\t\t\t\t<\/div>\n\t\t\t<\/div>\n\t\t<\/section>\n\t<\/div>\n\t<\/div><\/div><\/div>\n<\/div><\/div>\n\n<div class=\"wp-block-stackable-spacer stk-block-spacer stk--no-padding stk-block stk-0a1dcbb\" data-block-id=\"0a1dcbb\" data-block-type=\"core\" data-block-type=\"core\"><style>.stk-0a1dcbb{height:150px !important}<\/style><\/div>\n\n<div class=\"wp-block-stackable-columns alignfull stk-block-columns stk-block stk-a8270a1 wp-embed-aspect-16-9 wp-has-aspect-ratio\" data-block-id=\"a8270a1\"><style>.stk-a8270a1{margin-top:0px !important;margin-right:60px !important;margin-bottom:60px !important;margin-left:60px !important}.stk-a8270a1-column{max-width:1000px !important;--stk-columns-spacing:0px !important;--stk-column-gap:60px !important;row-gap:30px !important}@media screen and (max-width:1023px){.stk-a8270a1{margin-bottom:60px !important}}@media screen and (max-width:767px){.stk-a8270a1{margin-right:20px !important;margin-bottom:20px !important;margin-left:20px !important}}<\/style><div class=\"stk-row stk-inner-blocks stk-block-content stk-content-align stk-a8270a1-column alignfull\">\n<div class=\"wp-block-stackable-column stk-block-column stk-column stk-block stk-34f13cc\" data-v=\"4\" data-block-id=\"34f13cc\"><style>.stk-34f13cc-inner-blocks{row-gap:60px !important}@media screen and (max-width:767px){.stk-34f13cc-inner-blocks{row-gap:20px !important}}<\/style><div class=\"stk-column-wrapper stk-block-column__content stk-container stk-34f13cc-container stk--no-background stk--no-padding\"><div class=\"stk-block-content stk-inner-blocks stk-34f13cc-inner-blocks\">\n<div class=\"wp-block-stackable-image stk-block-image stk-block stk-a07bede\" data-block-id=\"a07bede\"><style>.stk-a07bede{margin-top:0px !important;margin-right:0px !important;margin-bottom:0px !important;margin-left:0px !important}.stk-a07bede .stk-img-wrapper{width:100% !important}.stk-a07bede .stk-img-wrapper img{object-position:69% 54% !important}:where(.stk-hover-parent:hover,.stk-hover-parent.stk--is-hovered) .stk-a07bede .stk-img-wrapper::after{background-color:#000000 !important}:where(.stk-hover-parent:hover,.stk-hover-parent.stk--is-hovered) .stk-a07bede .stk-img-wrapper{--stk-gradient-overlay:0.7 !important}<\/style><figure><span class=\"stk-img-wrapper stk-image--shape-stretch stk--has-lightbox\"><img loading=\"lazy\" decoding=\"async\" class=\"stk-img wp-image-5991\" src=\"https:\/\/jamesbaroud.com\/wp-content\/uploads\/2023\/06\/James-Baroud-Products-Accessories-Tablet-Support-6.webp\" width=\"637\" height=\"851\"\/><\/span><\/figure><\/div>\n\n\n\n<div class=\"wp-block-stackable-image stk-block-image stk-block stk-d8d72df\" data-block-id=\"d8d72df\"><style>.stk-d8d72df{margin-top:0px !important;margin-right:0px !important;margin-bottom:0px !important;margin-left:0px !important}.stk-d8d72df .stk-img-wrapper{width:100% !important}.stk-d8d72df .stk-img-wrapper img{object-position:69% 54% !important}:where(.stk-hover-parent:hover,.stk-hover-parent.stk--is-hovered) .stk-d8d72df .stk-img-wrapper::after{background-color:#000000 !important}:where(.stk-hover-parent:hover,.stk-hover-parent.stk--is-hovered) .stk-d8d72df .stk-img-wrapper{--stk-gradient-overlay:0.7 !important}<\/style><figure><span class=\"stk-img-wrapper stk-image--shape-stretch stk--has-lightbox\"><img loading=\"lazy\" decoding=\"async\" class=\"stk-img wp-image-5987\" src=\"https:\/\/jamesbaroud.com\/wp-content\/uploads\/2023\/06\/James-Baroud-Products-Accessories-Tablet-Support-2.webp\" width=\"1134\" height=\"850\"\/><\/span><\/figure><\/div>\n<\/div><\/div><\/div>\n\n\n\n<div class=\"wp-block-stackable-column stk-block-column stk-column stk-block stk-0db4685\" data-v=\"4\" data-block-id=\"0db4685\"><style>.stk-0db4685-container{margin-top:0px !important;margin-right:0px !important;margin-bottom:0px !important;margin-left:0px !important}.stk-0db4685-inner-blocks{row-gap:60px !important}@media screen and (max-width:767px){.stk-0db4685-inner-blocks{row-gap:20px !important}}<\/style><div class=\"stk-column-wrapper stk-block-column__content stk-container stk-0db4685-container stk--no-background stk--no-padding\"><div class=\"stk-block-content stk-inner-blocks stk-0db4685-inner-blocks\">\n<div class=\"wp-block-stackable-image stk-block-image stk-block stk-ae2d2b9\" data-block-id=\"ae2d2b9\"><style>.stk-ae2d2b9{margin-top:0px !important;margin-right:0px !important;margin-bottom:0px !important;margin-left:0px !important}.stk-ae2d2b9 .stk-img-wrapper{width:100% !important}.stk-ae2d2b9 .stk-img-wrapper img{object-position:69% 54% !important}:where(.stk-hover-parent:hover,.stk-hover-parent.stk--is-hovered) .stk-ae2d2b9 .stk-img-wrapper::after{background-color:#000000 !important}:where(.stk-hover-parent:hover,.stk-hover-parent.stk--is-hovered) .stk-ae2d2b9 .stk-img-wrapper{--stk-gradient-overlay:0.7 !important}<\/style><figure><span class=\"stk-img-wrapper stk-image--shape-stretch stk--has-lightbox\"><img loading=\"lazy\" decoding=\"async\" class=\"stk-img wp-image-5986\" src=\"https:\/\/jamesbaroud.com\/wp-content\/uploads\/2023\/06\/James-Baroud-Products-Accessories-Tablet-Support-1.webp\" width=\"637\" height=\"851\"\/><\/span><\/figure><\/div>\n\n\n\n<div class=\"wp-block-stackable-image stk-block-image stk-block stk-bc6adbe\" data-block-id=\"bc6adbe\"><style>.stk-bc6adbe{margin-top:0px !important;margin-right:0px !important;margin-bottom:0px !important;margin-left:0px !important}.stk-bc6adbe .stk-img-wrapper{width:100% !important}.stk-bc6adbe .stk-img-wrapper img{object-position:69% 54% !important}:where(.stk-hover-parent:hover,.stk-hover-parent.stk--is-hovered) .stk-bc6adbe .stk-img-wrapper::after{background-color:#000000 !important}:where(.stk-hover-parent:hover,.stk-hover-parent.stk--is-hovered) .stk-bc6adbe .stk-img-wrapper{--stk-gradient-overlay:0.7 !important}<\/style><figure><span class=\"stk-img-wrapper stk-image--shape-stretch stk--has-lightbox\"><img loading=\"lazy\" decoding=\"async\" class=\"stk-img wp-image-5983\" src=\"https:\/\/jamesbaroud.com\/wp-content\/uploads\/2023\/06\/James-Baroud-Products-Accessories-Tablet-Support-7.webp\" width=\"1134\" height=\"850\"\/><\/span><\/figure><\/div>\n<\/div><\/div><\/div>\n<\/div><\/div>\n\n<div class=\"wp-block-stackable-spacer stk-block-spacer stk--no-padding stk-block stk-j0cm2b3\" data-block-id=\"j0cm2b3\" data-block-type=\"core\" data-block-type=\"core\"><style>.stk-j0cm2b3{height:150px !important}<\/style><\/div>\n","protected":false},"excerpt":{"rendered":"","protected":false},"featured_media":32638,"template":"","meta":[],"product_characteristics":[],"product_brand":[],"product_cat":[324],"product_tag":[417],"class_list":{"0":"post-26383","1":"product","2":"type-product","3":"status-publish","4":"has-post-thumbnail","6":"product_cat-accessoires","7":"product_tag-accessories-fr","8":"product_shipping_class-accessories-fr","10":"first","11":"instock","12":"taxable","13":"shipping-taxable","14":"purchasable","15":"product-type-simple"},"acf":[],"_links":{"self":[{"href":"https:\/\/jamesbaroud.com\/fr\/wp-json\/wp\/v2\/product\/26383","targetHints":{"allow":["GET"]}}],"collection":[{"href":"https:\/\/jamesbaroud.com\/fr\/wp-json\/wp\/v2\/product"}],"about":[{"href":"https:\/\/jamesbaroud.com\/fr\/wp-json\/wp\/v2\/types\/product"}],"wp:featuredmedia":[{"embeddable":true,"href":"https:\/\/jamesbaroud.com\/fr\/wp-json\/wp\/v2\/media\/32638"}],"wp:attachment":[{"href":"https:\/\/jamesbaroud.com\/fr\/wp-json\/wp\/v2\/media?parent=26383"}],"wp:term":[{"taxonomy":"product_characteristics","embeddable":true,"href":"https:\/\/jamesbaroud.com\/fr\/wp-json\/wp\/v2\/product_characteristics?post=26383"},{"taxonomy":"product_brand","embeddable":true,"href":"https:\/\/jamesbaroud.com\/fr\/wp-json\/wp\/v2\/product_brand?post=26383"},{"taxonomy":"product_cat","embeddable":true,"href":"https:\/\/jamesbaroud.com\/fr\/wp-json\/wp\/v2\/product_cat?post=26383"},{"taxonomy":"product_tag","embeddable":true,"href":"https:\/\/jamesbaroud.com\/fr\/wp-json\/wp\/v2\/product_tag?post=26383"}],"curies":[{"name":"wp","href":"https:\/\/api.w.org\/{rel}","templated":true}]}}