{"id":26413,"date":"2023-06-19T20:03:21","date_gmt":"2023-06-19T20:03:21","guid":{"rendered":"https:\/\/jamesbaroud.com\/comfort-pad\/"},"modified":"2025-04-07T17:23:22","modified_gmt":"2025-04-07T17:23:22","slug":"comfort-pad","status":"publish","type":"product","link":"https:\/\/jamesbaroud.com\/fr\/accessoires\/comfort-pad\/","title":{"rendered":"Comfort Pad"},"content":{"rendered":"\n<div class=\"wp-block-stackable-columns alignfull stk-block-columns stk-block stk-8286a79 wp-embed-aspect-16-9 wp-has-aspect-ratio\" data-block-id=\"8286a79\"><style>.stk-8286a79 .stk--block-align-8286a79{align-items:center !important;}.stk-8286a79 {margin-top:0px !important;margin-right:60px !important;margin-bottom:0px !important;margin-left:60px !important;}.stk-8286a79-column{justify-content:center !important;}@media screen and (max-width: 1023px){.stk-8286a79 {margin-right:20px !important;margin-left:20px !important;}}<\/style><div class=\"stk-row stk-inner-blocks stk--block-align-8286a79 stk-block-content stk-content-align stk-8286a79-column stk--flex alignfull\">\n<div class=\"wp-block-stackable-column stk-block-column stk-column stk-block stk-619aea9\" data-v=\"4\" data-block-id=\"619aea9\"><div class=\"stk-column-wrapper stk-block-column__content stk-container stk-619aea9-container stk--no-background stk--no-padding\"><div class=\"stk-block-content stk-inner-blocks stk-619aea9-inner-blocks\">\n\t<div class=\"container-product\">\n\t\t\n\t\t<section id=\"block_3f182872d8081c46c70047cdc6dbe4e8\" class=\"block-product-buy relative w-full mx-auto overflow-hidden\">\n\t\t\t<div class=\"grid grid-cols-12 gap-20 items-center\">\n\t\t\t\t<div class=\"col-span-12 md:col-span-8\">\n\t\t\t\t\t\t\t\t\t<\/div>\n\n\t\t\t\t<div class=\"col-span-12 md:col-span-4 pl-0 md:pl-15\">\n\t\t\t\t\t<div class=\"wp-block-stackable-subtitle stk-block-subtitle stk-block mb-2\">\n\t\t\t\t\t\t<p class=\"stk-block-subtitle__text stk-subtitle\">James Baroud<\/p>\n\t\t\t\t\t<\/div>\n\n\t\t\t\t\t<div class=\"wp-block-stackable-heading stk-block-heading stk-block-heading--v2 stk-block\">\n\t\t\t\t\t\t<h1 class=\"stk-block-heading__text\">Comfort Pad<\/h1>\n\t\t\t\t\t<\/div>\n\n\t\t\t\t\t<div class=\"flex flex-col gap-20\">\n\t\t\t\t\t\t<p>\u00c9galement appel\u00e9e Anti-condensation Mattress, cette sous-couche s&rsquo;adapte parfaitement sous notre matelas et elle est sp\u00e9cifiquement con\u00e7ue pour augmenter la ventilation entre le matelas et le fond de la tente, permettant \u00e0 l&rsquo;air d&rsquo;agir comme un isolant, minimisant ainsi la condensation et l&rsquo;accumulation d&rsquo;humidit\u00e9.<\/p>\n<p>Le rembourrage suppl\u00e9mentaire permet non seulement d&rsquo;\u00e9viter les taches de condensation, mais aussi d&rsquo;am\u00e9liorer le confort.<\/p>\n\t\t\t\t\t<\/div>\n\n\t\t\t\t\t\t\t\t\t\t\t<div class=\"mt-10 \">\n\t\t\t\t\t\t\t\n<form class=\"variations_form cart\" action=\"https:\/\/jamesbaroud.com\/fr\/accessoires\/comfort-pad\/\" method=\"post\" enctype='multipart\/form-data' data-product_id=\"26413\" data-product_variations=\"[{&quot;attributes&quot;:{&quot;attribute_pa_size&quot;:&quot;s-fr-2&quot;},&quot;availability_html&quot;:&quot;&quot;,&quot;backorders_allowed&quot;:false,&quot;dimensions&quot;:{&quot;length&quot;:&quot;&quot;,&quot;width&quot;:&quot;&quot;,&quot;height&quot;:&quot;&quot;},&quot;dimensions_html&quot;:&quot;ND&quot;,&quot;display_price&quot;:380,&quot;display_regular_price&quot;:380,&quot;image&quot;:{&quot;title&quot;:&quot;James Baroud Anti-condensation Pad Zoom Vue d\\u00e9taill\\u00e9e&quot;,&quot;caption&quot;:&quot;James Baroud Anti-condensation Pad Zoom Vue d\\u00e9taill\\u00e9e&quot;,&quot;url&quot;:&quot;https:\\\/\\\/jamesbaroud.com\\\/wp-content\\\/uploads\\\/2023\\\/06\\\/James-Baroud-Anti-Condensation-Pad-1-1000.webp&quot;,&quot;alt&quot;:&quot;James Baroud Anti-condensation Pad Zoom Vue d\\u00e9taill\\u00e9e&quot;,&quot;src&quot;:&quot;https:\\\/\\\/jamesbaroud.com\\\/wp-content\\\/uploads\\\/2023\\\/06\\\/James-Baroud-Anti-Condensation-Pad-1-1000.webp&quot;,&quot;srcset&quot;:false,&quot;sizes&quot;:&quot;(max-width: 1000px) 100vw, 1000px&quot;,&quot;full_src&quot;:&quot;https:\\\/\\\/jamesbaroud.com\\\/wp-content\\\/uploads\\\/2023\\\/06\\\/James-Baroud-Anti-Condensation-Pad-1-1000.webp&quot;,&quot;full_src_w&quot;:1000,&quot;full_src_h&quot;:667,&quot;gallery_thumbnail_src&quot;:&quot;https:\\\/\\\/jamesbaroud.com\\\/wp-content\\\/uploads\\\/2023\\\/06\\\/James-Baroud-Anti-Condensation-Pad-1-1000-100x100.webp&quot;,&quot;gallery_thumbnail_src_w&quot;:100,&quot;gallery_thumbnail_src_h&quot;:100,&quot;thumb_src&quot;:&quot;https:\\\/\\\/jamesbaroud.com\\\/wp-content\\\/uploads\\\/2023\\\/06\\\/James-Baroud-Anti-Condensation-Pad-1-1000-700x467.webp&quot;,&quot;thumb_src_w&quot;:700,&quot;thumb_src_h&quot;:467,&quot;src_w&quot;:1000,&quot;src_h&quot;:667},&quot;image_id&quot;:30945,&quot;is_downloadable&quot;:false,&quot;is_in_stock&quot;:true,&quot;is_purchasable&quot;:true,&quot;is_sold_individually&quot;:&quot;no&quot;,&quot;is_virtual&quot;:false,&quot;max_qty&quot;:&quot;&quot;,&quot;min_qty&quot;:1,&quot;price_html&quot;:&quot;&lt;span class=\\&quot;price\\&quot;&gt;&lt;span class=\\&quot;woocommerce-Price-amount amount\\&quot;&gt;&lt;bdi&gt;&lt;span class=\\&quot;woocommerce-Price-currencySymbol\\&quot;&gt;$&lt;\\\/span&gt;380.00&lt;\\\/bdi&gt;&lt;\\\/span&gt;&lt;\\\/span&gt;&quot;,&quot;sku&quot;:&quot;41870080000&quot;,&quot;variation_description&quot;:&quot;&quot;,&quot;variation_id&quot;:26414,&quot;variation_is_active&quot;:true,&quot;variation_is_visible&quot;:true,&quot;weight&quot;:&quot;&quot;,&quot;weight_html&quot;:&quot;ND&quot;,&quot;wavi_value&quot;:&quot;&quot;},{&quot;attributes&quot;:{&quot;attribute_pa_size&quot;:&quot;m-fr-2&quot;},&quot;availability_html&quot;:&quot;&quot;,&quot;backorders_allowed&quot;:false,&quot;dimensions&quot;:{&quot;length&quot;:&quot;&quot;,&quot;width&quot;:&quot;&quot;,&quot;height&quot;:&quot;&quot;},&quot;dimensions_html&quot;:&quot;ND&quot;,&quot;display_price&quot;:394,&quot;display_regular_price&quot;:394,&quot;image&quot;:{&quot;title&quot;:&quot;James Baroud Anti-condensation Pad Zoom Vue d\\u00e9taill\\u00e9e&quot;,&quot;caption&quot;:&quot;James Baroud Anti-condensation Pad Zoom Vue d\\u00e9taill\\u00e9e&quot;,&quot;url&quot;:&quot;https:\\\/\\\/jamesbaroud.com\\\/wp-content\\\/uploads\\\/2023\\\/06\\\/James-Baroud-Anti-Condensation-Pad-1-1000.webp&quot;,&quot;alt&quot;:&quot;James Baroud Anti-condensation Pad Zoom Vue d\\u00e9taill\\u00e9e&quot;,&quot;src&quot;:&quot;https:\\\/\\\/jamesbaroud.com\\\/wp-content\\\/uploads\\\/2023\\\/06\\\/James-Baroud-Anti-Condensation-Pad-1-1000.webp&quot;,&quot;srcset&quot;:false,&quot;sizes&quot;:&quot;(max-width: 1000px) 100vw, 1000px&quot;,&quot;full_src&quot;:&quot;https:\\\/\\\/jamesbaroud.com\\\/wp-content\\\/uploads\\\/2023\\\/06\\\/James-Baroud-Anti-Condensation-Pad-1-1000.webp&quot;,&quot;full_src_w&quot;:1000,&quot;full_src_h&quot;:667,&quot;gallery_thumbnail_src&quot;:&quot;https:\\\/\\\/jamesbaroud.com\\\/wp-content\\\/uploads\\\/2023\\\/06\\\/James-Baroud-Anti-Condensation-Pad-1-1000-100x100.webp&quot;,&quot;gallery_thumbnail_src_w&quot;:100,&quot;gallery_thumbnail_src_h&quot;:100,&quot;thumb_src&quot;:&quot;https:\\\/\\\/jamesbaroud.com\\\/wp-content\\\/uploads\\\/2023\\\/06\\\/James-Baroud-Anti-Condensation-Pad-1-1000-700x467.webp&quot;,&quot;thumb_src_w&quot;:700,&quot;thumb_src_h&quot;:467,&quot;src_w&quot;:1000,&quot;src_h&quot;:667},&quot;image_id&quot;:30945,&quot;is_downloadable&quot;:false,&quot;is_in_stock&quot;:true,&quot;is_purchasable&quot;:true,&quot;is_sold_individually&quot;:&quot;no&quot;,&quot;is_virtual&quot;:false,&quot;max_qty&quot;:&quot;&quot;,&quot;min_qty&quot;:1,&quot;price_html&quot;:&quot;&lt;span class=\\&quot;price\\&quot;&gt;&lt;span class=\\&quot;woocommerce-Price-amount amount\\&quot;&gt;&lt;bdi&gt;&lt;span class=\\&quot;woocommerce-Price-currencySymbol\\&quot;&gt;$&lt;\\\/span&gt;394.00&lt;\\\/bdi&gt;&lt;\\\/span&gt;&lt;\\\/span&gt;&quot;,&quot;sku&quot;:&quot;41870100000&quot;,&quot;variation_description&quot;:&quot;&quot;,&quot;variation_id&quot;:26415,&quot;variation_is_active&quot;:true,&quot;variation_is_visible&quot;:true,&quot;weight&quot;:&quot;&quot;,&quot;weight_html&quot;:&quot;ND&quot;,&quot;wavi_value&quot;:&quot;&quot;},{&quot;attributes&quot;:{&quot;attribute_pa_size&quot;:&quot;x-fr-2&quot;},&quot;availability_html&quot;:&quot;&quot;,&quot;backorders_allowed&quot;:false,&quot;dimensions&quot;:{&quot;length&quot;:&quot;&quot;,&quot;width&quot;:&quot;&quot;,&quot;height&quot;:&quot;&quot;},&quot;dimensions_html&quot;:&quot;ND&quot;,&quot;display_price&quot;:420,&quot;display_regular_price&quot;:420,&quot;image&quot;:{&quot;title&quot;:&quot;James Baroud Anti-condensation Pad Zoom Vue d\\u00e9taill\\u00e9e&quot;,&quot;caption&quot;:&quot;James Baroud Anti-condensation Pad Zoom Vue d\\u00e9taill\\u00e9e&quot;,&quot;url&quot;:&quot;https:\\\/\\\/jamesbaroud.com\\\/wp-content\\\/uploads\\\/2023\\\/06\\\/James-Baroud-Anti-Condensation-Pad-1-1000.webp&quot;,&quot;alt&quot;:&quot;James Baroud Anti-condensation Pad Zoom Vue d\\u00e9taill\\u00e9e&quot;,&quot;src&quot;:&quot;https:\\\/\\\/jamesbaroud.com\\\/wp-content\\\/uploads\\\/2023\\\/06\\\/James-Baroud-Anti-Condensation-Pad-1-1000.webp&quot;,&quot;srcset&quot;:false,&quot;sizes&quot;:&quot;(max-width: 1000px) 100vw, 1000px&quot;,&quot;full_src&quot;:&quot;https:\\\/\\\/jamesbaroud.com\\\/wp-content\\\/uploads\\\/2023\\\/06\\\/James-Baroud-Anti-Condensation-Pad-1-1000.webp&quot;,&quot;full_src_w&quot;:1000,&quot;full_src_h&quot;:667,&quot;gallery_thumbnail_src&quot;:&quot;https:\\\/\\\/jamesbaroud.com\\\/wp-content\\\/uploads\\\/2023\\\/06\\\/James-Baroud-Anti-Condensation-Pad-1-1000-100x100.webp&quot;,&quot;gallery_thumbnail_src_w&quot;:100,&quot;gallery_thumbnail_src_h&quot;:100,&quot;thumb_src&quot;:&quot;https:\\\/\\\/jamesbaroud.com\\\/wp-content\\\/uploads\\\/2023\\\/06\\\/James-Baroud-Anti-Condensation-Pad-1-1000-700x467.webp&quot;,&quot;thumb_src_w&quot;:700,&quot;thumb_src_h&quot;:467,&quot;src_w&quot;:1000,&quot;src_h&quot;:667},&quot;image_id&quot;:30945,&quot;is_downloadable&quot;:false,&quot;is_in_stock&quot;:true,&quot;is_purchasable&quot;:true,&quot;is_sold_individually&quot;:&quot;no&quot;,&quot;is_virtual&quot;:false,&quot;max_qty&quot;:&quot;&quot;,&quot;min_qty&quot;:1,&quot;price_html&quot;:&quot;&lt;span class=\\&quot;price\\&quot;&gt;&lt;span class=\\&quot;woocommerce-Price-amount amount\\&quot;&gt;&lt;bdi&gt;&lt;span class=\\&quot;woocommerce-Price-currencySymbol\\&quot;&gt;$&lt;\\\/span&gt;420.00&lt;\\\/bdi&gt;&lt;\\\/span&gt;&lt;\\\/span&gt;&quot;,&quot;sku&quot;:&quot;41870140000&quot;,&quot;variation_description&quot;:&quot;&quot;,&quot;variation_id&quot;:26416,&quot;variation_is_active&quot;:true,&quot;variation_is_visible&quot;:true,&quot;weight&quot;:&quot;&quot;,&quot;weight_html&quot;:&quot;ND&quot;,&quot;wavi_value&quot;:&quot;&quot;},{&quot;attributes&quot;:{&quot;attribute_pa_size&quot;:&quot;l-fr-2&quot;},&quot;availability_html&quot;:&quot;&quot;,&quot;backorders_allowed&quot;:false,&quot;dimensions&quot;:{&quot;length&quot;:&quot;&quot;,&quot;width&quot;:&quot;&quot;,&quot;height&quot;:&quot;&quot;},&quot;dimensions_html&quot;:&quot;ND&quot;,&quot;display_price&quot;:420,&quot;display_regular_price&quot;:420,&quot;image&quot;:{&quot;title&quot;:&quot;James Baroud Anti-condensation Pad Zoom Vue d\\u00e9taill\\u00e9e&quot;,&quot;caption&quot;:&quot;James Baroud Anti-condensation Pad Zoom Vue d\\u00e9taill\\u00e9e&quot;,&quot;url&quot;:&quot;https:\\\/\\\/jamesbaroud.com\\\/wp-content\\\/uploads\\\/2023\\\/06\\\/James-Baroud-Anti-Condensation-Pad-1-1000.webp&quot;,&quot;alt&quot;:&quot;James Baroud Anti-condensation Pad Zoom Vue d\\u00e9taill\\u00e9e&quot;,&quot;src&quot;:&quot;https:\\\/\\\/jamesbaroud.com\\\/wp-content\\\/uploads\\\/2023\\\/06\\\/James-Baroud-Anti-Condensation-Pad-1-1000.webp&quot;,&quot;srcset&quot;:false,&quot;sizes&quot;:&quot;(max-width: 1000px) 100vw, 1000px&quot;,&quot;full_src&quot;:&quot;https:\\\/\\\/jamesbaroud.com\\\/wp-content\\\/uploads\\\/2023\\\/06\\\/James-Baroud-Anti-Condensation-Pad-1-1000.webp&quot;,&quot;full_src_w&quot;:1000,&quot;full_src_h&quot;:667,&quot;gallery_thumbnail_src&quot;:&quot;https:\\\/\\\/jamesbaroud.com\\\/wp-content\\\/uploads\\\/2023\\\/06\\\/James-Baroud-Anti-Condensation-Pad-1-1000-100x100.webp&quot;,&quot;gallery_thumbnail_src_w&quot;:100,&quot;gallery_thumbnail_src_h&quot;:100,&quot;thumb_src&quot;:&quot;https:\\\/\\\/jamesbaroud.com\\\/wp-content\\\/uploads\\\/2023\\\/06\\\/James-Baroud-Anti-Condensation-Pad-1-1000-700x467.webp&quot;,&quot;thumb_src_w&quot;:700,&quot;thumb_src_h&quot;:467,&quot;src_w&quot;:1000,&quot;src_h&quot;:667},&quot;image_id&quot;:30945,&quot;is_downloadable&quot;:false,&quot;is_in_stock&quot;:true,&quot;is_purchasable&quot;:true,&quot;is_sold_individually&quot;:&quot;no&quot;,&quot;is_virtual&quot;:false,&quot;max_qty&quot;:&quot;&quot;,&quot;min_qty&quot;:1,&quot;price_html&quot;:&quot;&lt;span class=\\&quot;price\\&quot;&gt;&lt;span class=\\&quot;woocommerce-Price-amount amount\\&quot;&gt;&lt;bdi&gt;&lt;span class=\\&quot;woocommerce-Price-currencySymbol\\&quot;&gt;$&lt;\\\/span&gt;420.00&lt;\\\/bdi&gt;&lt;\\\/span&gt;&lt;\\\/span&gt;&quot;,&quot;sku&quot;:&quot;41870110000&quot;,&quot;variation_description&quot;:&quot;&quot;,&quot;variation_id&quot;:52995,&quot;variation_is_active&quot;:true,&quot;variation_is_visible&quot;:true,&quot;weight&quot;:&quot;&quot;,&quot;weight_html&quot;:&quot;ND&quot;,&quot;wavi_value&quot;:&quot;&quot;},{&quot;attributes&quot;:{&quot;attribute_pa_size&quot;:&quot;xl-fr-2&quot;},&quot;availability_html&quot;:&quot;&quot;,&quot;backorders_allowed&quot;:false,&quot;dimensions&quot;:{&quot;length&quot;:&quot;&quot;,&quot;width&quot;:&quot;&quot;,&quot;height&quot;:&quot;&quot;},&quot;dimensions_html&quot;:&quot;ND&quot;,&quot;display_price&quot;:431,&quot;display_regular_price&quot;:431,&quot;image&quot;:{&quot;title&quot;:&quot;James Baroud Anti-condensation Pad Zoom Vue d\\u00e9taill\\u00e9e&quot;,&quot;caption&quot;:&quot;James Baroud Anti-condensation Pad Zoom Vue d\\u00e9taill\\u00e9e&quot;,&quot;url&quot;:&quot;https:\\\/\\\/jamesbaroud.com\\\/wp-content\\\/uploads\\\/2023\\\/06\\\/James-Baroud-Anti-Condensation-Pad-1-1000.webp&quot;,&quot;alt&quot;:&quot;James Baroud Anti-condensation Pad Zoom Vue d\\u00e9taill\\u00e9e&quot;,&quot;src&quot;:&quot;https:\\\/\\\/jamesbaroud.com\\\/wp-content\\\/uploads\\\/2023\\\/06\\\/James-Baroud-Anti-Condensation-Pad-1-1000.webp&quot;,&quot;srcset&quot;:false,&quot;sizes&quot;:&quot;(max-width: 1000px) 100vw, 1000px&quot;,&quot;full_src&quot;:&quot;https:\\\/\\\/jamesbaroud.com\\\/wp-content\\\/uploads\\\/2023\\\/06\\\/James-Baroud-Anti-Condensation-Pad-1-1000.webp&quot;,&quot;full_src_w&quot;:1000,&quot;full_src_h&quot;:667,&quot;gallery_thumbnail_src&quot;:&quot;https:\\\/\\\/jamesbaroud.com\\\/wp-content\\\/uploads\\\/2023\\\/06\\\/James-Baroud-Anti-Condensation-Pad-1-1000-100x100.webp&quot;,&quot;gallery_thumbnail_src_w&quot;:100,&quot;gallery_thumbnail_src_h&quot;:100,&quot;thumb_src&quot;:&quot;https:\\\/\\\/jamesbaroud.com\\\/wp-content\\\/uploads\\\/2023\\\/06\\\/James-Baroud-Anti-Condensation-Pad-1-1000-700x467.webp&quot;,&quot;thumb_src_w&quot;:700,&quot;thumb_src_h&quot;:467,&quot;src_w&quot;:1000,&quot;src_h&quot;:667},&quot;image_id&quot;:30945,&quot;is_downloadable&quot;:false,&quot;is_in_stock&quot;:true,&quot;is_purchasable&quot;:true,&quot;is_sold_individually&quot;:&quot;no&quot;,&quot;is_virtual&quot;:false,&quot;max_qty&quot;:&quot;&quot;,&quot;min_qty&quot;:1,&quot;price_html&quot;:&quot;&lt;span class=\\&quot;price\\&quot;&gt;&lt;span class=\\&quot;woocommerce-Price-amount amount\\&quot;&gt;&lt;bdi&gt;&lt;span class=\\&quot;woocommerce-Price-currencySymbol\\&quot;&gt;$&lt;\\\/span&gt;431.00&lt;\\\/bdi&gt;&lt;\\\/span&gt;&lt;\\\/span&gt;&quot;,&quot;sku&quot;:&quot;41870120000&quot;,&quot;variation_description&quot;:&quot;&quot;,&quot;variation_id&quot;:26417,&quot;variation_is_active&quot;:true,&quot;variation_is_visible&quot;:true,&quot;weight&quot;:&quot;&quot;,&quot;weight_html&quot;:&quot;ND&quot;,&quot;wavi_value&quot;:&quot;&quot;}]\">\n\t<div data-product_id=\"26413\" data-threshold_min=\"30\" data-threshold_max=\"100\" data-total=\"5\">\n\t\t\t<table class=\"variations\" cellspacing=\"0\" role=\"presentation\">\n\t\t\t<tbody>\n\t\t\t\t\t\t\t\t\t<tr>\n\t\t\t\t\t\t<th class=\"label\"><label for=\"pa_size\">Size<\/label><\/th>\n\t\t\t\t\t\t<td class=\"value\">\n\t\t\t\t\t\t\t<select style=\"display:none\" id=\"pa_size\" class=\" woo-variation-raw-select\" name=\"attribute_pa_size\" data-attribute_name=\"attribute_pa_size\" data-show_option_none=\"yes\"><option value=\"\">Choisir une option<\/option><option value=\"s-fr-2\" >S<\/option><option value=\"m-fr-2\"  selected='selected'>M<\/option><option value=\"l-fr-2\" >L<\/option><option value=\"x-fr-2\" >X<\/option><option value=\"xl-fr-2\" >XL<\/option><\/select><ul role=\"radiogroup\" aria-label=\"Size\" class=\"variable-items-wrapper button-variable-items-wrapper wvs-style-squared\" data-attribute_name=\"attribute_pa_size\" data-attribute_values=\"[&quot;s-fr-2&quot;,&quot;m-fr-2&quot;,&quot;x-fr-2&quot;,&quot;xl-fr-2&quot;,&quot;l-fr-2&quot;]\"><li aria-checked=\"false\" tabindex=\"0\" data-attribute_name=\"attribute_pa_size\" class=\"variable-item button-variable-item button-variable-item-s-fr-2 \" title=\"S\" data-title=\"S\" data-value=\"s-fr-2\" role=\"radio\" tabindex=\"0\"><div class=\"variable-item-contents\"><span class=\"variable-item-span variable-item-span-button\">S<\/span><\/div><\/li><li aria-checked=\"true\" tabindex=\"0\" data-attribute_name=\"attribute_pa_size\" class=\"variable-item button-variable-item button-variable-item-m-fr-2 selected\" title=\"M\" data-title=\"M\" data-value=\"m-fr-2\" role=\"radio\" tabindex=\"0\"><div class=\"variable-item-contents\"><span class=\"variable-item-span variable-item-span-button\">M<\/span><\/div><\/li><li aria-checked=\"false\" tabindex=\"0\" data-attribute_name=\"attribute_pa_size\" class=\"variable-item button-variable-item button-variable-item-l-fr-2 \" title=\"L\" data-title=\"L\" data-value=\"l-fr-2\" role=\"radio\" tabindex=\"0\"><div class=\"variable-item-contents\"><span class=\"variable-item-span variable-item-span-button\">L<\/span><\/div><\/li><li aria-checked=\"false\" tabindex=\"0\" data-attribute_name=\"attribute_pa_size\" class=\"variable-item button-variable-item button-variable-item-x-fr-2 \" title=\"X\" data-title=\"X\" data-value=\"x-fr-2\" role=\"radio\" tabindex=\"0\"><div class=\"variable-item-contents\"><span class=\"variable-item-span variable-item-span-button\">X<\/span><\/div><\/li><li aria-checked=\"false\" tabindex=\"0\" data-attribute_name=\"attribute_pa_size\" class=\"variable-item button-variable-item button-variable-item-xl-fr-2 \" title=\"XL\" data-title=\"XL\" data-value=\"xl-fr-2\" role=\"radio\" tabindex=\"0\"><div class=\"variable-item-contents\"><span class=\"variable-item-span variable-item-span-button\">XL<\/span><\/div><\/li><\/ul><a class=\"reset_variations\" href=\"#\" aria-label=\"Effacer les options\">Effacer<\/a>\t\t\t\t\t\t<\/td>\n\t\t\t\t\t<\/tr>\n\t\t\t\t\t\t\t<\/tbody>\n\t\t<\/table>\n\t\t<div class=\"reset_variations_alert screen-reader-text\" role=\"alert\" aria-live=\"polite\" aria-relevant=\"all\"><\/div>\n\t\t\n\t\t<div class=\"single_variation_wrap\">\n\t\t\t<div class=\"woocommerce-variation single_variation\" role=\"alert\" aria-relevant=\"additions\"><\/div><div class=\"woocommerce-variation-add-to-cart variations_button add-to-cart-action-bar\">\n\t\n\t<div class=\"quantity\">\n\t\t<label class=\"screen-reader-text\" for=\"quantity_69e1322d2bb17\">quantit\u00e9 de Comfort Pad<\/label>\n\t<input\n\t\ttype=\"number\"\n\t\t\t\tid=\"quantity_69e1322d2bb17\"\n\t\tclass=\"input-text qty text\"\n\t\tname=\"quantity\"\n\t\tvalue=\"1\"\n\t\taria-label=\"Quantit\u00e9 de produits\"\n\t\t\t\tmin=\"1\"\n\t\t\t\t\t\t\tstep=\"1\"\n\t\t\tplaceholder=\"\"\n\t\t\tinputmode=\"numeric\"\n\t\t\tautocomplete=\"off\"\n\t\t\t\/>\n\t<\/div>\n\n\t<button type=\"submit\" class=\"single_add_to_cart_button btn btn-xl btn--primary\">Ajouter au panier<\/button>\n\n\t<input type=\"hidden\" name=\"gtm4wp_product_data\" value=\"{&quot;internal_id&quot;:26413,&quot;item_id&quot;:26413,&quot;item_name&quot;:&quot;Comfort Pad&quot;,&quot;sku&quot;:26413,&quot;price&quot;:380,&quot;stocklevel&quot;:null,&quot;stockstatus&quot;:&quot;instock&quot;,&quot;google_business_vertical&quot;:&quot;retail&quot;,&quot;item_category&quot;:&quot;Accessoires&quot;,&quot;id&quot;:26413}\" \/>\n<button id=\"more-info-button\" type=\"button\" class=\"more-info-button btn btn-xl btn--gray \"><span>Besoin d\u2019aide?<\/span> <i class=\"fal fa-comments-alt\"><\/i><\/button>\n\t<input type=\"hidden\" name=\"add-to-cart\" value=\"26413\" \/>\n\t<input type=\"hidden\" name=\"product_id\" value=\"26413\" \/>\n\t<input type=\"hidden\" name=\"variation_id\" class=\"variation_id\" value=\"0\" \/>\n<\/div>\n\t\t<\/div>\n\t\n\t<\/div><\/form>\n\n\t\t\t\t\t\t<\/div>\n\t\t\t\t\t\t\t\t\t<\/div>\n\t\t\t<\/div>\n\t\t<\/section>\n\t<\/div>\n\t<\/div><\/div><\/div>\n<\/div><\/div>\n\n<div class=\"wp-block-stackable-spacer stk-block-spacer stk--no-padding stk-block stk-0a1dcbb\" data-block-id=\"0a1dcbb\" data-block-type=\"core\" data-block-type=\"core\"><style>.stk-0a1dcbb{height:150px !important}<\/style><\/div>\n","protected":false},"excerpt":{"rendered":"<p>Le coussin est sp\u00e9cialement con\u00e7u pour augmenter la ventilation entre le matelas et le fond de la tente. Cela permet \u00e0 l&rsquo;air d&rsquo;agir comme un isolant, minimisant la condensation et l&rsquo;accumulation d&rsquo;humidit\u00e9. <\/p>\n","protected":false},"featured_media":30945,"template":"","meta":[],"product_characteristics":[],"product_brand":[],"product_cat":[324],"product_tag":[417],"class_list":{"0":"post-26413","1":"product","2":"type-product","3":"status-publish","4":"has-post-thumbnail","6":"product_cat-accessoires","7":"product_tag-accessories-fr","8":"product_shipping_class-accessories-fr","10":"first","11":"instock","12":"taxable","13":"shipping-taxable","14":"purchasable","15":"product-type-variable","16":"has-default-attributes"},"acf":[],"_links":{"self":[{"href":"https:\/\/jamesbaroud.com\/fr\/wp-json\/wp\/v2\/product\/26413","targetHints":{"allow":["GET"]}}],"collection":[{"href":"https:\/\/jamesbaroud.com\/fr\/wp-json\/wp\/v2\/product"}],"about":[{"href":"https:\/\/jamesbaroud.com\/fr\/wp-json\/wp\/v2\/types\/product"}],"wp:featuredmedia":[{"embeddable":true,"href":"https:\/\/jamesbaroud.com\/fr\/wp-json\/wp\/v2\/media\/30945"}],"wp:attachment":[{"href":"https:\/\/jamesbaroud.com\/fr\/wp-json\/wp\/v2\/media?parent=26413"}],"wp:term":[{"taxonomy":"product_characteristics","embeddable":true,"href":"https:\/\/jamesbaroud.com\/fr\/wp-json\/wp\/v2\/product_characteristics?post=26413"},{"taxonomy":"product_brand","embeddable":true,"href":"https:\/\/jamesbaroud.com\/fr\/wp-json\/wp\/v2\/product_brand?post=26413"},{"taxonomy":"product_cat","embeddable":true,"href":"https:\/\/jamesbaroud.com\/fr\/wp-json\/wp\/v2\/product_cat?post=26413"},{"taxonomy":"product_tag","embeddable":true,"href":"https:\/\/jamesbaroud.com\/fr\/wp-json\/wp\/v2\/product_tag?post=26413"}],"curies":[{"name":"wp","href":"https:\/\/api.w.org\/{rel}","templated":true}]}}